{"id":620247,"date":"2018-11-30T14:47:00","date_gmt":"2018-11-30T13:47:00","guid":{"rendered":"https:\/\/www.thehookah.de\/produkt\/bowl-big-pimp\/"},"modified":"2018-11-30T14:47:00","modified_gmt":"2018-11-30T13:47:00","slug":"bowl-big-pimp","status":"publish","type":"product","link":"https:\/\/alt.thehookah.de\/fr\/produkt\/bowl-big-pimp\/","title":{"rendered":"Bowl &#8211; BIG PIMP"},"content":{"rendered":"<h2>BIG PIMP Bowl<\/h2>\n<p>avec syst\u00e8me \u00e0 clic anneau en acier inoxydable V2A (BIG MAMA\/ BIG PIMP)<\/p>\n<ul>\n<li>Mat\u00e9riau : verre de cristal &amp; acier inoxydable V2A<\/li>\n<li>Anneau avec syst\u00e8me \u00e0 clic<\/li>\n<\/ul>\n<p>&nbsp;<\/p>\n<pre>Hinweis: NUR kompatibel zu BIG MAMA &amp; BIG PIMP .<\/pre>\n","protected":false},"excerpt":{"rendered":"<p>BIG PIMP Bowl avec syst\u00e8me \u00e0 clic anneau en acier inoxydable V2A (BIG MAMA\/ BIG PIMP) Mat\u00e9riau : verre de cristal &amp; acier inoxydable V2A Anneau avec syst\u00e8me \u00e0 clic &nbsp; Hinweis: NUR kompatibel zu BIG MAMA &amp; BIG PIMP .<\/p>\n","protected":false},"featured_media":542345,"comment_status":"open","ping_status":"closed","template":"","meta":[],"product_cat":[310,355],"product_tag":[],"yoast_head":"<!-- This site is optimized with the Yoast SEO plugin v22.5 - https:\/\/yoast.com\/wordpress\/plugins\/seo\/ -->\n<title>Shisha Bowl BIG PIMP | avec syst\u00e8me clic Acier inoxydable V2A Anneau<\/title>\n<meta name=\"description\" content=\"Acheter Shisha Bowl BIG PIMP en ligne chez THE HOOKAH, ton magasin de shishas, narguil\u00e9s et accessoires, bols en verre cristal &amp; acier inoxydable V2A !\" \/>\n<meta name=\"robots\" content=\"index, follow, max-snippet:-1, max-image-preview:large, max-video-preview:-1\" \/>\n<link rel=\"canonical\" href=\"https:\/\/alt.thehookah.de\/fr\/produkt\/bowl-big-pimp\/\" \/>\n<meta property=\"og:locale\" content=\"fr_FR\" \/>\n<meta property=\"og:type\" content=\"article\" \/>\n<meta property=\"og:title\" content=\"Shisha Bowl BIG PIMP | avec syst\u00e8me clic Acier inoxydable V2A Anneau\" \/>\n<meta property=\"og:description\" content=\"Acheter Shisha Bowl BIG PIMP en ligne chez THE HOOKAH, ton magasin de shishas, narguil\u00e9s et accessoires, bols en verre cristal &amp; acier inoxydable V2A !\" \/>\n<meta property=\"og:url\" content=\"https:\/\/alt.thehookah.de\/fr\/produkt\/bowl-big-pimp\/\" \/>\n<meta property=\"og:site_name\" content=\"The Hookah\" \/>\n<meta property=\"og:image\" content=\"https:\/\/alt.thehookah.de\/wp-content\/uploads\/2018\/11\/big7-logo.jpg\" \/>\n\t<meta property=\"og:image:width\" content=\"2000\" \/>\n\t<meta property=\"og:image:height\" content=\"2000\" \/>\n\t<meta property=\"og:image:type\" content=\"image\/jpeg\" \/>\n<meta name=\"twitter:card\" content=\"summary_large_image\" \/>\n<meta name=\"twitter:label1\" content=\"Prix\" \/>\n\t<meta name=\"twitter:data1\" content=\"74,97&nbsp;&euro;\" \/>\n\t<meta name=\"twitter:label2\" content=\"Disponibilit\u00e9\" \/>\n\t<meta name=\"twitter:data2\" content=\"En stock\" \/>\n<script type=\"application\/ld+json\" class=\"yoast-schema-graph\">{\"@context\":\"https:\/\/schema.org\",\"@graph\":[{\"@type\":\"WebPage\",\"@id\":\"https:\/\/alt.thehookah.de\/fr\/produkt\/bowl-big-pimp\/\",\"url\":\"https:\/\/alt.thehookah.de\/fr\/produkt\/bowl-big-pimp\/\",\"name\":\"Shisha Bowl BIG PIMP | avec syst\u00e8me clic Acier inoxydable V2A Anneau\",\"isPartOf\":{\"@id\":\"https:\/\/alt.thehookah.de\/fr\/#website\"},\"primaryImageOfPage\":{\"@id\":\"https:\/\/alt.thehookah.de\/fr\/produkt\/bowl-big-pimp\/#primaryimage\"},\"image\":{\"@id\":\"https:\/\/alt.thehookah.de\/fr\/produkt\/bowl-big-pimp\/#primaryimage\"},\"thumbnailUrl\":\"https:\/\/alt.thehookah.de\/wp-content\/uploads\/2018\/11\/big7-logo.jpg\",\"datePublished\":\"2018-11-30T13:47:00+00:00\",\"dateModified\":\"2018-11-30T13:47:00+00:00\",\"description\":\"Acheter Shisha Bowl BIG PIMP en ligne chez THE HOOKAH, ton magasin de shishas, narguil\u00e9s et accessoires, bols en verre cristal & acier inoxydable V2A !\",\"breadcrumb\":{\"@id\":\"https:\/\/alt.thehookah.de\/fr\/produkt\/bowl-big-pimp\/#breadcrumb\"},\"inLanguage\":\"fr-FR\",\"potentialAction\":[{\"@type\":\"ReadAction\",\"target\":[\"https:\/\/alt.thehookah.de\/fr\/produkt\/bowl-big-pimp\/\"]}]},{\"@type\":\"ImageObject\",\"inLanguage\":\"fr-FR\",\"@id\":\"https:\/\/alt.thehookah.de\/fr\/produkt\/bowl-big-pimp\/#primaryimage\",\"url\":\"https:\/\/alt.thehookah.de\/wp-content\/uploads\/2018\/11\/big7-logo.jpg\",\"contentUrl\":\"https:\/\/alt.thehookah.de\/wp-content\/uploads\/2018\/11\/big7-logo.jpg\",\"width\":2000,\"height\":2000},{\"@type\":\"BreadcrumbList\",\"@id\":\"https:\/\/alt.thehookah.de\/fr\/produkt\/bowl-big-pimp\/#breadcrumb\",\"itemListElement\":[{\"@type\":\"ListItem\",\"position\":1,\"name\":\"Startseite\",\"item\":\"https:\/\/alt.thehookah.de\/fr\/\"},{\"@type\":\"ListItem\",\"position\":2,\"name\":\"Ta boutique en ligne HOOKAH\",\"item\":\"https:\/\/alt.thehookah.de\/fr\/ta-boutique-en-ligne-hookah\/\"},{\"@type\":\"ListItem\",\"position\":3,\"name\":\"Bowl &#8211; BIG PIMP\"}]},{\"@type\":\"WebSite\",\"@id\":\"https:\/\/alt.thehookah.de\/fr\/#website\",\"url\":\"https:\/\/alt.thehookah.de\/fr\/\",\"name\":\"The Hookah\",\"description\":\"\",\"publisher\":{\"@id\":\"https:\/\/alt.thehookah.de\/fr\/#organization\"},\"potentialAction\":[{\"@type\":\"SearchAction\",\"target\":{\"@type\":\"EntryPoint\",\"urlTemplate\":\"https:\/\/alt.thehookah.de\/fr\/?s={search_term_string}\"},\"query-input\":\"required name=search_term_string\"}],\"inLanguage\":\"fr-FR\"},{\"@type\":\"Organization\",\"@id\":\"https:\/\/alt.thehookah.de\/fr\/#organization\",\"name\":\"The Hookah\",\"url\":\"https:\/\/alt.thehookah.de\/fr\/\",\"logo\":{\"@type\":\"ImageObject\",\"inLanguage\":\"fr-FR\",\"@id\":\"https:\/\/alt.thehookah.de\/fr\/#\/schema\/logo\/image\/\",\"url\":\"https:\/\/alt.thehookah.de\/wp-content\/uploads\/2021\/02\/cropped-logo2.png\",\"contentUrl\":\"https:\/\/alt.thehookah.de\/wp-content\/uploads\/2021\/02\/cropped-logo2.png\",\"width\":300,\"height\":86,\"caption\":\"The Hookah\"},\"image\":{\"@id\":\"https:\/\/alt.thehookah.de\/fr\/#\/schema\/logo\/image\/\"}}]}<\/script>\n<meta property=\"product:price:amount\" content=\"74.97\" \/>\n<meta property=\"product:price:currency\" content=\"EUR\" \/>\n<meta property=\"og:availability\" content=\"instock\" \/>\n<meta property=\"product:availability\" content=\"instock\" \/>\n<meta property=\"product:retailer_item_id\" content=\"BOWL-PIMP1\" \/>\n<meta property=\"product:condition\" content=\"new\" \/>\n<!-- \/ Yoast SEO plugin. -->","yoast_head_json":{"title":"Shisha Bowl BIG PIMP | avec syst\u00e8me clic Acier inoxydable V2A Anneau","description":"Acheter Shisha Bowl BIG PIMP en ligne chez THE HOOKAH, ton magasin de shishas, narguil\u00e9s et accessoires, bols en verre cristal & acier inoxydable V2A !","robots":{"index":"index","follow":"follow","max-snippet":"max-snippet:-1","max-image-preview":"max-image-preview:large","max-video-preview":"max-video-preview:-1"},"canonical":"https:\/\/alt.thehookah.de\/fr\/produkt\/bowl-big-pimp\/","og_locale":"fr_FR","og_type":"article","og_title":"Shisha Bowl BIG PIMP | avec syst\u00e8me clic Acier inoxydable V2A Anneau","og_description":"Acheter Shisha Bowl BIG PIMP en ligne chez THE HOOKAH, ton magasin de shishas, narguil\u00e9s et accessoires, bols en verre cristal & acier inoxydable V2A !","og_url":"https:\/\/alt.thehookah.de\/fr\/produkt\/bowl-big-pimp\/","og_site_name":"The Hookah","og_image":[{"width":2000,"height":2000,"url":"https:\/\/alt.thehookah.de\/wp-content\/uploads\/2018\/11\/big7-logo.jpg","type":"image\/jpeg"}],"twitter_card":"summary_large_image","twitter_misc":{"Prix":"74,97&nbsp;&euro;","Disponibilit\u00e9":"En stock"},"schema":{"@context":"https:\/\/schema.org","@graph":[{"@type":"WebPage","@id":"https:\/\/alt.thehookah.de\/fr\/produkt\/bowl-big-pimp\/","url":"https:\/\/alt.thehookah.de\/fr\/produkt\/bowl-big-pimp\/","name":"Shisha Bowl BIG PIMP | avec syst\u00e8me clic Acier inoxydable V2A Anneau","isPartOf":{"@id":"https:\/\/alt.thehookah.de\/fr\/#website"},"primaryImageOfPage":{"@id":"https:\/\/alt.thehookah.de\/fr\/produkt\/bowl-big-pimp\/#primaryimage"},"image":{"@id":"https:\/\/alt.thehookah.de\/fr\/produkt\/bowl-big-pimp\/#primaryimage"},"thumbnailUrl":"https:\/\/alt.thehookah.de\/wp-content\/uploads\/2018\/11\/big7-logo.jpg","datePublished":"2018-11-30T13:47:00+00:00","dateModified":"2018-11-30T13:47:00+00:00","description":"Acheter Shisha Bowl BIG PIMP en ligne chez THE HOOKAH, ton magasin de shishas, narguil\u00e9s et accessoires, bols en verre cristal & acier inoxydable V2A !","breadcrumb":{"@id":"https:\/\/alt.thehookah.de\/fr\/produkt\/bowl-big-pimp\/#breadcrumb"},"inLanguage":"fr-FR","potentialAction":[{"@type":"ReadAction","target":["https:\/\/alt.thehookah.de\/fr\/produkt\/bowl-big-pimp\/"]}]},{"@type":"ImageObject","inLanguage":"fr-FR","@id":"https:\/\/alt.thehookah.de\/fr\/produkt\/bowl-big-pimp\/#primaryimage","url":"https:\/\/alt.thehookah.de\/wp-content\/uploads\/2018\/11\/big7-logo.jpg","contentUrl":"https:\/\/alt.thehookah.de\/wp-content\/uploads\/2018\/11\/big7-logo.jpg","width":2000,"height":2000},{"@type":"BreadcrumbList","@id":"https:\/\/alt.thehookah.de\/fr\/produkt\/bowl-big-pimp\/#breadcrumb","itemListElement":[{"@type":"ListItem","position":1,"name":"Startseite","item":"https:\/\/alt.thehookah.de\/fr\/"},{"@type":"ListItem","position":2,"name":"Ta boutique en ligne HOOKAH","item":"https:\/\/alt.thehookah.de\/fr\/ta-boutique-en-ligne-hookah\/"},{"@type":"ListItem","position":3,"name":"Bowl &#8211; BIG PIMP"}]},{"@type":"WebSite","@id":"https:\/\/alt.thehookah.de\/fr\/#website","url":"https:\/\/alt.thehookah.de\/fr\/","name":"The Hookah","description":"","publisher":{"@id":"https:\/\/alt.thehookah.de\/fr\/#organization"},"potentialAction":[{"@type":"SearchAction","target":{"@type":"EntryPoint","urlTemplate":"https:\/\/alt.thehookah.de\/fr\/?s={search_term_string}"},"query-input":"required name=search_term_string"}],"inLanguage":"fr-FR"},{"@type":"Organization","@id":"https:\/\/alt.thehookah.de\/fr\/#organization","name":"The Hookah","url":"https:\/\/alt.thehookah.de\/fr\/","logo":{"@type":"ImageObject","inLanguage":"fr-FR","@id":"https:\/\/alt.thehookah.de\/fr\/#\/schema\/logo\/image\/","url":"https:\/\/alt.thehookah.de\/wp-content\/uploads\/2021\/02\/cropped-logo2.png","contentUrl":"https:\/\/alt.thehookah.de\/wp-content\/uploads\/2021\/02\/cropped-logo2.png","width":300,"height":86,"caption":"The Hookah"},"image":{"@id":"https:\/\/alt.thehookah.de\/fr\/#\/schema\/logo\/image\/"}}]},"product_price_amount":"74.97","product_price_currency":"EUR","og_availability":"instock","product_availability":"instock","product_retailer_item_id":"BOWL-PIMP1","product_condition":"new"},"_links":{"self":[{"href":"https:\/\/alt.thehookah.de\/fr\/wp-json\/wp\/v2\/product\/620247"}],"collection":[{"href":"https:\/\/alt.thehookah.de\/fr\/wp-json\/wp\/v2\/product"}],"about":[{"href":"https:\/\/alt.thehookah.de\/fr\/wp-json\/wp\/v2\/types\/product"}],"replies":[{"embeddable":true,"href":"https:\/\/alt.thehookah.de\/fr\/wp-json\/wp\/v2\/comments?post=620247"}],"wp:featuredmedia":[{"embeddable":true,"href":"https:\/\/alt.thehookah.de\/fr\/wp-json\/wp\/v2\/media\/542345"}],"wp:attachment":[{"href":"https:\/\/alt.thehookah.de\/fr\/wp-json\/wp\/v2\/media?parent=620247"}],"wp:term":[{"taxonomy":"product_cat","embeddable":true,"href":"https:\/\/alt.thehookah.de\/fr\/wp-json\/wp\/v2\/product_cat?post=620247"},{"taxonomy":"product_tag","embeddable":true,"href":"https:\/\/alt.thehookah.de\/fr\/wp-json\/wp\/v2\/product_tag?post=620247"}],"curies":[{"name":"wp","href":"https:\/\/api.w.org\/{rel}","templated":true}]}}