{"id":620268,"date":"2018-11-21T19:49:11","date_gmt":"2018-11-21T18:49:11","guid":{"rendered":"https:\/\/www.thehookah.de\/produkt\/big-mama-y-compris-turbo-balls\/"},"modified":"2023-11-26T17:44:25","modified_gmt":"2023-11-26T16:44:25","slug":"big-mama-y-compris-turbo-balls","status":"publish","type":"product","link":"https:\/\/alt.thehookah.de\/fr\/produkt\/big-mama-y-compris-turbo-balls\/","title":{"rendered":"BIG MAMA y compris TURBO-BALLS"},"content":{"rendered":"<h2>BIG MAMA<\/h2>\n<h2><em>la maman de tous les THE HOOKAH &amp; est enfin arriv\u00e9e  <\/em><\/h2>\n<ul>\n<li><strong>BIG MAMA est une grande shisha, avec une belle colonne de fum\u00e9e  <\/strong><\/li>\n<li><strong>Beaucoup de courbes, arrondies dans un shisha clean look.<\/strong><\/li>\n<li><strong>Le design de BIG MAMA est en ligne de la t\u00eate au bol, rien n&#8217;a \u00e9t\u00e9 \u00e9pargn\u00e9 ici.<\/strong><\/li>\n<li><strong>Le pi\u00e8ge \u00e0 miettes sp\u00e9cialement con\u00e7u par BIG MAMA est la cerise sur le g\u00e2teau, typiquement THE HOOKAH like.<\/strong><\/li>\n<li><strong>La shisha \/ hookah \/ pipe \u00e0 eau pour la maison et les d\u00e9placements<\/strong><\/li>\n<\/ul>\n<div><strong>Gr\u00e2ce \u00e0 notre nouveau &amp; tube plongeur en plusieurs parties en V2A, avec diffuseur d\u00e9vissable,<\/strong><\/div>\n<div><strong>vous pouvez maintenant d\u00e9terminer vous-m\u00eame la r\u00e9ponse de votre THE HOOKAH.<\/strong><\/div>\n<div>Dans la version courte, un comportement plus direct et dans la version longue, un comportement un peu plus indirect.<\/div>\n<div>Dans tous les cas, le diam\u00e8tre est dimensionn\u00e9 de mani\u00e8re \u00e0 ce que rien n&#8217;emp\u00eache une traction brutale.<\/div>\n<h2>D\u00e9tails du produit<\/h2>\n<p><em><strong>BIG MAMA &#8211; colonne de fum\u00e9e compl\u00e8te<\/strong><\/em><\/p>\n<p><em>Hauteur totale (jusqu&#8217;au plateau de charbon en acier inoxydable bross\u00e9) env. 65 cm sans collecteur de molasse<br \/>\n<\/em><em>Hauteur totale (jusqu&#8217;au plateau en charbon de bois en acier inoxydable bross\u00e9) env. 70 cm avec pi\u00e8ge \u00e0 molasse<\/em><\/p>\n<p>&nbsp;<\/p>\n<ul>\n<li>Base en acier inoxydable V2A<\/li>\n<li><strong>Syst\u00e8me de clic \u00e0 chambre ferm\u00e9e<\/strong><\/li>\n<li>V2A acier inoxydable bross\u00e9 Plateau \u00e0 charbon 24cm<\/li>\n<li>BIG PIMP Bowl (verre en cristal)<\/li>\n<\/ul>\n<h2>Contenu de la livraison<\/h2>\n<ul>\n<li><strong>1 x V2A acier inoxydable Chapeau de chemin\u00e9e<\/strong><\/li>\n<li><strong>1 x t\u00eate de lecture cinq trous<\/strong><\/li>\n<li><strong>1 x plaque de charbon de verre (extr\u00eame)<\/strong><\/li>\n<li><strong>1 x adaptateur de rodage de t\u00eate 18\/8<\/strong><\/li>\n<li><strong>1 x BIG MAMA capteur de petit-lait en verre borosilicat\u00e9 18\/8<\/strong><\/li>\n<li><strong>1 x BIG MAMA colonne de fum\u00e9e en acier inoxydable V2A<\/strong><\/li>\n<li><strong>1 x BIG MAMA Base V2A acier inoxydable<\/strong><\/li>\n<li><strong>4 x adaptateurs de tuyaux 14\/5<\/strong><\/li>\n<li><strong>4 x embouts 14\/5<\/strong><\/li>\n<li><strong><strong>4 x THE HOOKAH Turbo Balls Boules \u00e0 valve en acier inoxydable<\/strong><\/strong><\/li>\n<li><strong>1 x tube plongeur en plusieurs parties V2A pouvant \u00eatre raccourci &amp; rallong\u00e9<\/strong><\/li>\n<li><strong>1 x diffuseur d\u00e9vissable<\/strong><\/li>\n<li><strong>1 x ressort de protection contre le pliage<\/strong><\/li>\n<li><strong>1 x tuyau en silicone noir mat<\/strong><\/li>\n<li><strong>1 x embout buccal &#8211; THE HOOKAH<\/strong><\/li>\n<li><strong>1 x pince<\/strong><\/li>\n<li><strong>1 x BIG MAMA Bowl<\/strong><\/li>\n<\/ul>\n","protected":false},"excerpt":{"rendered":"<p>BIG MAMA la maman de tous les THE HOOKAH &amp; est enfin arriv\u00e9e BIG MAMA est une grande shisha, avec une belle colonne de fum\u00e9e Beaucoup de courbes, arrondies dans un shisha clean look. Le design de BIG MAMA est en ligne de la t\u00eate au bol, rien n&#8217;a \u00e9t\u00e9 \u00e9pargn\u00e9 ici. Le pi\u00e8ge \u00e0 [&hellip;]<\/p>\n","protected":false},"featured_media":541269,"comment_status":"open","ping_status":"closed","template":"","meta":[],"product_cat":[321],"product_tag":[],"yoast_head":"<!-- This site is optimized with the Yoast SEO plugin v22.5 - https:\/\/yoast.com\/wordpress\/plugins\/seo\/ -->\n<title>BIG MAMA pipe \u00e0 eau, shisha | grande shisha avec colonne de fum\u00e9e<\/title>\n<meta name=\"description\" content=\"BIG MAMA est une grande shisha, avec une magnifique colonne de fum\u00e9e, design de la t\u00eate au bol, la shisha \/ hookah \/ narguil\u00e9 pour la maison et les d\u00e9placements !\" \/>\n<meta name=\"robots\" content=\"index, follow, max-snippet:-1, max-image-preview:large, max-video-preview:-1\" \/>\n<link rel=\"canonical\" href=\"https:\/\/alt.thehookah.de\/fr\/produkt\/big-mama-y-compris-turbo-balls\/\" \/>\n<meta property=\"og:locale\" content=\"fr_FR\" \/>\n<meta property=\"og:type\" content=\"article\" \/>\n<meta property=\"og:title\" content=\"BIG MAMA pipe \u00e0 eau, shisha | grande shisha avec colonne de fum\u00e9e\" \/>\n<meta property=\"og:description\" content=\"BIG MAMA est une grande shisha, avec une magnifique colonne de fum\u00e9e, design de la t\u00eate au bol, la shisha \/ hookah \/ narguil\u00e9 pour la maison et les d\u00e9placements !\" \/>\n<meta property=\"og:url\" content=\"https:\/\/alt.thehookah.de\/fr\/produkt\/big-mama-y-compris-turbo-balls\/\" \/>\n<meta property=\"og:site_name\" content=\"The Hookah\" \/>\n<meta property=\"article:modified_time\" content=\"2023-11-26T16:44:25+00:00\" \/>\n<meta property=\"og:image\" content=\"https:\/\/alt.thehookah.de\/wp-content\/uploads\/2018\/11\/BigMama1-2.jpg\" \/>\n\t<meta property=\"og:image:width\" content=\"2000\" \/>\n\t<meta property=\"og:image:height\" content=\"2001\" \/>\n\t<meta property=\"og:image:type\" content=\"image\/jpeg\" \/>\n<meta name=\"twitter:card\" content=\"summary_large_image\" \/>\n<meta name=\"twitter:label1\" content=\"Prix\" \/>\n\t<meta name=\"twitter:data1\" content=\"174,00&nbsp;&euro;\" \/>\n\t<meta name=\"twitter:label2\" content=\"Disponibilit\u00e9\" \/>\n\t<meta name=\"twitter:data2\" content=\"Rupture de stock\" \/>\n<script type=\"application\/ld+json\" class=\"yoast-schema-graph\">{\"@context\":\"https:\/\/schema.org\",\"@graph\":[{\"@type\":\"WebPage\",\"@id\":\"https:\/\/alt.thehookah.de\/fr\/produkt\/big-mama-y-compris-turbo-balls\/\",\"url\":\"https:\/\/alt.thehookah.de\/fr\/produkt\/big-mama-y-compris-turbo-balls\/\",\"name\":\"BIG MAMA pipe \u00e0 eau, shisha | grande shisha avec colonne de fum\u00e9e\",\"isPartOf\":{\"@id\":\"https:\/\/alt.thehookah.de\/fr\/#website\"},\"primaryImageOfPage\":{\"@id\":\"https:\/\/alt.thehookah.de\/fr\/produkt\/big-mama-y-compris-turbo-balls\/#primaryimage\"},\"image\":{\"@id\":\"https:\/\/alt.thehookah.de\/fr\/produkt\/big-mama-y-compris-turbo-balls\/#primaryimage\"},\"thumbnailUrl\":\"https:\/\/alt.thehookah.de\/wp-content\/uploads\/2018\/11\/BigMama1-2.jpg\",\"datePublished\":\"2018-11-21T18:49:11+00:00\",\"dateModified\":\"2023-11-26T16:44:25+00:00\",\"description\":\"BIG MAMA est une grande shisha, avec une magnifique colonne de fum\u00e9e, design de la t\u00eate au bol, la shisha \/ hookah \/ narguil\u00e9 pour la maison et les d\u00e9placements !\",\"breadcrumb\":{\"@id\":\"https:\/\/alt.thehookah.de\/fr\/produkt\/big-mama-y-compris-turbo-balls\/#breadcrumb\"},\"inLanguage\":\"fr-FR\",\"potentialAction\":[{\"@type\":\"ReadAction\",\"target\":[\"https:\/\/alt.thehookah.de\/fr\/produkt\/big-mama-y-compris-turbo-balls\/\"]}]},{\"@type\":\"ImageObject\",\"inLanguage\":\"fr-FR\",\"@id\":\"https:\/\/alt.thehookah.de\/fr\/produkt\/big-mama-y-compris-turbo-balls\/#primaryimage\",\"url\":\"https:\/\/alt.thehookah.de\/wp-content\/uploads\/2018\/11\/BigMama1-2.jpg\",\"contentUrl\":\"https:\/\/alt.thehookah.de\/wp-content\/uploads\/2018\/11\/BigMama1-2.jpg\",\"width\":2000,\"height\":2001},{\"@type\":\"BreadcrumbList\",\"@id\":\"https:\/\/alt.thehookah.de\/fr\/produkt\/big-mama-y-compris-turbo-balls\/#breadcrumb\",\"itemListElement\":[{\"@type\":\"ListItem\",\"position\":1,\"name\":\"Startseite\",\"item\":\"https:\/\/alt.thehookah.de\/fr\/\"},{\"@type\":\"ListItem\",\"position\":2,\"name\":\"Ta boutique en ligne HOOKAH\",\"item\":\"https:\/\/alt.thehookah.de\/fr\/ta-boutique-en-ligne-hookah\/\"},{\"@type\":\"ListItem\",\"position\":3,\"name\":\"BIG MAMA y compris TURBO-BALLS\"}]},{\"@type\":\"WebSite\",\"@id\":\"https:\/\/alt.thehookah.de\/fr\/#website\",\"url\":\"https:\/\/alt.thehookah.de\/fr\/\",\"name\":\"The Hookah\",\"description\":\"\",\"publisher\":{\"@id\":\"https:\/\/alt.thehookah.de\/fr\/#organization\"},\"potentialAction\":[{\"@type\":\"SearchAction\",\"target\":{\"@type\":\"EntryPoint\",\"urlTemplate\":\"https:\/\/alt.thehookah.de\/fr\/?s={search_term_string}\"},\"query-input\":\"required name=search_term_string\"}],\"inLanguage\":\"fr-FR\"},{\"@type\":\"Organization\",\"@id\":\"https:\/\/alt.thehookah.de\/fr\/#organization\",\"name\":\"The Hookah\",\"url\":\"https:\/\/alt.thehookah.de\/fr\/\",\"logo\":{\"@type\":\"ImageObject\",\"inLanguage\":\"fr-FR\",\"@id\":\"https:\/\/alt.thehookah.de\/fr\/#\/schema\/logo\/image\/\",\"url\":\"https:\/\/alt.thehookah.de\/wp-content\/uploads\/2021\/02\/cropped-logo2.png\",\"contentUrl\":\"https:\/\/alt.thehookah.de\/wp-content\/uploads\/2021\/02\/cropped-logo2.png\",\"width\":300,\"height\":86,\"caption\":\"The Hookah\"},\"image\":{\"@id\":\"https:\/\/alt.thehookah.de\/fr\/#\/schema\/logo\/image\/\"}}]}<\/script>\n<meta property=\"product:price:amount\" content=\"174.00\" \/>\n<meta property=\"product:price:currency\" content=\"EUR\" \/>\n<meta property=\"og:availability\" content=\"out of stock\" \/>\n<meta property=\"product:availability\" content=\"out of stock\" \/>\n<meta property=\"product:retailer_item_id\" content=\"HOOKAH-BIGM1-CR\" \/>\n<meta property=\"product:condition\" content=\"new\" \/>\n<!-- \/ Yoast SEO plugin. -->","yoast_head_json":{"title":"BIG MAMA pipe \u00e0 eau, shisha | grande shisha avec colonne de fum\u00e9e","description":"BIG MAMA est une grande shisha, avec une magnifique colonne de fum\u00e9e, design de la t\u00eate au bol, la shisha \/ hookah \/ narguil\u00e9 pour la maison et les d\u00e9placements !","robots":{"index":"index","follow":"follow","max-snippet":"max-snippet:-1","max-image-preview":"max-image-preview:large","max-video-preview":"max-video-preview:-1"},"canonical":"https:\/\/alt.thehookah.de\/fr\/produkt\/big-mama-y-compris-turbo-balls\/","og_locale":"fr_FR","og_type":"article","og_title":"BIG MAMA pipe \u00e0 eau, shisha | grande shisha avec colonne de fum\u00e9e","og_description":"BIG MAMA est une grande shisha, avec une magnifique colonne de fum\u00e9e, design de la t\u00eate au bol, la shisha \/ hookah \/ narguil\u00e9 pour la maison et les d\u00e9placements !","og_url":"https:\/\/alt.thehookah.de\/fr\/produkt\/big-mama-y-compris-turbo-balls\/","og_site_name":"The Hookah","article_modified_time":"2023-11-26T16:44:25+00:00","og_image":[{"width":2000,"height":2001,"url":"https:\/\/alt.thehookah.de\/wp-content\/uploads\/2018\/11\/BigMama1-2.jpg","type":"image\/jpeg"}],"twitter_card":"summary_large_image","twitter_misc":{"Prix":"174,00&nbsp;&euro;","Disponibilit\u00e9":"Rupture de stock"},"schema":{"@context":"https:\/\/schema.org","@graph":[{"@type":"WebPage","@id":"https:\/\/alt.thehookah.de\/fr\/produkt\/big-mama-y-compris-turbo-balls\/","url":"https:\/\/alt.thehookah.de\/fr\/produkt\/big-mama-y-compris-turbo-balls\/","name":"BIG MAMA pipe \u00e0 eau, shisha | grande shisha avec colonne de fum\u00e9e","isPartOf":{"@id":"https:\/\/alt.thehookah.de\/fr\/#website"},"primaryImageOfPage":{"@id":"https:\/\/alt.thehookah.de\/fr\/produkt\/big-mama-y-compris-turbo-balls\/#primaryimage"},"image":{"@id":"https:\/\/alt.thehookah.de\/fr\/produkt\/big-mama-y-compris-turbo-balls\/#primaryimage"},"thumbnailUrl":"https:\/\/alt.thehookah.de\/wp-content\/uploads\/2018\/11\/BigMama1-2.jpg","datePublished":"2018-11-21T18:49:11+00:00","dateModified":"2023-11-26T16:44:25+00:00","description":"BIG MAMA est une grande shisha, avec une magnifique colonne de fum\u00e9e, design de la t\u00eate au bol, la shisha \/ hookah \/ narguil\u00e9 pour la maison et les d\u00e9placements !","breadcrumb":{"@id":"https:\/\/alt.thehookah.de\/fr\/produkt\/big-mama-y-compris-turbo-balls\/#breadcrumb"},"inLanguage":"fr-FR","potentialAction":[{"@type":"ReadAction","target":["https:\/\/alt.thehookah.de\/fr\/produkt\/big-mama-y-compris-turbo-balls\/"]}]},{"@type":"ImageObject","inLanguage":"fr-FR","@id":"https:\/\/alt.thehookah.de\/fr\/produkt\/big-mama-y-compris-turbo-balls\/#primaryimage","url":"https:\/\/alt.thehookah.de\/wp-content\/uploads\/2018\/11\/BigMama1-2.jpg","contentUrl":"https:\/\/alt.thehookah.de\/wp-content\/uploads\/2018\/11\/BigMama1-2.jpg","width":2000,"height":2001},{"@type":"BreadcrumbList","@id":"https:\/\/alt.thehookah.de\/fr\/produkt\/big-mama-y-compris-turbo-balls\/#breadcrumb","itemListElement":[{"@type":"ListItem","position":1,"name":"Startseite","item":"https:\/\/alt.thehookah.de\/fr\/"},{"@type":"ListItem","position":2,"name":"Ta boutique en ligne HOOKAH","item":"https:\/\/alt.thehookah.de\/fr\/ta-boutique-en-ligne-hookah\/"},{"@type":"ListItem","position":3,"name":"BIG MAMA y compris TURBO-BALLS"}]},{"@type":"WebSite","@id":"https:\/\/alt.thehookah.de\/fr\/#website","url":"https:\/\/alt.thehookah.de\/fr\/","name":"The Hookah","description":"","publisher":{"@id":"https:\/\/alt.thehookah.de\/fr\/#organization"},"potentialAction":[{"@type":"SearchAction","target":{"@type":"EntryPoint","urlTemplate":"https:\/\/alt.thehookah.de\/fr\/?s={search_term_string}"},"query-input":"required name=search_term_string"}],"inLanguage":"fr-FR"},{"@type":"Organization","@id":"https:\/\/alt.thehookah.de\/fr\/#organization","name":"The Hookah","url":"https:\/\/alt.thehookah.de\/fr\/","logo":{"@type":"ImageObject","inLanguage":"fr-FR","@id":"https:\/\/alt.thehookah.de\/fr\/#\/schema\/logo\/image\/","url":"https:\/\/alt.thehookah.de\/wp-content\/uploads\/2021\/02\/cropped-logo2.png","contentUrl":"https:\/\/alt.thehookah.de\/wp-content\/uploads\/2021\/02\/cropped-logo2.png","width":300,"height":86,"caption":"The Hookah"},"image":{"@id":"https:\/\/alt.thehookah.de\/fr\/#\/schema\/logo\/image\/"}}]},"product_price_amount":"174.00","product_price_currency":"EUR","og_availability":"out of stock","product_availability":"out of stock","product_retailer_item_id":"HOOKAH-BIGM1-CR","product_condition":"new"},"_links":{"self":[{"href":"https:\/\/alt.thehookah.de\/fr\/wp-json\/wp\/v2\/product\/620268"}],"collection":[{"href":"https:\/\/alt.thehookah.de\/fr\/wp-json\/wp\/v2\/product"}],"about":[{"href":"https:\/\/alt.thehookah.de\/fr\/wp-json\/wp\/v2\/types\/product"}],"replies":[{"embeddable":true,"href":"https:\/\/alt.thehookah.de\/fr\/wp-json\/wp\/v2\/comments?post=620268"}],"wp:featuredmedia":[{"embeddable":true,"href":"https:\/\/alt.thehookah.de\/fr\/wp-json\/wp\/v2\/media\/541269"}],"wp:attachment":[{"href":"https:\/\/alt.thehookah.de\/fr\/wp-json\/wp\/v2\/media?parent=620268"}],"wp:term":[{"taxonomy":"product_cat","embeddable":true,"href":"https:\/\/alt.thehookah.de\/fr\/wp-json\/wp\/v2\/product_cat?post=620268"},{"taxonomy":"product_tag","embeddable":true,"href":"https:\/\/alt.thehookah.de\/fr\/wp-json\/wp\/v2\/product_tag?post=620268"}],"curies":[{"name":"wp","href":"https:\/\/api.w.org\/{rel}","templated":true}]}}