{"id":620301,"date":"2018-11-01T01:44:39","date_gmt":"2018-11-01T00:44:39","guid":{"rendered":"https:\/\/www.thehookah.de\/produkt\/tiger-wood-handcut-incl-turbo-balls\/"},"modified":"2023-11-26T17:45:45","modified_gmt":"2023-11-26T16:45:45","slug":"tiger-wood-handcut-incl-turbo-balls","status":"publish","type":"product","link":"https:\/\/alt.thehookah.de\/fr\/produkt\/tiger-wood-handcut-incl-turbo-balls\/","title":{"rendered":"TIGER WOOD Handcut incl. TURBO BALLS"},"content":{"rendered":"<h2>TIGER WOOD Handcut<\/h2>\n<h3>Avant, quand 100 Blancs poursuivaient un Noir, on appelait \u00e7a le Ku Klux Klan. Aujourd&#8217;hui, c&#8217;est le golf. -Tiger Woods<\/h3>\n<p>&nbsp;<\/p>\n<p><strong>Le joyau de The Hookah Family,<\/strong><\/p>\n<p><strong>Pour cette shisha, nous n&#8217;avons pas l\u00e9sin\u00e9 sur les moyens, le paquet comprend le nouvel embout en bois <\/strong><strong>adapt\u00e9 au design de la colonne de fum\u00e9e et un tuyau en silicone robuste en cuir v\u00e9ritable noir enti\u00e8rement recouvert d&#8217;un rev\u00eatement cousu \u00e0 la main. <\/strong> <\/p>\n<h3><strong>Pour l&#8217;entretien, nous recommandons l&#8217;huile Ballistol&#8230; (pas d&#8217;EAU) de garder les \u00e9l\u00e9ments en bois toujours secs et de les entretenir r\u00e9guli\u00e8rement avec des produits d&#8217;entretien du bois.  <\/strong><\/h3>\n<h3>Colonne de fum\u00e9e d\u00e9montable pour le nettoyage.<\/h3>\n<p>Hauteur totale (jusqu&#8217;au plateau de charbon ) env. 63 cm<\/p>\n<ul>\n<li>Base en acier inoxydable V2A int\u00e9rieur &amp; ext\u00e9rieur rev\u00eatu de bois<\/li>\n<li>Closed Chamber \/ filetage grossier<\/li>\n<li>Acier inoxydable V2A Plateau de charbon 24cm<\/li>\n<li>TIGER WOOD Handcut Bowl (verre en cristal)<\/li>\n<\/ul>\n<div><strong>Gr\u00e2ce \u00e0 notre nouveau &amp; tube plongeur en plusieurs parties en V2A, avec diffuseur d\u00e9vissable,<\/strong><\/div>\n<div><strong>vous pouvez maintenant d\u00e9terminer vous-m\u00eame la r\u00e9ponse de votre THE HOOKAH.<\/strong><\/div>\n<div>Dans la version courte, un comportement plus direct et dans la version longue, un comportement un peu plus indirect.<\/div>\n<div>Dans tous les cas, le diam\u00e8tre est dimensionn\u00e9 de mani\u00e8re \u00e0 ce que rien n&#8217;emp\u00eache une traction brutale.<\/div>\n<div><\/div>\n<h2>D\u00e9tails du produit<\/h2>\n<div style=\"position: relative; padding-top: 56.25%;\"><iframe style=\"position: absolute; top: 0; left: 0; width: 100%; height: 100%;\" src=\"https:\/\/www.youtube-nocookie.com\/embed\/F-PmmbSGN4M\" frameborder=\"0\" allowfullscreen=\"allowfullscreen\"><\/iframe><\/div>\n<p>&nbsp;<\/p>\n<h2>Contenu de la livraison<\/h2>\n<ul>\n<li>1 x acier inoxydable V2A plateau \u00e0 charbon bross\u00e9<\/li>\n<li>1 x adaptateur de rodage de t\u00eate 18\/8<\/li>\n<li>1 x TIGER WOOD colonne de fum\u00e9e V2A acier inoxydable int\u00e9rieur et ext\u00e9rieur habill\u00e9 de bois<\/li>\n<li>1 x TIGER WOOD Base V2A acier inoxydable int\u00e9rieur et ext\u00e9rieur habill\u00e9 de bois<\/li>\n<li>4 x manchons avec six pans creux<\/li>\n<li>4 x adaptateurs de tuyau The Hookah sp\u00e9cial avec clic<\/li>\n<li>4 x adaptateurs de tuyaux<\/li>\n<li>1 x ressort de protection contre le pliage<\/li>\n<li>4 x <span style=\"font-family: arial, helvetica, sans-serif; font-size: 10pt; color: #000000;\"><strong>THE HOOKAH Turbo Balls Boules \u00e0 valve en acier inoxydable<\/strong><\/span> <\/li>\n<li>1 x tube plongeur en plusieurs parties V2A pouvant \u00eatre raccourci &amp; rallong\u00e9<\/li>\n<li>1 x diffuseur d\u00e9vissable<\/li>\n<li>1 x tuyau en silicone gain\u00e9 de cuir v\u00e9ritable<\/li>\n<li>1 x embout buccal en bois Tiger Wood &#8211; acier inoxydable V2A int\u00e9rieur et ext\u00e9rieur bois<\/li>\n<li>1 x TIGER WOOD Handcut Bowl en verre cristallin<\/li>\n<li>  verre en cristal souffl\u00e9 \u00e0 la bouche Bowl ensuite taill\u00e9 et poli \u00e0 la main.<\/li>\n<\/ul>\n","protected":false},"excerpt":{"rendered":"<p>TIGER WOOD Handcut Avant, quand 100 Blancs poursuivaient un Noir, on appelait \u00e7a le Ku Klux Klan. Aujourd&#8217;hui, c&#8217;est le golf. -Tiger Woods &nbsp; Le joyau de The Hookah Family, Pour cette shisha, nous n&#8217;avons pas l\u00e9sin\u00e9 sur les moyens, le paquet comprend le nouvel embout en bois adapt\u00e9 au design de la colonne de [&hellip;]<\/p>\n","protected":false},"featured_media":540351,"comment_status":"open","ping_status":"closed","template":"","meta":[],"product_cat":[314,321,323],"product_tag":[387,395,392,391,390,394,393],"yoast_head":"<!-- This site is optimized with the Yoast SEO plugin v22.5 - https:\/\/yoast.com\/wordpress\/plugins\/seo\/ -->\n<title>TIGER WOOD Shisha\/pipe \u00e0 eau | le bijou<\/title>\n<meta name=\"description\" content=\"TIGER WOOD Shisha\/pipe \u00e0 eau - Le bijou de la famille Hookah, nous n&#039;avons pas l\u00e9sin\u00e9 sur les moyens pour cette shisha, d\u00e9couvrez-la maintenant dans le Shisha Shop !\" \/>\n<meta name=\"robots\" content=\"index, follow, max-snippet:-1, max-image-preview:large, max-video-preview:-1\" \/>\n<link rel=\"canonical\" href=\"https:\/\/alt.thehookah.de\/fr\/produkt\/tiger-wood-handcut-incl-turbo-balls\/\" \/>\n<meta property=\"og:locale\" content=\"fr_FR\" \/>\n<meta property=\"og:type\" content=\"article\" \/>\n<meta property=\"og:title\" content=\"TIGER WOOD Shisha\/pipe \u00e0 eau | le bijou\" \/>\n<meta property=\"og:description\" content=\"TIGER WOOD Shisha\/pipe \u00e0 eau - Le bijou de la famille Hookah, nous n&#039;avons pas l\u00e9sin\u00e9 sur les moyens pour cette shisha, d\u00e9couvrez-la maintenant dans le Shisha Shop !\" \/>\n<meta property=\"og:url\" content=\"https:\/\/alt.thehookah.de\/fr\/produkt\/tiger-wood-handcut-incl-turbo-balls\/\" \/>\n<meta property=\"og:site_name\" content=\"The Hookah\" \/>\n<meta property=\"article:modified_time\" content=\"2023-11-26T16:45:45+00:00\" \/>\n<meta property=\"og:image\" content=\"https:\/\/alt.thehookah.de\/wp-content\/uploads\/2018\/11\/thehookah-tigerwood-1.jpg\" \/>\n\t<meta property=\"og:image:width\" content=\"2000\" \/>\n\t<meta property=\"og:image:height\" content=\"2000\" \/>\n\t<meta property=\"og:image:type\" content=\"image\/jpeg\" \/>\n<meta name=\"twitter:card\" content=\"summary_large_image\" \/>\n<meta name=\"twitter:label1\" content=\"Prix\" \/>\n\t<meta name=\"twitter:data1\" content=\"299,91&nbsp;&euro;\" \/>\n\t<meta name=\"twitter:label2\" content=\"Disponibilit\u00e9\" \/>\n\t<meta name=\"twitter:data2\" content=\"Rupture de stock\" \/>\n<script type=\"application\/ld+json\" class=\"yoast-schema-graph\">{\"@context\":\"https:\/\/schema.org\",\"@graph\":[{\"@type\":\"WebPage\",\"@id\":\"https:\/\/alt.thehookah.de\/fr\/produkt\/tiger-wood-handcut-incl-turbo-balls\/\",\"url\":\"https:\/\/alt.thehookah.de\/fr\/produkt\/tiger-wood-handcut-incl-turbo-balls\/\",\"name\":\"TIGER WOOD Shisha\/pipe \u00e0 eau | le bijou\",\"isPartOf\":{\"@id\":\"https:\/\/alt.thehookah.de\/fr\/#website\"},\"primaryImageOfPage\":{\"@id\":\"https:\/\/alt.thehookah.de\/fr\/produkt\/tiger-wood-handcut-incl-turbo-balls\/#primaryimage\"},\"image\":{\"@id\":\"https:\/\/alt.thehookah.de\/fr\/produkt\/tiger-wood-handcut-incl-turbo-balls\/#primaryimage\"},\"thumbnailUrl\":\"https:\/\/alt.thehookah.de\/wp-content\/uploads\/2018\/11\/thehookah-tigerwood-1.jpg\",\"datePublished\":\"2018-11-01T00:44:39+00:00\",\"dateModified\":\"2023-11-26T16:45:45+00:00\",\"description\":\"TIGER WOOD Shisha\/pipe \u00e0 eau - Le bijou de la famille Hookah, nous n'avons pas l\u00e9sin\u00e9 sur les moyens pour cette shisha, d\u00e9couvrez-la maintenant dans le Shisha Shop !\",\"breadcrumb\":{\"@id\":\"https:\/\/alt.thehookah.de\/fr\/produkt\/tiger-wood-handcut-incl-turbo-balls\/#breadcrumb\"},\"inLanguage\":\"fr-FR\",\"potentialAction\":[{\"@type\":\"ReadAction\",\"target\":[\"https:\/\/alt.thehookah.de\/fr\/produkt\/tiger-wood-handcut-incl-turbo-balls\/\"]}]},{\"@type\":\"ImageObject\",\"inLanguage\":\"fr-FR\",\"@id\":\"https:\/\/alt.thehookah.de\/fr\/produkt\/tiger-wood-handcut-incl-turbo-balls\/#primaryimage\",\"url\":\"https:\/\/alt.thehookah.de\/wp-content\/uploads\/2018\/11\/thehookah-tigerwood-1.jpg\",\"contentUrl\":\"https:\/\/alt.thehookah.de\/wp-content\/uploads\/2018\/11\/thehookah-tigerwood-1.jpg\",\"width\":2000,\"height\":2000,\"caption\":\"TIGER WOOD pipe \u00e0 eau en bois - THE HOOKAH\"},{\"@type\":\"BreadcrumbList\",\"@id\":\"https:\/\/alt.thehookah.de\/fr\/produkt\/tiger-wood-handcut-incl-turbo-balls\/#breadcrumb\",\"itemListElement\":[{\"@type\":\"ListItem\",\"position\":1,\"name\":\"Startseite\",\"item\":\"https:\/\/alt.thehookah.de\/fr\/\"},{\"@type\":\"ListItem\",\"position\":2,\"name\":\"Ta boutique en ligne HOOKAH\",\"item\":\"https:\/\/alt.thehookah.de\/fr\/ta-boutique-en-ligne-hookah\/\"},{\"@type\":\"ListItem\",\"position\":3,\"name\":\"TIGER WOOD Handcut incl. TURBO BALLS\"}]},{\"@type\":\"WebSite\",\"@id\":\"https:\/\/alt.thehookah.de\/fr\/#website\",\"url\":\"https:\/\/alt.thehookah.de\/fr\/\",\"name\":\"The Hookah\",\"description\":\"\",\"publisher\":{\"@id\":\"https:\/\/alt.thehookah.de\/fr\/#organization\"},\"potentialAction\":[{\"@type\":\"SearchAction\",\"target\":{\"@type\":\"EntryPoint\",\"urlTemplate\":\"https:\/\/alt.thehookah.de\/fr\/?s={search_term_string}\"},\"query-input\":\"required name=search_term_string\"}],\"inLanguage\":\"fr-FR\"},{\"@type\":\"Organization\",\"@id\":\"https:\/\/alt.thehookah.de\/fr\/#organization\",\"name\":\"The Hookah\",\"url\":\"https:\/\/alt.thehookah.de\/fr\/\",\"logo\":{\"@type\":\"ImageObject\",\"inLanguage\":\"fr-FR\",\"@id\":\"https:\/\/alt.thehookah.de\/fr\/#\/schema\/logo\/image\/\",\"url\":\"https:\/\/alt.thehookah.de\/wp-content\/uploads\/2021\/02\/cropped-logo2.png\",\"contentUrl\":\"https:\/\/alt.thehookah.de\/wp-content\/uploads\/2021\/02\/cropped-logo2.png\",\"width\":300,\"height\":86,\"caption\":\"The Hookah\"},\"image\":{\"@id\":\"https:\/\/alt.thehookah.de\/fr\/#\/schema\/logo\/image\/\"}}]}<\/script>\n<meta property=\"product:price:amount\" content=\"299.91\" \/>\n<meta property=\"product:price:currency\" content=\"EUR\" \/>\n<meta property=\"og:availability\" content=\"out of stock\" \/>\n<meta property=\"product:availability\" content=\"out of stock\" \/>\n<meta property=\"product:retailer_item_id\" content=\"HOOKAH-TGR-1\" \/>\n<meta property=\"product:condition\" content=\"new\" \/>\n<!-- \/ Yoast SEO plugin. -->","yoast_head_json":{"title":"TIGER WOOD Shisha\/pipe \u00e0 eau | le bijou","description":"TIGER WOOD Shisha\/pipe \u00e0 eau - Le bijou de la famille Hookah, nous n'avons pas l\u00e9sin\u00e9 sur les moyens pour cette shisha, d\u00e9couvrez-la maintenant dans le Shisha Shop !","robots":{"index":"index","follow":"follow","max-snippet":"max-snippet:-1","max-image-preview":"max-image-preview:large","max-video-preview":"max-video-preview:-1"},"canonical":"https:\/\/alt.thehookah.de\/fr\/produkt\/tiger-wood-handcut-incl-turbo-balls\/","og_locale":"fr_FR","og_type":"article","og_title":"TIGER WOOD Shisha\/pipe \u00e0 eau | le bijou","og_description":"TIGER WOOD Shisha\/pipe \u00e0 eau - Le bijou de la famille Hookah, nous n'avons pas l\u00e9sin\u00e9 sur les moyens pour cette shisha, d\u00e9couvrez-la maintenant dans le Shisha Shop !","og_url":"https:\/\/alt.thehookah.de\/fr\/produkt\/tiger-wood-handcut-incl-turbo-balls\/","og_site_name":"The Hookah","article_modified_time":"2023-11-26T16:45:45+00:00","og_image":[{"width":2000,"height":2000,"url":"https:\/\/alt.thehookah.de\/wp-content\/uploads\/2018\/11\/thehookah-tigerwood-1.jpg","type":"image\/jpeg"}],"twitter_card":"summary_large_image","twitter_misc":{"Prix":"299,91&nbsp;&euro;","Disponibilit\u00e9":"Rupture de stock"},"schema":{"@context":"https:\/\/schema.org","@graph":[{"@type":"WebPage","@id":"https:\/\/alt.thehookah.de\/fr\/produkt\/tiger-wood-handcut-incl-turbo-balls\/","url":"https:\/\/alt.thehookah.de\/fr\/produkt\/tiger-wood-handcut-incl-turbo-balls\/","name":"TIGER WOOD Shisha\/pipe \u00e0 eau | le bijou","isPartOf":{"@id":"https:\/\/alt.thehookah.de\/fr\/#website"},"primaryImageOfPage":{"@id":"https:\/\/alt.thehookah.de\/fr\/produkt\/tiger-wood-handcut-incl-turbo-balls\/#primaryimage"},"image":{"@id":"https:\/\/alt.thehookah.de\/fr\/produkt\/tiger-wood-handcut-incl-turbo-balls\/#primaryimage"},"thumbnailUrl":"https:\/\/alt.thehookah.de\/wp-content\/uploads\/2018\/11\/thehookah-tigerwood-1.jpg","datePublished":"2018-11-01T00:44:39+00:00","dateModified":"2023-11-26T16:45:45+00:00","description":"TIGER WOOD Shisha\/pipe \u00e0 eau - Le bijou de la famille Hookah, nous n'avons pas l\u00e9sin\u00e9 sur les moyens pour cette shisha, d\u00e9couvrez-la maintenant dans le Shisha Shop !","breadcrumb":{"@id":"https:\/\/alt.thehookah.de\/fr\/produkt\/tiger-wood-handcut-incl-turbo-balls\/#breadcrumb"},"inLanguage":"fr-FR","potentialAction":[{"@type":"ReadAction","target":["https:\/\/alt.thehookah.de\/fr\/produkt\/tiger-wood-handcut-incl-turbo-balls\/"]}]},{"@type":"ImageObject","inLanguage":"fr-FR","@id":"https:\/\/alt.thehookah.de\/fr\/produkt\/tiger-wood-handcut-incl-turbo-balls\/#primaryimage","url":"https:\/\/alt.thehookah.de\/wp-content\/uploads\/2018\/11\/thehookah-tigerwood-1.jpg","contentUrl":"https:\/\/alt.thehookah.de\/wp-content\/uploads\/2018\/11\/thehookah-tigerwood-1.jpg","width":2000,"height":2000,"caption":"TIGER WOOD pipe \u00e0 eau en bois - THE HOOKAH"},{"@type":"BreadcrumbList","@id":"https:\/\/alt.thehookah.de\/fr\/produkt\/tiger-wood-handcut-incl-turbo-balls\/#breadcrumb","itemListElement":[{"@type":"ListItem","position":1,"name":"Startseite","item":"https:\/\/alt.thehookah.de\/fr\/"},{"@type":"ListItem","position":2,"name":"Ta boutique en ligne HOOKAH","item":"https:\/\/alt.thehookah.de\/fr\/ta-boutique-en-ligne-hookah\/"},{"@type":"ListItem","position":3,"name":"TIGER WOOD Handcut incl. TURBO BALLS"}]},{"@type":"WebSite","@id":"https:\/\/alt.thehookah.de\/fr\/#website","url":"https:\/\/alt.thehookah.de\/fr\/","name":"The Hookah","description":"","publisher":{"@id":"https:\/\/alt.thehookah.de\/fr\/#organization"},"potentialAction":[{"@type":"SearchAction","target":{"@type":"EntryPoint","urlTemplate":"https:\/\/alt.thehookah.de\/fr\/?s={search_term_string}"},"query-input":"required name=search_term_string"}],"inLanguage":"fr-FR"},{"@type":"Organization","@id":"https:\/\/alt.thehookah.de\/fr\/#organization","name":"The Hookah","url":"https:\/\/alt.thehookah.de\/fr\/","logo":{"@type":"ImageObject","inLanguage":"fr-FR","@id":"https:\/\/alt.thehookah.de\/fr\/#\/schema\/logo\/image\/","url":"https:\/\/alt.thehookah.de\/wp-content\/uploads\/2021\/02\/cropped-logo2.png","contentUrl":"https:\/\/alt.thehookah.de\/wp-content\/uploads\/2021\/02\/cropped-logo2.png","width":300,"height":86,"caption":"The Hookah"},"image":{"@id":"https:\/\/alt.thehookah.de\/fr\/#\/schema\/logo\/image\/"}}]},"product_price_amount":"299.91","product_price_currency":"EUR","og_availability":"out of stock","product_availability":"out of stock","product_retailer_item_id":"HOOKAH-TGR-1","product_condition":"new"},"_links":{"self":[{"href":"https:\/\/alt.thehookah.de\/fr\/wp-json\/wp\/v2\/product\/620301"}],"collection":[{"href":"https:\/\/alt.thehookah.de\/fr\/wp-json\/wp\/v2\/product"}],"about":[{"href":"https:\/\/alt.thehookah.de\/fr\/wp-json\/wp\/v2\/types\/product"}],"replies":[{"embeddable":true,"href":"https:\/\/alt.thehookah.de\/fr\/wp-json\/wp\/v2\/comments?post=620301"}],"wp:featuredmedia":[{"embeddable":true,"href":"https:\/\/alt.thehookah.de\/fr\/wp-json\/wp\/v2\/media\/540351"}],"wp:attachment":[{"href":"https:\/\/alt.thehookah.de\/fr\/wp-json\/wp\/v2\/media?parent=620301"}],"wp:term":[{"taxonomy":"product_cat","embeddable":true,"href":"https:\/\/alt.thehookah.de\/fr\/wp-json\/wp\/v2\/product_cat?post=620301"},{"taxonomy":"product_tag","embeddable":true,"href":"https:\/\/alt.thehookah.de\/fr\/wp-json\/wp\/v2\/product_tag?post=620301"}],"curies":[{"name":"wp","href":"https:\/\/api.w.org\/{rel}","templated":true}]}}