{"id":620311,"date":"2018-10-30T11:00:06","date_gmt":"2018-10-30T10:00:06","guid":{"rendered":"https:\/\/www.thehookah.de\/produkt\/dessous-de-verre-a-led-rainbowl-light\/"},"modified":"2018-10-30T11:00:06","modified_gmt":"2018-10-30T10:00:06","slug":"dessous-de-verre-a-led-rainbowl-light","status":"publish","type":"product","link":"https:\/\/alt.thehookah.de\/fr\/produkt\/dessous-de-verre-a-led-rainbowl-light\/","title":{"rendered":"Dessous de verre \u00e0 LED RAINBOWL LIGHT"},"content":{"rendered":"<h2>THE HOOKAH &#8211; RAINBOWL LIGHT<\/h2>\n<p>Dessous de verre LED &#8211; diam\u00e8tre env. 20cm.<br \/>\n<img loading=\"lazy\" decoding=\"async\" class=\"alignright size-full wp-image-48767\" src=\"https:\/\/www.thehookah.de\/wp-content\/uploads\/2018\/10\/rainbowl-light-led-untersetzer-ani-low.gif\" alt=\"Rainbowl Light Dessous de verre \u00e0 LED - THE HOOKAH\" width=\"300\" height=\"300\"><\/p>\n<h2>D\u00e9tails<\/h2>\n<ul>\n<li>diam\u00e8tre d&#8217;environ 20cm<\/li>\n<li>4 modes de changement<\/li>\n<li>16 Couleurs \u00e9clatantes<\/li>\n<li>Luminosit\u00e9 r\u00e9glable<\/li>\n<li>Le dessous-de-plat LED est \u00e9quip\u00e9 de 3 bandes antid\u00e9rapantes<\/li>\n<li>Alimentation par 3 piles AA ou l&#8217;adaptateur secteur fourni<\/li>\n<\/ul>\n<h2>Contenu de la livraison<\/h2>\n<ul>\n<li>incl. C\u00e2ble de chargement USB<\/li>\n<li>incl. T\u00e9l\u00e9commande<\/li>\n<li>incl. Adaptateur secteur<\/li>\n<\/ul>\n<pre>Hinweis: Die abgebildete Bowl geh\u00f6rt nicht zum Lieferumfang.\n<\/pre>\n","protected":false},"excerpt":{"rendered":"<p>THE HOOKAH &#8211; RAINBOWL LIGHT Dessous de verre LED &#8211; diam\u00e8tre env. 20cm. D\u00e9tails diam\u00e8tre d&#8217;environ 20cm 4 modes de changement 16 Couleurs \u00e9clatantes Luminosit\u00e9 r\u00e9glable Le dessous-de-plat LED est \u00e9quip\u00e9 de 3 bandes antid\u00e9rapantes Alimentation par 3 piles AA ou l&#8217;adaptateur secteur fourni Contenu de la livraison incl. C\u00e2ble de chargement USB incl. T\u00e9l\u00e9commande [&hellip;]<\/p>\n","protected":false},"featured_media":540097,"comment_status":"open","ping_status":"closed","template":"","meta":[],"product_cat":[310,347],"product_tag":[409,408,411,410,372],"yoast_head":"<!-- This site is optimized with the Yoast SEO plugin v22.5 - https:\/\/yoast.com\/wordpress\/plugins\/seo\/ -->\n<title>Shisha Rainbow Light | Dessous de verre \u00e0 LED pour ton narguil\u00e9<\/title>\n<meta name=\"description\" content=\"Shisha Rainbow Light : Dessous de verre \u00e0 LED - diam\u00e8tre environ 20cm, 4 modes de changement, 16 couleurs rayonnantes, luminosit\u00e9 r\u00e9glable, ici dans la boutique Shisha !\" \/>\n<meta name=\"robots\" content=\"index, follow, max-snippet:-1, max-image-preview:large, max-video-preview:-1\" \/>\n<link rel=\"canonical\" href=\"https:\/\/alt.thehookah.de\/fr\/produkt\/dessous-de-verre-a-led-rainbowl-light\/\" \/>\n<meta property=\"og:locale\" content=\"fr_FR\" \/>\n<meta property=\"og:type\" content=\"article\" \/>\n<meta property=\"og:title\" content=\"Shisha Rainbow Light | Dessous de verre \u00e0 LED pour ton narguil\u00e9\" \/>\n<meta property=\"og:description\" content=\"Shisha Rainbow Light : Dessous de verre \u00e0 LED - diam\u00e8tre environ 20cm, 4 modes de changement, 16 couleurs rayonnantes, luminosit\u00e9 r\u00e9glable, ici dans la boutique Shisha !\" \/>\n<meta property=\"og:url\" content=\"https:\/\/alt.thehookah.de\/fr\/produkt\/dessous-de-verre-a-led-rainbowl-light\/\" \/>\n<meta property=\"og:site_name\" content=\"The Hookah\" \/>\n<meta property=\"og:image\" content=\"https:\/\/alt.thehookah.de\/wp-content\/uploads\/2018\/10\/rainbowl-light-led-untersetzer-10.jpg\" \/>\n\t<meta property=\"og:image:width\" content=\"2000\" \/>\n\t<meta property=\"og:image:height\" content=\"2000\" \/>\n\t<meta property=\"og:image:type\" content=\"image\/jpeg\" \/>\n<meta name=\"twitter:card\" content=\"summary_large_image\" \/>\n<meta name=\"twitter:label1\" content=\"Prix\" \/>\n\t<meta name=\"twitter:data1\" content=\"24,99&nbsp;&euro;\" \/>\n\t<meta name=\"twitter:label2\" content=\"Disponibilit\u00e9\" \/>\n\t<meta name=\"twitter:data2\" content=\"En stock\" \/>\n<script type=\"application\/ld+json\" class=\"yoast-schema-graph\">{\"@context\":\"https:\/\/schema.org\",\"@graph\":[{\"@type\":\"WebPage\",\"@id\":\"https:\/\/alt.thehookah.de\/fr\/produkt\/dessous-de-verre-a-led-rainbowl-light\/\",\"url\":\"https:\/\/alt.thehookah.de\/fr\/produkt\/dessous-de-verre-a-led-rainbowl-light\/\",\"name\":\"Shisha Rainbow Light | Dessous de verre \u00e0 LED pour ton narguil\u00e9\",\"isPartOf\":{\"@id\":\"https:\/\/alt.thehookah.de\/fr\/#website\"},\"primaryImageOfPage\":{\"@id\":\"https:\/\/alt.thehookah.de\/fr\/produkt\/dessous-de-verre-a-led-rainbowl-light\/#primaryimage\"},\"image\":{\"@id\":\"https:\/\/alt.thehookah.de\/fr\/produkt\/dessous-de-verre-a-led-rainbowl-light\/#primaryimage\"},\"thumbnailUrl\":\"https:\/\/alt.thehookah.de\/wp-content\/uploads\/2018\/10\/rainbowl-light-led-untersetzer-10.jpg\",\"datePublished\":\"2018-10-30T10:00:06+00:00\",\"dateModified\":\"2018-10-30T10:00:06+00:00\",\"description\":\"Shisha Rainbow Light : Dessous de verre \u00e0 LED - diam\u00e8tre environ 20cm, 4 modes de changement, 16 couleurs rayonnantes, luminosit\u00e9 r\u00e9glable, ici dans la boutique Shisha !\",\"breadcrumb\":{\"@id\":\"https:\/\/alt.thehookah.de\/fr\/produkt\/dessous-de-verre-a-led-rainbowl-light\/#breadcrumb\"},\"inLanguage\":\"fr-FR\",\"potentialAction\":[{\"@type\":\"ReadAction\",\"target\":[\"https:\/\/alt.thehookah.de\/fr\/produkt\/dessous-de-verre-a-led-rainbowl-light\/\"]}]},{\"@type\":\"ImageObject\",\"inLanguage\":\"fr-FR\",\"@id\":\"https:\/\/alt.thehookah.de\/fr\/produkt\/dessous-de-verre-a-led-rainbowl-light\/#primaryimage\",\"url\":\"https:\/\/alt.thehookah.de\/wp-content\/uploads\/2018\/10\/rainbowl-light-led-untersetzer-10.jpg\",\"contentUrl\":\"https:\/\/alt.thehookah.de\/wp-content\/uploads\/2018\/10\/rainbowl-light-led-untersetzer-10.jpg\",\"width\":2000,\"height\":2000,\"caption\":\"Rainbowl Light Dessous de verre \u00e0 LED - THE HOOKAH\"},{\"@type\":\"BreadcrumbList\",\"@id\":\"https:\/\/alt.thehookah.de\/fr\/produkt\/dessous-de-verre-a-led-rainbowl-light\/#breadcrumb\",\"itemListElement\":[{\"@type\":\"ListItem\",\"position\":1,\"name\":\"Startseite\",\"item\":\"https:\/\/alt.thehookah.de\/fr\/\"},{\"@type\":\"ListItem\",\"position\":2,\"name\":\"Ta boutique en ligne HOOKAH\",\"item\":\"https:\/\/alt.thehookah.de\/fr\/ta-boutique-en-ligne-hookah\/\"},{\"@type\":\"ListItem\",\"position\":3,\"name\":\"Dessous de verre \u00e0 LED RAINBOWL LIGHT\"}]},{\"@type\":\"WebSite\",\"@id\":\"https:\/\/alt.thehookah.de\/fr\/#website\",\"url\":\"https:\/\/alt.thehookah.de\/fr\/\",\"name\":\"The Hookah\",\"description\":\"\",\"publisher\":{\"@id\":\"https:\/\/alt.thehookah.de\/fr\/#organization\"},\"potentialAction\":[{\"@type\":\"SearchAction\",\"target\":{\"@type\":\"EntryPoint\",\"urlTemplate\":\"https:\/\/alt.thehookah.de\/fr\/?s={search_term_string}\"},\"query-input\":\"required name=search_term_string\"}],\"inLanguage\":\"fr-FR\"},{\"@type\":\"Organization\",\"@id\":\"https:\/\/alt.thehookah.de\/fr\/#organization\",\"name\":\"The Hookah\",\"url\":\"https:\/\/alt.thehookah.de\/fr\/\",\"logo\":{\"@type\":\"ImageObject\",\"inLanguage\":\"fr-FR\",\"@id\":\"https:\/\/alt.thehookah.de\/fr\/#\/schema\/logo\/image\/\",\"url\":\"https:\/\/alt.thehookah.de\/wp-content\/uploads\/2021\/02\/cropped-logo2.png\",\"contentUrl\":\"https:\/\/alt.thehookah.de\/wp-content\/uploads\/2021\/02\/cropped-logo2.png\",\"width\":300,\"height\":86,\"caption\":\"The Hookah\"},\"image\":{\"@id\":\"https:\/\/alt.thehookah.de\/fr\/#\/schema\/logo\/image\/\"}}]}<\/script>\n<meta property=\"product:price:amount\" content=\"24.99\" \/>\n<meta property=\"product:price:currency\" content=\"EUR\" \/>\n<meta property=\"og:availability\" content=\"instock\" \/>\n<meta property=\"product:availability\" content=\"instock\" \/>\n<meta property=\"product:retailer_item_id\" content=\"TH-RL-1\" \/>\n<meta property=\"product:condition\" content=\"new\" \/>\n<!-- \/ Yoast SEO plugin. -->","yoast_head_json":{"title":"Shisha Rainbow Light | Dessous de verre \u00e0 LED pour ton narguil\u00e9","description":"Shisha Rainbow Light : Dessous de verre \u00e0 LED - diam\u00e8tre environ 20cm, 4 modes de changement, 16 couleurs rayonnantes, luminosit\u00e9 r\u00e9glable, ici dans la boutique Shisha !","robots":{"index":"index","follow":"follow","max-snippet":"max-snippet:-1","max-image-preview":"max-image-preview:large","max-video-preview":"max-video-preview:-1"},"canonical":"https:\/\/alt.thehookah.de\/fr\/produkt\/dessous-de-verre-a-led-rainbowl-light\/","og_locale":"fr_FR","og_type":"article","og_title":"Shisha Rainbow Light | Dessous de verre \u00e0 LED pour ton narguil\u00e9","og_description":"Shisha Rainbow Light : Dessous de verre \u00e0 LED - diam\u00e8tre environ 20cm, 4 modes de changement, 16 couleurs rayonnantes, luminosit\u00e9 r\u00e9glable, ici dans la boutique Shisha !","og_url":"https:\/\/alt.thehookah.de\/fr\/produkt\/dessous-de-verre-a-led-rainbowl-light\/","og_site_name":"The Hookah","og_image":[{"width":2000,"height":2000,"url":"https:\/\/alt.thehookah.de\/wp-content\/uploads\/2018\/10\/rainbowl-light-led-untersetzer-10.jpg","type":"image\/jpeg"}],"twitter_card":"summary_large_image","twitter_misc":{"Prix":"24,99&nbsp;&euro;","Disponibilit\u00e9":"En stock"},"schema":{"@context":"https:\/\/schema.org","@graph":[{"@type":"WebPage","@id":"https:\/\/alt.thehookah.de\/fr\/produkt\/dessous-de-verre-a-led-rainbowl-light\/","url":"https:\/\/alt.thehookah.de\/fr\/produkt\/dessous-de-verre-a-led-rainbowl-light\/","name":"Shisha Rainbow Light | Dessous de verre \u00e0 LED pour ton narguil\u00e9","isPartOf":{"@id":"https:\/\/alt.thehookah.de\/fr\/#website"},"primaryImageOfPage":{"@id":"https:\/\/alt.thehookah.de\/fr\/produkt\/dessous-de-verre-a-led-rainbowl-light\/#primaryimage"},"image":{"@id":"https:\/\/alt.thehookah.de\/fr\/produkt\/dessous-de-verre-a-led-rainbowl-light\/#primaryimage"},"thumbnailUrl":"https:\/\/alt.thehookah.de\/wp-content\/uploads\/2018\/10\/rainbowl-light-led-untersetzer-10.jpg","datePublished":"2018-10-30T10:00:06+00:00","dateModified":"2018-10-30T10:00:06+00:00","description":"Shisha Rainbow Light : Dessous de verre \u00e0 LED - diam\u00e8tre environ 20cm, 4 modes de changement, 16 couleurs rayonnantes, luminosit\u00e9 r\u00e9glable, ici dans la boutique Shisha !","breadcrumb":{"@id":"https:\/\/alt.thehookah.de\/fr\/produkt\/dessous-de-verre-a-led-rainbowl-light\/#breadcrumb"},"inLanguage":"fr-FR","potentialAction":[{"@type":"ReadAction","target":["https:\/\/alt.thehookah.de\/fr\/produkt\/dessous-de-verre-a-led-rainbowl-light\/"]}]},{"@type":"ImageObject","inLanguage":"fr-FR","@id":"https:\/\/alt.thehookah.de\/fr\/produkt\/dessous-de-verre-a-led-rainbowl-light\/#primaryimage","url":"https:\/\/alt.thehookah.de\/wp-content\/uploads\/2018\/10\/rainbowl-light-led-untersetzer-10.jpg","contentUrl":"https:\/\/alt.thehookah.de\/wp-content\/uploads\/2018\/10\/rainbowl-light-led-untersetzer-10.jpg","width":2000,"height":2000,"caption":"Rainbowl Light Dessous de verre \u00e0 LED - THE HOOKAH"},{"@type":"BreadcrumbList","@id":"https:\/\/alt.thehookah.de\/fr\/produkt\/dessous-de-verre-a-led-rainbowl-light\/#breadcrumb","itemListElement":[{"@type":"ListItem","position":1,"name":"Startseite","item":"https:\/\/alt.thehookah.de\/fr\/"},{"@type":"ListItem","position":2,"name":"Ta boutique en ligne HOOKAH","item":"https:\/\/alt.thehookah.de\/fr\/ta-boutique-en-ligne-hookah\/"},{"@type":"ListItem","position":3,"name":"Dessous de verre \u00e0 LED RAINBOWL LIGHT"}]},{"@type":"WebSite","@id":"https:\/\/alt.thehookah.de\/fr\/#website","url":"https:\/\/alt.thehookah.de\/fr\/","name":"The Hookah","description":"","publisher":{"@id":"https:\/\/alt.thehookah.de\/fr\/#organization"},"potentialAction":[{"@type":"SearchAction","target":{"@type":"EntryPoint","urlTemplate":"https:\/\/alt.thehookah.de\/fr\/?s={search_term_string}"},"query-input":"required name=search_term_string"}],"inLanguage":"fr-FR"},{"@type":"Organization","@id":"https:\/\/alt.thehookah.de\/fr\/#organization","name":"The Hookah","url":"https:\/\/alt.thehookah.de\/fr\/","logo":{"@type":"ImageObject","inLanguage":"fr-FR","@id":"https:\/\/alt.thehookah.de\/fr\/#\/schema\/logo\/image\/","url":"https:\/\/alt.thehookah.de\/wp-content\/uploads\/2021\/02\/cropped-logo2.png","contentUrl":"https:\/\/alt.thehookah.de\/wp-content\/uploads\/2021\/02\/cropped-logo2.png","width":300,"height":86,"caption":"The Hookah"},"image":{"@id":"https:\/\/alt.thehookah.de\/fr\/#\/schema\/logo\/image\/"}}]},"product_price_amount":"24.99","product_price_currency":"EUR","og_availability":"instock","product_availability":"instock","product_retailer_item_id":"TH-RL-1","product_condition":"new"},"_links":{"self":[{"href":"https:\/\/alt.thehookah.de\/fr\/wp-json\/wp\/v2\/product\/620311"}],"collection":[{"href":"https:\/\/alt.thehookah.de\/fr\/wp-json\/wp\/v2\/product"}],"about":[{"href":"https:\/\/alt.thehookah.de\/fr\/wp-json\/wp\/v2\/types\/product"}],"replies":[{"embeddable":true,"href":"https:\/\/alt.thehookah.de\/fr\/wp-json\/wp\/v2\/comments?post=620311"}],"wp:featuredmedia":[{"embeddable":true,"href":"https:\/\/alt.thehookah.de\/fr\/wp-json\/wp\/v2\/media\/540097"}],"wp:attachment":[{"href":"https:\/\/alt.thehookah.de\/fr\/wp-json\/wp\/v2\/media?parent=620311"}],"wp:term":[{"taxonomy":"product_cat","embeddable":true,"href":"https:\/\/alt.thehookah.de\/fr\/wp-json\/wp\/v2\/product_cat?post=620311"},{"taxonomy":"product_tag","embeddable":true,"href":"https:\/\/alt.thehookah.de\/fr\/wp-json\/wp\/v2\/product_tag?post=620311"}],"curies":[{"name":"wp","href":"https:\/\/api.w.org\/{rel}","templated":true}]}}