{"id":620391,"date":"2018-03-01T18:03:29","date_gmt":"2018-03-01T17:03:29","guid":{"rendered":"https:\/\/www.thehookah.de\/produkt\/djangoo\/"},"modified":"2023-11-26T20:02:25","modified_gmt":"2023-11-26T19:02:25","slug":"djangoo","status":"publish","type":"product","link":"https:\/\/alt.thehookah.de\/fr\/produkt\/djangoo\/","title":{"rendered":"DJANGOO"},"content":{"rendered":"<h2>DJANGOO<\/h2>\n<blockquote><p>&#8220;Messieurs &#8211; vous aviez d\u00e9j\u00e0 \u00e9veill\u00e9 ma curiosit\u00e9. Maintenant, ils ont mon attention&#8221;. &#8211; Django Unchained<\/p><\/blockquote>\n<p><strong>La shisha \/ hookah \/ pipe \u00e0 eau pour la route !<\/strong><\/p>\n<p>Djangoo est notre plus petit THE HOOKAH &#8211; Le copain que l&#8217;on emporte partout avec soi.<br \/>\nLe bon hookah d&#8217;ext\u00e9rieur, super l\u00e9ger et tr\u00e8s maniable.<\/p>\n<p>Enti\u00e8rement en acier inoxydable V2A, noble et d&#8217;excellente facture, il est propos\u00e9 dans un pack ALL INCL.<br \/>\n<a href=\"http:\/\/www.thehookah.de\/produkt\/zubehoer\/schlauchanschluss-set\/\">Actuellement avec un seul raccord de tuyau, extensible \u00e0 deux.<\/a><\/p>\n<p>&nbsp;<\/p>\n<h2>D\u00e9tails du produit<\/h2>\n<p>Hauteur totale (jusqu&#8217;au plateau de charbon de verre) env. 40 cm sans le pi\u00e8ge \u00e0 molasse<br \/>\nHauteur totale (jusqu&#8217;au plateau de charbon de verre) env. 51 cm avec le pi\u00e8ge \u00e0 molasse<\/p>\n<ul>\n<li>Base en acier inoxydable V2A<\/li>\n<li>Syst\u00e8me de clic \u00e0 chambre ferm\u00e9e<\/li>\n<li>Plateau sp\u00e9cial en verre (diam\u00e8tre env. 20 cm, mat\u00e9riau : verre borosilicat\u00e9)<\/li>\n<li>Robuste &amp; r\u00e9sistant<\/li>\n<li>R\u00e9sistant \u00e0 la chaleur<\/li>\n<li>DJANGOO Bowl (verre en cristal)<\/li>\n<\/ul>\n<p>&nbsp;<\/p>\n<h2>Contenu de la livraison<\/h2>\n<ul>\n<li>1 x chapeau de chemin\u00e9e<\/li>\n<li>1 x t\u00eate de lecture cinq trous<\/li>\n<li>1 x plaque de charbon de verre (extr\u00eame)<\/li>\n<li>1 x adaptateur de rodage de t\u00eate 18\/8<\/li>\n<li>1 x capteur de molasse en verre borosilicat\u00e9 18\/8<\/li>\n<li>1 x DJANGOO colonne de fum\u00e9e V2A acier inoxydable<\/li>\n<li>1 x DJANGOO Base V2A acier inoxydable<\/li>\n<li>2 x manchons avec six pans creux<\/li>\n<li>1 x adaptateur de tuyau 18\/8<\/li>\n<li>1 x embouts 18\/8<\/li>\n<li>1 x vanne de soufflage<\/li>\n<li>1 x boule en verre<\/li>\n<li>1 x tube plongeur<\/li>\n<li>1 x diffuseur d\u00e9vissable<\/li>\n<li>1 x ressort de protection contre le pliage<\/li>\n<li>1 x tuyau en silicone noir mat<\/li>\n<li>1 x embout buccal &#8211; THE HOOKAH<\/li>\n<li>1 x pince<\/li>\n<li>1 x DJANGOO Bowl<\/li>\n<li>1 x support de tuyau en acier inoxydable<\/li>\n<\/ul>\n<p>&nbsp;<\/p>\n<h2>Pr\u00e9sentation de produit de <a href=\"https:\/\/www.youtube.com\/user\/NicoSlowmoo\" target=\"_blank\" rel=\"noopener noreferrer\">Nico Slowmoo<\/a><\/h2>\n<p>[embedyt]  https:\/\/www.youtube.com\/watch?v=5fsx31_pKxo[\/embedyt]<\/p>\n<h2>Pr\u00e9sentation de produit de <a href=\"https:\/\/www.youtube.com\/channel\/UCETsCiib9KE9x_Lte-BVw0w\" target=\"_blank\" rel=\"noopener noreferrer\">ShishaDoelid<\/a><\/h2>\n<p>[embedyt]  https:\/\/www.youtube.com\/watch?v=yH7TUQgSoxs[\/embedyt]<\/p>\n","protected":false},"excerpt":{"rendered":"<p>Djangoo est notre plus petit THE HOOKAH &#8211; Le copain que l&#8217;on emporte partout avec soi.<br \/>\nUn vrai hookah d&#8217;ext\u00e9rieur, super l\u00e9ger et tr\u00e8s maniable.<\/p>\n","protected":false},"featured_media":532071,"comment_status":"open","ping_status":"closed","template":"","meta":[],"product_cat":[314,321,327],"product_tag":[429,434,435,392,391,390,393],"yoast_head":"<!-- This site is optimized with the Yoast SEO plugin v22.5 - https:\/\/yoast.com\/wordpress\/plugins\/seo\/ -->\n<title>DJANGOO Shisha\/ pipe \u00e0 eau | le bon hookah d&#039;ext\u00e9rieur<\/title>\n<meta name=\"description\" content=\"DJANGOO - La shisha\/pipe \u00e0 eau parfaite pour toi. DJANGOO est notre plus petit THE HOOKAH, le copain que l&#039;on emporte partout avec soi, avec la shisha !\" \/>\n<meta name=\"robots\" content=\"index, follow, max-snippet:-1, max-image-preview:large, max-video-preview:-1\" \/>\n<link rel=\"canonical\" href=\"https:\/\/alt.thehookah.de\/fr\/produkt\/djangoo\/\" \/>\n<meta property=\"og:locale\" content=\"fr_FR\" \/>\n<meta property=\"og:type\" content=\"article\" \/>\n<meta property=\"og:title\" content=\"DJANGOO Shisha\/ pipe \u00e0 eau | le bon hookah d&#039;ext\u00e9rieur\" \/>\n<meta property=\"og:description\" content=\"DJANGOO - La shisha\/pipe \u00e0 eau parfaite pour toi. DJANGOO est notre plus petit THE HOOKAH, le copain que l&#039;on emporte partout avec soi, avec la shisha !\" \/>\n<meta property=\"og:url\" content=\"https:\/\/alt.thehookah.de\/fr\/produkt\/djangoo\/\" \/>\n<meta property=\"og:site_name\" content=\"The Hookah\" \/>\n<meta property=\"article:modified_time\" content=\"2023-11-26T19:02:25+00:00\" \/>\n<meta property=\"og:image\" content=\"https:\/\/alt.thehookah.de\/wp-content\/uploads\/2018\/03\/13-1.jpg\" \/>\n\t<meta property=\"og:image:width\" content=\"2000\" \/>\n\t<meta property=\"og:image:height\" content=\"2000\" \/>\n\t<meta property=\"og:image:type\" content=\"image\/jpeg\" \/>\n<meta name=\"twitter:card\" content=\"summary_large_image\" \/>\n<meta name=\"twitter:label1\" content=\"Prix\" \/>\n\t<meta name=\"twitter:data1\" content=\"114,96&nbsp;&euro;\" \/>\n\t<meta name=\"twitter:label2\" content=\"Disponibilit\u00e9\" \/>\n\t<meta name=\"twitter:data2\" content=\"Rupture de stock\" \/>\n<script type=\"application\/ld+json\" class=\"yoast-schema-graph\">{\"@context\":\"https:\/\/schema.org\",\"@graph\":[{\"@type\":\"WebPage\",\"@id\":\"https:\/\/alt.thehookah.de\/fr\/produkt\/djangoo\/\",\"url\":\"https:\/\/alt.thehookah.de\/fr\/produkt\/djangoo\/\",\"name\":\"DJANGOO Shisha\/ pipe \u00e0 eau | le bon hookah d'ext\u00e9rieur\",\"isPartOf\":{\"@id\":\"https:\/\/alt.thehookah.de\/fr\/#website\"},\"primaryImageOfPage\":{\"@id\":\"https:\/\/alt.thehookah.de\/fr\/produkt\/djangoo\/#primaryimage\"},\"image\":{\"@id\":\"https:\/\/alt.thehookah.de\/fr\/produkt\/djangoo\/#primaryimage\"},\"thumbnailUrl\":\"https:\/\/alt.thehookah.de\/wp-content\/uploads\/2018\/03\/13-1.jpg\",\"datePublished\":\"2018-03-01T17:03:29+00:00\",\"dateModified\":\"2023-11-26T19:02:25+00:00\",\"description\":\"DJANGOO - La shisha\/pipe \u00e0 eau parfaite pour toi. DJANGOO est notre plus petit THE HOOKAH, le copain que l'on emporte partout avec soi, avec la shisha !\",\"breadcrumb\":{\"@id\":\"https:\/\/alt.thehookah.de\/fr\/produkt\/djangoo\/#breadcrumb\"},\"inLanguage\":\"fr-FR\",\"potentialAction\":[{\"@type\":\"ReadAction\",\"target\":[\"https:\/\/alt.thehookah.de\/fr\/produkt\/djangoo\/\"]}]},{\"@type\":\"ImageObject\",\"inLanguage\":\"fr-FR\",\"@id\":\"https:\/\/alt.thehookah.de\/fr\/produkt\/djangoo\/#primaryimage\",\"url\":\"https:\/\/alt.thehookah.de\/wp-content\/uploads\/2018\/03\/13-1.jpg\",\"contentUrl\":\"https:\/\/alt.thehookah.de\/wp-content\/uploads\/2018\/03\/13-1.jpg\",\"width\":2000,\"height\":2000,\"caption\":\"DJANGO - THE HOOKAH\"},{\"@type\":\"BreadcrumbList\",\"@id\":\"https:\/\/alt.thehookah.de\/fr\/produkt\/djangoo\/#breadcrumb\",\"itemListElement\":[{\"@type\":\"ListItem\",\"position\":1,\"name\":\"Startseite\",\"item\":\"https:\/\/alt.thehookah.de\/fr\/\"},{\"@type\":\"ListItem\",\"position\":2,\"name\":\"Ta boutique en ligne HOOKAH\",\"item\":\"https:\/\/alt.thehookah.de\/fr\/ta-boutique-en-ligne-hookah\/\"},{\"@type\":\"ListItem\",\"position\":3,\"name\":\"DJANGOO\"}]},{\"@type\":\"WebSite\",\"@id\":\"https:\/\/alt.thehookah.de\/fr\/#website\",\"url\":\"https:\/\/alt.thehookah.de\/fr\/\",\"name\":\"The Hookah\",\"description\":\"\",\"publisher\":{\"@id\":\"https:\/\/alt.thehookah.de\/fr\/#organization\"},\"potentialAction\":[{\"@type\":\"SearchAction\",\"target\":{\"@type\":\"EntryPoint\",\"urlTemplate\":\"https:\/\/alt.thehookah.de\/fr\/?s={search_term_string}\"},\"query-input\":\"required name=search_term_string\"}],\"inLanguage\":\"fr-FR\"},{\"@type\":\"Organization\",\"@id\":\"https:\/\/alt.thehookah.de\/fr\/#organization\",\"name\":\"The Hookah\",\"url\":\"https:\/\/alt.thehookah.de\/fr\/\",\"logo\":{\"@type\":\"ImageObject\",\"inLanguage\":\"fr-FR\",\"@id\":\"https:\/\/alt.thehookah.de\/fr\/#\/schema\/logo\/image\/\",\"url\":\"https:\/\/alt.thehookah.de\/wp-content\/uploads\/2021\/02\/cropped-logo2.png\",\"contentUrl\":\"https:\/\/alt.thehookah.de\/wp-content\/uploads\/2021\/02\/cropped-logo2.png\",\"width\":300,\"height\":86,\"caption\":\"The Hookah\"},\"image\":{\"@id\":\"https:\/\/alt.thehookah.de\/fr\/#\/schema\/logo\/image\/\"}}]}<\/script>\n<meta property=\"product:price:amount\" content=\"114.96\" \/>\n<meta property=\"product:price:currency\" content=\"EUR\" \/>\n<meta property=\"og:availability\" content=\"out of stock\" \/>\n<meta property=\"product:availability\" content=\"out of stock\" \/>\n<meta property=\"product:retailer_item_id\" content=\"HOOKAH-DJANGOO1\" \/>\n<meta property=\"product:condition\" content=\"new\" \/>\n<!-- \/ Yoast SEO plugin. -->","yoast_head_json":{"title":"DJANGOO Shisha\/ pipe \u00e0 eau | le bon hookah d'ext\u00e9rieur","description":"DJANGOO - La shisha\/pipe \u00e0 eau parfaite pour toi. DJANGOO est notre plus petit THE HOOKAH, le copain que l'on emporte partout avec soi, avec la shisha !","robots":{"index":"index","follow":"follow","max-snippet":"max-snippet:-1","max-image-preview":"max-image-preview:large","max-video-preview":"max-video-preview:-1"},"canonical":"https:\/\/alt.thehookah.de\/fr\/produkt\/djangoo\/","og_locale":"fr_FR","og_type":"article","og_title":"DJANGOO Shisha\/ pipe \u00e0 eau | le bon hookah d'ext\u00e9rieur","og_description":"DJANGOO - La shisha\/pipe \u00e0 eau parfaite pour toi. DJANGOO est notre plus petit THE HOOKAH, le copain que l'on emporte partout avec soi, avec la shisha !","og_url":"https:\/\/alt.thehookah.de\/fr\/produkt\/djangoo\/","og_site_name":"The Hookah","article_modified_time":"2023-11-26T19:02:25+00:00","og_image":[{"width":2000,"height":2000,"url":"https:\/\/alt.thehookah.de\/wp-content\/uploads\/2018\/03\/13-1.jpg","type":"image\/jpeg"}],"twitter_card":"summary_large_image","twitter_misc":{"Prix":"114,96&nbsp;&euro;","Disponibilit\u00e9":"Rupture de stock"},"schema":{"@context":"https:\/\/schema.org","@graph":[{"@type":"WebPage","@id":"https:\/\/alt.thehookah.de\/fr\/produkt\/djangoo\/","url":"https:\/\/alt.thehookah.de\/fr\/produkt\/djangoo\/","name":"DJANGOO Shisha\/ pipe \u00e0 eau | le bon hookah d'ext\u00e9rieur","isPartOf":{"@id":"https:\/\/alt.thehookah.de\/fr\/#website"},"primaryImageOfPage":{"@id":"https:\/\/alt.thehookah.de\/fr\/produkt\/djangoo\/#primaryimage"},"image":{"@id":"https:\/\/alt.thehookah.de\/fr\/produkt\/djangoo\/#primaryimage"},"thumbnailUrl":"https:\/\/alt.thehookah.de\/wp-content\/uploads\/2018\/03\/13-1.jpg","datePublished":"2018-03-01T17:03:29+00:00","dateModified":"2023-11-26T19:02:25+00:00","description":"DJANGOO - La shisha\/pipe \u00e0 eau parfaite pour toi. DJANGOO est notre plus petit THE HOOKAH, le copain que l'on emporte partout avec soi, avec la shisha !","breadcrumb":{"@id":"https:\/\/alt.thehookah.de\/fr\/produkt\/djangoo\/#breadcrumb"},"inLanguage":"fr-FR","potentialAction":[{"@type":"ReadAction","target":["https:\/\/alt.thehookah.de\/fr\/produkt\/djangoo\/"]}]},{"@type":"ImageObject","inLanguage":"fr-FR","@id":"https:\/\/alt.thehookah.de\/fr\/produkt\/djangoo\/#primaryimage","url":"https:\/\/alt.thehookah.de\/wp-content\/uploads\/2018\/03\/13-1.jpg","contentUrl":"https:\/\/alt.thehookah.de\/wp-content\/uploads\/2018\/03\/13-1.jpg","width":2000,"height":2000,"caption":"DJANGO - THE HOOKAH"},{"@type":"BreadcrumbList","@id":"https:\/\/alt.thehookah.de\/fr\/produkt\/djangoo\/#breadcrumb","itemListElement":[{"@type":"ListItem","position":1,"name":"Startseite","item":"https:\/\/alt.thehookah.de\/fr\/"},{"@type":"ListItem","position":2,"name":"Ta boutique en ligne HOOKAH","item":"https:\/\/alt.thehookah.de\/fr\/ta-boutique-en-ligne-hookah\/"},{"@type":"ListItem","position":3,"name":"DJANGOO"}]},{"@type":"WebSite","@id":"https:\/\/alt.thehookah.de\/fr\/#website","url":"https:\/\/alt.thehookah.de\/fr\/","name":"The Hookah","description":"","publisher":{"@id":"https:\/\/alt.thehookah.de\/fr\/#organization"},"potentialAction":[{"@type":"SearchAction","target":{"@type":"EntryPoint","urlTemplate":"https:\/\/alt.thehookah.de\/fr\/?s={search_term_string}"},"query-input":"required name=search_term_string"}],"inLanguage":"fr-FR"},{"@type":"Organization","@id":"https:\/\/alt.thehookah.de\/fr\/#organization","name":"The Hookah","url":"https:\/\/alt.thehookah.de\/fr\/","logo":{"@type":"ImageObject","inLanguage":"fr-FR","@id":"https:\/\/alt.thehookah.de\/fr\/#\/schema\/logo\/image\/","url":"https:\/\/alt.thehookah.de\/wp-content\/uploads\/2021\/02\/cropped-logo2.png","contentUrl":"https:\/\/alt.thehookah.de\/wp-content\/uploads\/2021\/02\/cropped-logo2.png","width":300,"height":86,"caption":"The Hookah"},"image":{"@id":"https:\/\/alt.thehookah.de\/fr\/#\/schema\/logo\/image\/"}}]},"product_price_amount":"114.96","product_price_currency":"EUR","og_availability":"out of stock","product_availability":"out of stock","product_retailer_item_id":"HOOKAH-DJANGOO1","product_condition":"new"},"_links":{"self":[{"href":"https:\/\/alt.thehookah.de\/fr\/wp-json\/wp\/v2\/product\/620391"}],"collection":[{"href":"https:\/\/alt.thehookah.de\/fr\/wp-json\/wp\/v2\/product"}],"about":[{"href":"https:\/\/alt.thehookah.de\/fr\/wp-json\/wp\/v2\/types\/product"}],"replies":[{"embeddable":true,"href":"https:\/\/alt.thehookah.de\/fr\/wp-json\/wp\/v2\/comments?post=620391"}],"wp:featuredmedia":[{"embeddable":true,"href":"https:\/\/alt.thehookah.de\/fr\/wp-json\/wp\/v2\/media\/532071"}],"wp:attachment":[{"href":"https:\/\/alt.thehookah.de\/fr\/wp-json\/wp\/v2\/media?parent=620391"}],"wp:term":[{"taxonomy":"product_cat","embeddable":true,"href":"https:\/\/alt.thehookah.de\/fr\/wp-json\/wp\/v2\/product_cat?post=620391"},{"taxonomy":"product_tag","embeddable":true,"href":"https:\/\/alt.thehookah.de\/fr\/wp-json\/wp\/v2\/product_tag?post=620391"}],"curies":[{"name":"wp","href":"https:\/\/api.w.org\/{rel}","templated":true}]}}