{"id":620466,"date":"2017-11-27T17:46:16","date_gmt":"2017-11-27T16:46:16","guid":{"rendered":"https:\/\/www.thehookah.de\/produkt\/vincent-wega\/"},"modified":"2024-01-10T18:54:29","modified_gmt":"2024-01-10T17:54:29","slug":"vincent-wega","status":"publish","type":"product","link":"https:\/\/alt.thehookah.de\/fr\/produkt\/vincent-wega\/","title":{"rendered":"Vincent WEGA"},"content":{"rendered":"<h2>Vincent WEGA<\/h2>\n<p>Hauteur totale (jusqu&#8217;au plateau de charbon de verre) env. 65 cm sans collecteur de molasse<br \/>\nHauteur totale (jusqu&#8217;au plateau de charbon de verre) env. 75 cm avec le pi\u00e8ge \u00e0 molasse<\/p>\n<ul>\n<li>Base en acier inoxydable V2A<\/li>\n<li>Syst\u00e8me de clic \u00e0 chambre ferm\u00e9e<\/li>\n<li>Assiette sp\u00e9ciale en verre (diam\u00e8tre env. 26 cm, mat\u00e9riau : verre borosilicat\u00e9)<\/li>\n<li>Robuste &amp; r\u00e9sistant<\/li>\n<li>R\u00e9sistant \u00e0 la chaleur<\/li>\n<li>Vincent WEGA Bowl (verre en cristal)<\/li>\n<\/ul>\n<p>&nbsp;<\/p>\n<h2>Contenu de la livraison<\/h2>\n<ul>\n<li>1 x chapeau de chemin\u00e9e<\/li>\n<li>1 x t\u00eate de lecture cinq trous<\/li>\n<li>1 x plaque de charbon de verre (extr\u00eame)<\/li>\n<li>1 x adaptateur de rodage de t\u00eate 18\/8<\/li>\n<li>1 x capteur de molasse en verre borosilicat\u00e9 18\/8<\/li>\n<li>1 x VINCENT WEGA colonne de fum\u00e9e V2A acier inoxydable<\/li>\n<li>1 x VINCENT WEGA Base V2A acier inoxydable<\/li>\n<li>4 x manchons avec six pans creux<\/li>\n<li>4 x adaptateurs de tuyaux 18\/8<\/li>\n<li>4 x embouts 18\/8<\/li>\n<li>4 x boule en verre<\/li>\n<li>1 x tube plongeur<\/li>\n<li>1 x diffuseur d\u00e9vissable<\/li>\n<li>1 x ressort de protection contre le pliage<\/li>\n<li>1 x tuyau en silicone noir mat<\/li>\n<li>1 x embout buccal &#8211; THE HOOKAH<\/li>\n<li>1 x pince<\/li>\n<li>1 x Vincent WEGA Bowl<\/li>\n<li>4 x porte-tuyaux en acier inoxydable<\/li>\n<\/ul>\n<p>&nbsp;<\/p>\n<h2>Pr\u00e9sentation du produit <a href=\"https:\/\/www.youtube.com\/channel\/UC-cWEFijtYsTnHHWCVmpsJg\" target=\"_blank\" rel=\"noopener noreferrer\">SmokeBuster<\/a><\/h2>\n<p>[embedyt]https:\/\/www.youtube.com\/watch?v=cZawsQFcsWg[\/embedyt]<\/p>\n","protected":false},"excerpt":{"rendered":"<p>&#8220;Si vous me permettez de m&#8217;excuser, je vais rentrer chez moi et avoir une crise cardiaque&#8221;. &#8211; Pulp Fiction<\/p>\n","protected":false},"featured_media":532023,"comment_status":"open","ping_status":"closed","template":"","meta":[],"product_cat":[314,321,329],"product_tag":[392,391,390,393,443],"yoast_head":"<!-- This site is optimized with the Yoast SEO plugin v22.5 - https:\/\/yoast.com\/wordpress\/plugins\/seo\/ -->\n<title>Vincent WEGA Shisha\/pipe \u00e0 eau | Base acier inoxydable V2A<\/title>\n<meta name=\"description\" content=\"Vincent WEGA shisha\/pipe \u00e0 eau - la pipe \u00e0 eau parfaite pour toi, d\u00e9couvre nos shishas \/ hookahs &amp; pipes \u00e0 eau ici dans la boutique !\" \/>\n<meta name=\"robots\" content=\"index, follow, max-snippet:-1, max-image-preview:large, max-video-preview:-1\" \/>\n<link rel=\"canonical\" href=\"https:\/\/alt.thehookah.de\/fr\/produkt\/vincent-wega\/\" \/>\n<meta property=\"og:locale\" content=\"fr_FR\" \/>\n<meta property=\"og:type\" content=\"article\" \/>\n<meta property=\"og:title\" content=\"Vincent WEGA Shisha\/pipe \u00e0 eau | Base acier inoxydable V2A\" \/>\n<meta property=\"og:description\" content=\"Vincent WEGA shisha\/pipe \u00e0 eau - la pipe \u00e0 eau parfaite pour toi, d\u00e9couvre nos shishas \/ hookahs &amp; pipes \u00e0 eau ici dans la boutique !\" \/>\n<meta property=\"og:url\" content=\"https:\/\/alt.thehookah.de\/fr\/produkt\/vincent-wega\/\" \/>\n<meta property=\"og:site_name\" content=\"The Hookah\" \/>\n<meta property=\"article:modified_time\" content=\"2024-01-10T17:54:29+00:00\" \/>\n<meta property=\"og:image\" content=\"https:\/\/alt.thehookah.de\/wp-content\/uploads\/2017\/11\/7-1.jpg\" \/>\n\t<meta property=\"og:image:width\" content=\"2000\" \/>\n\t<meta property=\"og:image:height\" content=\"2000\" \/>\n\t<meta property=\"og:image:type\" content=\"image\/jpeg\" \/>\n<meta name=\"twitter:card\" content=\"summary_large_image\" \/>\n<meta name=\"twitter:label1\" content=\"Prix\" \/>\n\t<meta name=\"twitter:data1\" content=\"167,97&nbsp;&euro;\" \/>\n\t<meta name=\"twitter:label2\" content=\"Disponibilit\u00e9\" \/>\n\t<meta name=\"twitter:data2\" content=\"Rupture de stock\" \/>\n<script type=\"application\/ld+json\" class=\"yoast-schema-graph\">{\"@context\":\"https:\/\/schema.org\",\"@graph\":[{\"@type\":\"WebPage\",\"@id\":\"https:\/\/alt.thehookah.de\/fr\/produkt\/vincent-wega\/\",\"url\":\"https:\/\/alt.thehookah.de\/fr\/produkt\/vincent-wega\/\",\"name\":\"Vincent WEGA Shisha\/pipe \u00e0 eau | Base acier inoxydable V2A\",\"isPartOf\":{\"@id\":\"https:\/\/alt.thehookah.de\/fr\/#website\"},\"primaryImageOfPage\":{\"@id\":\"https:\/\/alt.thehookah.de\/fr\/produkt\/vincent-wega\/#primaryimage\"},\"image\":{\"@id\":\"https:\/\/alt.thehookah.de\/fr\/produkt\/vincent-wega\/#primaryimage\"},\"thumbnailUrl\":\"https:\/\/alt.thehookah.de\/wp-content\/uploads\/2017\/11\/7-1.jpg\",\"datePublished\":\"2017-11-27T16:46:16+00:00\",\"dateModified\":\"2024-01-10T17:54:29+00:00\",\"description\":\"Vincent WEGA shisha\/pipe \u00e0 eau - la pipe \u00e0 eau parfaite pour toi, d\u00e9couvre nos shishas \/ hookahs & pipes \u00e0 eau ici dans la boutique !\",\"breadcrumb\":{\"@id\":\"https:\/\/alt.thehookah.de\/fr\/produkt\/vincent-wega\/#breadcrumb\"},\"inLanguage\":\"fr-FR\",\"potentialAction\":[{\"@type\":\"ReadAction\",\"target\":[\"https:\/\/alt.thehookah.de\/fr\/produkt\/vincent-wega\/\"]}]},{\"@type\":\"ImageObject\",\"inLanguage\":\"fr-FR\",\"@id\":\"https:\/\/alt.thehookah.de\/fr\/produkt\/vincent-wega\/#primaryimage\",\"url\":\"https:\/\/alt.thehookah.de\/wp-content\/uploads\/2017\/11\/7-1.jpg\",\"contentUrl\":\"https:\/\/alt.thehookah.de\/wp-content\/uploads\/2017\/11\/7-1.jpg\",\"width\":2000,\"height\":2000,\"caption\":\"VINCENT WEGA - THE HOOKAH\"},{\"@type\":\"BreadcrumbList\",\"@id\":\"https:\/\/alt.thehookah.de\/fr\/produkt\/vincent-wega\/#breadcrumb\",\"itemListElement\":[{\"@type\":\"ListItem\",\"position\":1,\"name\":\"Startseite\",\"item\":\"https:\/\/alt.thehookah.de\/fr\/\"},{\"@type\":\"ListItem\",\"position\":2,\"name\":\"Ta boutique en ligne HOOKAH\",\"item\":\"https:\/\/alt.thehookah.de\/fr\/ta-boutique-en-ligne-hookah\/\"},{\"@type\":\"ListItem\",\"position\":3,\"name\":\"Vincent WEGA\"}]},{\"@type\":\"WebSite\",\"@id\":\"https:\/\/alt.thehookah.de\/fr\/#website\",\"url\":\"https:\/\/alt.thehookah.de\/fr\/\",\"name\":\"The Hookah\",\"description\":\"\",\"publisher\":{\"@id\":\"https:\/\/alt.thehookah.de\/fr\/#organization\"},\"potentialAction\":[{\"@type\":\"SearchAction\",\"target\":{\"@type\":\"EntryPoint\",\"urlTemplate\":\"https:\/\/alt.thehookah.de\/fr\/?s={search_term_string}\"},\"query-input\":\"required name=search_term_string\"}],\"inLanguage\":\"fr-FR\"},{\"@type\":\"Organization\",\"@id\":\"https:\/\/alt.thehookah.de\/fr\/#organization\",\"name\":\"The Hookah\",\"url\":\"https:\/\/alt.thehookah.de\/fr\/\",\"logo\":{\"@type\":\"ImageObject\",\"inLanguage\":\"fr-FR\",\"@id\":\"https:\/\/alt.thehookah.de\/fr\/#\/schema\/logo\/image\/\",\"url\":\"https:\/\/alt.thehookah.de\/wp-content\/uploads\/2021\/02\/cropped-logo2.png\",\"contentUrl\":\"https:\/\/alt.thehookah.de\/wp-content\/uploads\/2021\/02\/cropped-logo2.png\",\"width\":300,\"height\":86,\"caption\":\"The Hookah\"},\"image\":{\"@id\":\"https:\/\/alt.thehookah.de\/fr\/#\/schema\/logo\/image\/\"}}]}<\/script>\n<meta property=\"product:price:amount\" content=\"167.97\" \/>\n<meta property=\"product:price:currency\" content=\"EUR\" \/>\n<meta property=\"og:availability\" content=\"out of stock\" \/>\n<meta property=\"product:availability\" content=\"out of stock\" \/>\n<meta property=\"product:retailer_item_id\" content=\"HOOKAH-WEGA1\" \/>\n<meta property=\"product:condition\" content=\"new\" \/>\n<!-- \/ Yoast SEO plugin. -->","yoast_head_json":{"title":"Vincent WEGA Shisha\/pipe \u00e0 eau | Base acier inoxydable V2A","description":"Vincent WEGA shisha\/pipe \u00e0 eau - la pipe \u00e0 eau parfaite pour toi, d\u00e9couvre nos shishas \/ hookahs & pipes \u00e0 eau ici dans la boutique !","robots":{"index":"index","follow":"follow","max-snippet":"max-snippet:-1","max-image-preview":"max-image-preview:large","max-video-preview":"max-video-preview:-1"},"canonical":"https:\/\/alt.thehookah.de\/fr\/produkt\/vincent-wega\/","og_locale":"fr_FR","og_type":"article","og_title":"Vincent WEGA Shisha\/pipe \u00e0 eau | Base acier inoxydable V2A","og_description":"Vincent WEGA shisha\/pipe \u00e0 eau - la pipe \u00e0 eau parfaite pour toi, d\u00e9couvre nos shishas \/ hookahs & pipes \u00e0 eau ici dans la boutique !","og_url":"https:\/\/alt.thehookah.de\/fr\/produkt\/vincent-wega\/","og_site_name":"The Hookah","article_modified_time":"2024-01-10T17:54:29+00:00","og_image":[{"width":2000,"height":2000,"url":"https:\/\/alt.thehookah.de\/wp-content\/uploads\/2017\/11\/7-1.jpg","type":"image\/jpeg"}],"twitter_card":"summary_large_image","twitter_misc":{"Prix":"167,97&nbsp;&euro;","Disponibilit\u00e9":"Rupture de stock"},"schema":{"@context":"https:\/\/schema.org","@graph":[{"@type":"WebPage","@id":"https:\/\/alt.thehookah.de\/fr\/produkt\/vincent-wega\/","url":"https:\/\/alt.thehookah.de\/fr\/produkt\/vincent-wega\/","name":"Vincent WEGA Shisha\/pipe \u00e0 eau | Base acier inoxydable V2A","isPartOf":{"@id":"https:\/\/alt.thehookah.de\/fr\/#website"},"primaryImageOfPage":{"@id":"https:\/\/alt.thehookah.de\/fr\/produkt\/vincent-wega\/#primaryimage"},"image":{"@id":"https:\/\/alt.thehookah.de\/fr\/produkt\/vincent-wega\/#primaryimage"},"thumbnailUrl":"https:\/\/alt.thehookah.de\/wp-content\/uploads\/2017\/11\/7-1.jpg","datePublished":"2017-11-27T16:46:16+00:00","dateModified":"2024-01-10T17:54:29+00:00","description":"Vincent WEGA shisha\/pipe \u00e0 eau - la pipe \u00e0 eau parfaite pour toi, d\u00e9couvre nos shishas \/ hookahs & pipes \u00e0 eau ici dans la boutique !","breadcrumb":{"@id":"https:\/\/alt.thehookah.de\/fr\/produkt\/vincent-wega\/#breadcrumb"},"inLanguage":"fr-FR","potentialAction":[{"@type":"ReadAction","target":["https:\/\/alt.thehookah.de\/fr\/produkt\/vincent-wega\/"]}]},{"@type":"ImageObject","inLanguage":"fr-FR","@id":"https:\/\/alt.thehookah.de\/fr\/produkt\/vincent-wega\/#primaryimage","url":"https:\/\/alt.thehookah.de\/wp-content\/uploads\/2017\/11\/7-1.jpg","contentUrl":"https:\/\/alt.thehookah.de\/wp-content\/uploads\/2017\/11\/7-1.jpg","width":2000,"height":2000,"caption":"VINCENT WEGA - THE HOOKAH"},{"@type":"BreadcrumbList","@id":"https:\/\/alt.thehookah.de\/fr\/produkt\/vincent-wega\/#breadcrumb","itemListElement":[{"@type":"ListItem","position":1,"name":"Startseite","item":"https:\/\/alt.thehookah.de\/fr\/"},{"@type":"ListItem","position":2,"name":"Ta boutique en ligne HOOKAH","item":"https:\/\/alt.thehookah.de\/fr\/ta-boutique-en-ligne-hookah\/"},{"@type":"ListItem","position":3,"name":"Vincent WEGA"}]},{"@type":"WebSite","@id":"https:\/\/alt.thehookah.de\/fr\/#website","url":"https:\/\/alt.thehookah.de\/fr\/","name":"The Hookah","description":"","publisher":{"@id":"https:\/\/alt.thehookah.de\/fr\/#organization"},"potentialAction":[{"@type":"SearchAction","target":{"@type":"EntryPoint","urlTemplate":"https:\/\/alt.thehookah.de\/fr\/?s={search_term_string}"},"query-input":"required name=search_term_string"}],"inLanguage":"fr-FR"},{"@type":"Organization","@id":"https:\/\/alt.thehookah.de\/fr\/#organization","name":"The Hookah","url":"https:\/\/alt.thehookah.de\/fr\/","logo":{"@type":"ImageObject","inLanguage":"fr-FR","@id":"https:\/\/alt.thehookah.de\/fr\/#\/schema\/logo\/image\/","url":"https:\/\/alt.thehookah.de\/wp-content\/uploads\/2021\/02\/cropped-logo2.png","contentUrl":"https:\/\/alt.thehookah.de\/wp-content\/uploads\/2021\/02\/cropped-logo2.png","width":300,"height":86,"caption":"The Hookah"},"image":{"@id":"https:\/\/alt.thehookah.de\/fr\/#\/schema\/logo\/image\/"}}]},"product_price_amount":"167.97","product_price_currency":"EUR","og_availability":"out of stock","product_availability":"out of stock","product_retailer_item_id":"HOOKAH-WEGA1","product_condition":"new"},"_links":{"self":[{"href":"https:\/\/alt.thehookah.de\/fr\/wp-json\/wp\/v2\/product\/620466"}],"collection":[{"href":"https:\/\/alt.thehookah.de\/fr\/wp-json\/wp\/v2\/product"}],"about":[{"href":"https:\/\/alt.thehookah.de\/fr\/wp-json\/wp\/v2\/types\/product"}],"replies":[{"embeddable":true,"href":"https:\/\/alt.thehookah.de\/fr\/wp-json\/wp\/v2\/comments?post=620466"}],"wp:featuredmedia":[{"embeddable":true,"href":"https:\/\/alt.thehookah.de\/fr\/wp-json\/wp\/v2\/media\/532023"}],"wp:attachment":[{"href":"https:\/\/alt.thehookah.de\/fr\/wp-json\/wp\/v2\/media?parent=620466"}],"wp:term":[{"taxonomy":"product_cat","embeddable":true,"href":"https:\/\/alt.thehookah.de\/fr\/wp-json\/wp\/v2\/product_cat?post=620466"},{"taxonomy":"product_tag","embeddable":true,"href":"https:\/\/alt.thehookah.de\/fr\/wp-json\/wp\/v2\/product_tag?post=620466"}],"curies":[{"name":"wp","href":"https:\/\/api.w.org\/{rel}","templated":true}]}}