{"id":620487,"date":"2018-05-01T15:43:39","date_gmt":"2018-05-01T13:43:39","guid":{"rendered":"https:\/\/www.thehookah.de\/produkt\/sweat-a-capuche-the-hookah-b\/"},"modified":"2018-05-01T15:43:39","modified_gmt":"2018-05-01T13:43:39","slug":"sweat-a-capuche-the-hookah-b","status":"publish","type":"product","link":"https:\/\/alt.thehookah.de\/fr\/produkt\/sweat-a-capuche-the-hookah-b\/","title":{"rendered":"Sweat \u00e0 capuche THE HOOKAH &#8211; B"},"content":{"rendered":"","protected":false},"excerpt":{"rendered":"","protected":false},"featured_media":532861,"comment_status":"open","ping_status":"closed","template":"","meta":[],"product_cat":[316],"product_tag":[455,451,372],"yoast_head":"<!-- This site is optimized with the Yoast SEO plugin v22.5 - https:\/\/yoast.com\/wordpress\/plugins\/seo\/ -->\n<title>Hoodie THE HOOKAH - B | Sweat \u00e0 capuche<\/title>\n<meta name=\"description\" content=\"Hoodie THE HOOKAH - B -&gt; pour ta soir\u00e9e chicha ou juste comme \u00e7a, d\u00e9couvre ici notre hoodie avec le logo de ton magasin de chicha !\" \/>\n<meta name=\"robots\" content=\"index, follow, max-snippet:-1, max-image-preview:large, max-video-preview:-1\" \/>\n<link rel=\"canonical\" href=\"https:\/\/alt.thehookah.de\/fr\/produkt\/sweat-a-capuche-the-hookah-b\/\" \/>\n<meta property=\"og:locale\" content=\"fr_FR\" \/>\n<meta property=\"og:type\" content=\"article\" \/>\n<meta property=\"og:title\" content=\"Hoodie THE HOOKAH - B | Sweat \u00e0 capuche\" \/>\n<meta property=\"og:description\" content=\"Hoodie THE HOOKAH - B -&gt; pour ta soir\u00e9e chicha ou juste comme \u00e7a, d\u00e9couvre ici notre hoodie avec le logo de ton magasin de chicha !\" \/>\n<meta property=\"og:url\" content=\"https:\/\/alt.thehookah.de\/fr\/produkt\/sweat-a-capuche-the-hookah-b\/\" \/>\n<meta property=\"og:site_name\" content=\"The Hookah\" \/>\n<meta property=\"og:image\" content=\"https:\/\/alt.thehookah.de\/wp-content\/uploads\/2018\/05\/Hoodie_B_2.jpg\" \/>\n\t<meta property=\"og:image:width\" content=\"2000\" \/>\n\t<meta property=\"og:image:height\" content=\"2000\" \/>\n\t<meta property=\"og:image:type\" content=\"image\/jpeg\" \/>\n<meta name=\"twitter:card\" content=\"summary_large_image\" \/>\n<meta name=\"twitter:label1\" content=\"Disponibilit\u00e9\" \/>\n\t<meta name=\"twitter:data1\" content=\"En stock\" \/>\n<script type=\"application\/ld+json\" class=\"yoast-schema-graph\">{\"@context\":\"https:\/\/schema.org\",\"@graph\":[{\"@type\":\"WebPage\",\"@id\":\"https:\/\/alt.thehookah.de\/fr\/produkt\/sweat-a-capuche-the-hookah-b\/\",\"url\":\"https:\/\/alt.thehookah.de\/fr\/produkt\/sweat-a-capuche-the-hookah-b\/\",\"name\":\"Hoodie THE HOOKAH - B | Sweat \u00e0 capuche\",\"isPartOf\":{\"@id\":\"https:\/\/alt.thehookah.de\/fr\/#website\"},\"primaryImageOfPage\":{\"@id\":\"https:\/\/alt.thehookah.de\/fr\/produkt\/sweat-a-capuche-the-hookah-b\/#primaryimage\"},\"image\":{\"@id\":\"https:\/\/alt.thehookah.de\/fr\/produkt\/sweat-a-capuche-the-hookah-b\/#primaryimage\"},\"thumbnailUrl\":\"https:\/\/alt.thehookah.de\/wp-content\/uploads\/2018\/05\/Hoodie_B_2.jpg\",\"datePublished\":\"2018-05-01T13:43:39+00:00\",\"dateModified\":\"2018-05-01T13:43:39+00:00\",\"description\":\"Hoodie THE HOOKAH - B -> pour ta soir\u00e9e chicha ou juste comme \u00e7a, d\u00e9couvre ici notre hoodie avec le logo de ton magasin de chicha !\",\"breadcrumb\":{\"@id\":\"https:\/\/alt.thehookah.de\/fr\/produkt\/sweat-a-capuche-the-hookah-b\/#breadcrumb\"},\"inLanguage\":\"fr-FR\",\"potentialAction\":[{\"@type\":\"ReadAction\",\"target\":[\"https:\/\/alt.thehookah.de\/fr\/produkt\/sweat-a-capuche-the-hookah-b\/\"]}]},{\"@type\":\"ImageObject\",\"inLanguage\":\"fr-FR\",\"@id\":\"https:\/\/alt.thehookah.de\/fr\/produkt\/sweat-a-capuche-the-hookah-b\/#primaryimage\",\"url\":\"https:\/\/alt.thehookah.de\/wp-content\/uploads\/2018\/05\/Hoodie_B_2.jpg\",\"contentUrl\":\"https:\/\/alt.thehookah.de\/wp-content\/uploads\/2018\/05\/Hoodie_B_2.jpg\",\"width\":2000,\"height\":2000,\"caption\":\"Hoodie - THE HOOKAH - B (Devant)\"},{\"@type\":\"BreadcrumbList\",\"@id\":\"https:\/\/alt.thehookah.de\/fr\/produkt\/sweat-a-capuche-the-hookah-b\/#breadcrumb\",\"itemListElement\":[{\"@type\":\"ListItem\",\"position\":1,\"name\":\"Startseite\",\"item\":\"https:\/\/alt.thehookah.de\/fr\/\"},{\"@type\":\"ListItem\",\"position\":2,\"name\":\"Ta boutique en ligne HOOKAH\",\"item\":\"https:\/\/alt.thehookah.de\/fr\/ta-boutique-en-ligne-hookah\/\"},{\"@type\":\"ListItem\",\"position\":3,\"name\":\"Sweat \u00e0 capuche THE HOOKAH &#8211; B\"}]},{\"@type\":\"WebSite\",\"@id\":\"https:\/\/alt.thehookah.de\/fr\/#website\",\"url\":\"https:\/\/alt.thehookah.de\/fr\/\",\"name\":\"The Hookah\",\"description\":\"\",\"publisher\":{\"@id\":\"https:\/\/alt.thehookah.de\/fr\/#organization\"},\"potentialAction\":[{\"@type\":\"SearchAction\",\"target\":{\"@type\":\"EntryPoint\",\"urlTemplate\":\"https:\/\/alt.thehookah.de\/fr\/?s={search_term_string}\"},\"query-input\":\"required name=search_term_string\"}],\"inLanguage\":\"fr-FR\"},{\"@type\":\"Organization\",\"@id\":\"https:\/\/alt.thehookah.de\/fr\/#organization\",\"name\":\"The Hookah\",\"url\":\"https:\/\/alt.thehookah.de\/fr\/\",\"logo\":{\"@type\":\"ImageObject\",\"inLanguage\":\"fr-FR\",\"@id\":\"https:\/\/alt.thehookah.de\/fr\/#\/schema\/logo\/image\/\",\"url\":\"https:\/\/alt.thehookah.de\/wp-content\/uploads\/2021\/02\/cropped-logo2.png\",\"contentUrl\":\"https:\/\/alt.thehookah.de\/wp-content\/uploads\/2021\/02\/cropped-logo2.png\",\"width\":300,\"height\":86,\"caption\":\"The Hookah\"},\"image\":{\"@id\":\"https:\/\/alt.thehookah.de\/fr\/#\/schema\/logo\/image\/\"}}]}<\/script>\n<meta property=\"og:availability\" content=\"instock\" \/>\n<meta property=\"product:availability\" content=\"instock\" \/>\n<meta property=\"product:retailer_item_id\" content=\"HO-B1\" \/>\n<meta property=\"product:condition\" content=\"new\" \/>\n<!-- \/ Yoast SEO plugin. -->","yoast_head_json":{"title":"Hoodie THE HOOKAH - B | Sweat \u00e0 capuche","description":"Hoodie THE HOOKAH - B -> pour ta soir\u00e9e chicha ou juste comme \u00e7a, d\u00e9couvre ici notre hoodie avec le logo de ton magasin de chicha !","robots":{"index":"index","follow":"follow","max-snippet":"max-snippet:-1","max-image-preview":"max-image-preview:large","max-video-preview":"max-video-preview:-1"},"canonical":"https:\/\/alt.thehookah.de\/fr\/produkt\/sweat-a-capuche-the-hookah-b\/","og_locale":"fr_FR","og_type":"article","og_title":"Hoodie THE HOOKAH - B | Sweat \u00e0 capuche","og_description":"Hoodie THE HOOKAH - B -> pour ta soir\u00e9e chicha ou juste comme \u00e7a, d\u00e9couvre ici notre hoodie avec le logo de ton magasin de chicha !","og_url":"https:\/\/alt.thehookah.de\/fr\/produkt\/sweat-a-capuche-the-hookah-b\/","og_site_name":"The Hookah","og_image":[{"width":2000,"height":2000,"url":"https:\/\/alt.thehookah.de\/wp-content\/uploads\/2018\/05\/Hoodie_B_2.jpg","type":"image\/jpeg"}],"twitter_card":"summary_large_image","twitter_misc":{"Disponibilit\u00e9":"En stock"},"schema":{"@context":"https:\/\/schema.org","@graph":[{"@type":"WebPage","@id":"https:\/\/alt.thehookah.de\/fr\/produkt\/sweat-a-capuche-the-hookah-b\/","url":"https:\/\/alt.thehookah.de\/fr\/produkt\/sweat-a-capuche-the-hookah-b\/","name":"Hoodie THE HOOKAH - B | Sweat \u00e0 capuche","isPartOf":{"@id":"https:\/\/alt.thehookah.de\/fr\/#website"},"primaryImageOfPage":{"@id":"https:\/\/alt.thehookah.de\/fr\/produkt\/sweat-a-capuche-the-hookah-b\/#primaryimage"},"image":{"@id":"https:\/\/alt.thehookah.de\/fr\/produkt\/sweat-a-capuche-the-hookah-b\/#primaryimage"},"thumbnailUrl":"https:\/\/alt.thehookah.de\/wp-content\/uploads\/2018\/05\/Hoodie_B_2.jpg","datePublished":"2018-05-01T13:43:39+00:00","dateModified":"2018-05-01T13:43:39+00:00","description":"Hoodie THE HOOKAH - B -> pour ta soir\u00e9e chicha ou juste comme \u00e7a, d\u00e9couvre ici notre hoodie avec le logo de ton magasin de chicha !","breadcrumb":{"@id":"https:\/\/alt.thehookah.de\/fr\/produkt\/sweat-a-capuche-the-hookah-b\/#breadcrumb"},"inLanguage":"fr-FR","potentialAction":[{"@type":"ReadAction","target":["https:\/\/alt.thehookah.de\/fr\/produkt\/sweat-a-capuche-the-hookah-b\/"]}]},{"@type":"ImageObject","inLanguage":"fr-FR","@id":"https:\/\/alt.thehookah.de\/fr\/produkt\/sweat-a-capuche-the-hookah-b\/#primaryimage","url":"https:\/\/alt.thehookah.de\/wp-content\/uploads\/2018\/05\/Hoodie_B_2.jpg","contentUrl":"https:\/\/alt.thehookah.de\/wp-content\/uploads\/2018\/05\/Hoodie_B_2.jpg","width":2000,"height":2000,"caption":"Hoodie - THE HOOKAH - B (Devant)"},{"@type":"BreadcrumbList","@id":"https:\/\/alt.thehookah.de\/fr\/produkt\/sweat-a-capuche-the-hookah-b\/#breadcrumb","itemListElement":[{"@type":"ListItem","position":1,"name":"Startseite","item":"https:\/\/alt.thehookah.de\/fr\/"},{"@type":"ListItem","position":2,"name":"Ta boutique en ligne HOOKAH","item":"https:\/\/alt.thehookah.de\/fr\/ta-boutique-en-ligne-hookah\/"},{"@type":"ListItem","position":3,"name":"Sweat \u00e0 capuche THE HOOKAH &#8211; B"}]},{"@type":"WebSite","@id":"https:\/\/alt.thehookah.de\/fr\/#website","url":"https:\/\/alt.thehookah.de\/fr\/","name":"The Hookah","description":"","publisher":{"@id":"https:\/\/alt.thehookah.de\/fr\/#organization"},"potentialAction":[{"@type":"SearchAction","target":{"@type":"EntryPoint","urlTemplate":"https:\/\/alt.thehookah.de\/fr\/?s={search_term_string}"},"query-input":"required name=search_term_string"}],"inLanguage":"fr-FR"},{"@type":"Organization","@id":"https:\/\/alt.thehookah.de\/fr\/#organization","name":"The Hookah","url":"https:\/\/alt.thehookah.de\/fr\/","logo":{"@type":"ImageObject","inLanguage":"fr-FR","@id":"https:\/\/alt.thehookah.de\/fr\/#\/schema\/logo\/image\/","url":"https:\/\/alt.thehookah.de\/wp-content\/uploads\/2021\/02\/cropped-logo2.png","contentUrl":"https:\/\/alt.thehookah.de\/wp-content\/uploads\/2021\/02\/cropped-logo2.png","width":300,"height":86,"caption":"The Hookah"},"image":{"@id":"https:\/\/alt.thehookah.de\/fr\/#\/schema\/logo\/image\/"}}]},"og_availability":"instock","product_availability":"instock","product_retailer_item_id":"HO-B1","product_condition":"new"},"_links":{"self":[{"href":"https:\/\/alt.thehookah.de\/fr\/wp-json\/wp\/v2\/product\/620487"}],"collection":[{"href":"https:\/\/alt.thehookah.de\/fr\/wp-json\/wp\/v2\/product"}],"about":[{"href":"https:\/\/alt.thehookah.de\/fr\/wp-json\/wp\/v2\/types\/product"}],"replies":[{"embeddable":true,"href":"https:\/\/alt.thehookah.de\/fr\/wp-json\/wp\/v2\/comments?post=620487"}],"wp:featuredmedia":[{"embeddable":true,"href":"https:\/\/alt.thehookah.de\/fr\/wp-json\/wp\/v2\/media\/532861"}],"wp:attachment":[{"href":"https:\/\/alt.thehookah.de\/fr\/wp-json\/wp\/v2\/media?parent=620487"}],"wp:term":[{"taxonomy":"product_cat","embeddable":true,"href":"https:\/\/alt.thehookah.de\/fr\/wp-json\/wp\/v2\/product_cat?post=620487"},{"taxonomy":"product_tag","embeddable":true,"href":"https:\/\/alt.thehookah.de\/fr\/wp-json\/wp\/v2\/product_tag?post=620487"}],"curies":[{"name":"wp","href":"https:\/\/api.w.org\/{rel}","templated":true}]}}