{"id":620531,"date":"2018-04-24T15:39:04","date_gmt":"2018-04-24T13:39:04","guid":{"rendered":"https:\/\/www.thehookah.de\/produkt\/kit-de-raccords-de-tuyaux\/"},"modified":"2018-04-24T15:39:04","modified_gmt":"2018-04-24T13:39:04","slug":"kit-de-raccords-de-tuyaux","status":"publish","type":"product","link":"https:\/\/alt.thehookah.de\/fr\/produkt\/kit-de-raccords-de-tuyaux\/","title":{"rendered":"Kit de raccords de tuyaux"},"content":{"rendered":"<h3><strong>1 x kit de raccordement de tuyau<\/strong><\/h3>\n<p><strong>Compatible avec tous les mod\u00e8les THE HOOKAH.<\/strong><\/p>\n<h3><strong>M <em>14 x 1<\/em>,00<\/strong><\/h3>\n","protected":false},"excerpt":{"rendered":"<p>Kit de raccords de tuyaux<\/p>\n","protected":false},"featured_media":532707,"comment_status":"open","ping_status":"closed","template":"","meta":[],"product_cat":[310,359],"product_tag":[373,467,468,466,469,372,386],"yoast_head":"<!-- This site is optimized with the Yoast SEO plugin v22.5 - https:\/\/yoast.com\/wordpress\/plugins\/seo\/ -->\n<title>Set de raccord de tuyau pour pipe \u00e0 eau | Set de shisha acheter<\/title>\n<meta name=\"description\" content=\"Kit de raccords de tuyaux pour votre narguil\u00e9 achet\u00e9 en ligne dans la boutique en ligne THE HOOKAH, grand choix d&#039;accessoires pour shisha ici !\" \/>\n<meta name=\"robots\" content=\"index, follow, max-snippet:-1, max-image-preview:large, max-video-preview:-1\" \/>\n<link rel=\"canonical\" href=\"https:\/\/alt.thehookah.de\/fr\/produkt\/kit-de-raccords-de-tuyaux\/\" \/>\n<meta property=\"og:locale\" content=\"fr_FR\" \/>\n<meta property=\"og:type\" content=\"article\" \/>\n<meta property=\"og:title\" content=\"Set de raccord de tuyau pour pipe \u00e0 eau | Set de shisha acheter\" \/>\n<meta property=\"og:description\" content=\"Kit de raccords de tuyaux pour votre narguil\u00e9 achet\u00e9 en ligne dans la boutique en ligne THE HOOKAH, grand choix d&#039;accessoires pour shisha ici !\" \/>\n<meta property=\"og:url\" content=\"https:\/\/alt.thehookah.de\/fr\/produkt\/kit-de-raccords-de-tuyaux\/\" \/>\n<meta property=\"og:site_name\" content=\"The Hookah\" \/>\n<meta property=\"og:image\" content=\"https:\/\/alt.thehookah.de\/wp-content\/uploads\/2018\/04\/11.jpg\" \/>\n\t<meta property=\"og:image:width\" content=\"2000\" \/>\n\t<meta property=\"og:image:height\" content=\"2000\" \/>\n\t<meta property=\"og:image:type\" content=\"image\/jpeg\" \/>\n<meta name=\"twitter:card\" content=\"summary_large_image\" \/>\n<meta name=\"twitter:label1\" content=\"Prix\" \/>\n\t<meta name=\"twitter:data1\" content=\"16,98&nbsp;&euro;\" \/>\n\t<meta name=\"twitter:label2\" content=\"Disponibilit\u00e9\" \/>\n\t<meta name=\"twitter:data2\" content=\"En stock\" \/>\n<script type=\"application\/ld+json\" class=\"yoast-schema-graph\">{\"@context\":\"https:\/\/schema.org\",\"@graph\":[{\"@type\":\"WebPage\",\"@id\":\"https:\/\/alt.thehookah.de\/fr\/produkt\/kit-de-raccords-de-tuyaux\/\",\"url\":\"https:\/\/alt.thehookah.de\/fr\/produkt\/kit-de-raccords-de-tuyaux\/\",\"name\":\"Set de raccord de tuyau pour pipe \u00e0 eau | Set de shisha acheter\",\"isPartOf\":{\"@id\":\"https:\/\/alt.thehookah.de\/fr\/#website\"},\"primaryImageOfPage\":{\"@id\":\"https:\/\/alt.thehookah.de\/fr\/produkt\/kit-de-raccords-de-tuyaux\/#primaryimage\"},\"image\":{\"@id\":\"https:\/\/alt.thehookah.de\/fr\/produkt\/kit-de-raccords-de-tuyaux\/#primaryimage\"},\"thumbnailUrl\":\"https:\/\/alt.thehookah.de\/wp-content\/uploads\/2018\/04\/11.jpg\",\"datePublished\":\"2018-04-24T13:39:04+00:00\",\"dateModified\":\"2018-04-24T13:39:04+00:00\",\"description\":\"Kit de raccords de tuyaux pour votre narguil\u00e9 achet\u00e9 en ligne dans la boutique en ligne THE HOOKAH, grand choix d'accessoires pour shisha ici !\",\"breadcrumb\":{\"@id\":\"https:\/\/alt.thehookah.de\/fr\/produkt\/kit-de-raccords-de-tuyaux\/#breadcrumb\"},\"inLanguage\":\"fr-FR\",\"potentialAction\":[{\"@type\":\"ReadAction\",\"target\":[\"https:\/\/alt.thehookah.de\/fr\/produkt\/kit-de-raccords-de-tuyaux\/\"]}]},{\"@type\":\"ImageObject\",\"inLanguage\":\"fr-FR\",\"@id\":\"https:\/\/alt.thehookah.de\/fr\/produkt\/kit-de-raccords-de-tuyaux\/#primaryimage\",\"url\":\"https:\/\/alt.thehookah.de\/wp-content\/uploads\/2018\/04\/11.jpg\",\"contentUrl\":\"https:\/\/alt.thehookah.de\/wp-content\/uploads\/2018\/04\/11.jpg\",\"width\":2000,\"height\":2000,\"caption\":\"Kit de raccords de tuyaux - THE HOOKAH\"},{\"@type\":\"BreadcrumbList\",\"@id\":\"https:\/\/alt.thehookah.de\/fr\/produkt\/kit-de-raccords-de-tuyaux\/#breadcrumb\",\"itemListElement\":[{\"@type\":\"ListItem\",\"position\":1,\"name\":\"Startseite\",\"item\":\"https:\/\/alt.thehookah.de\/fr\/\"},{\"@type\":\"ListItem\",\"position\":2,\"name\":\"Ta boutique en ligne HOOKAH\",\"item\":\"https:\/\/alt.thehookah.de\/fr\/ta-boutique-en-ligne-hookah\/\"},{\"@type\":\"ListItem\",\"position\":3,\"name\":\"Kit de raccords de tuyaux\"}]},{\"@type\":\"WebSite\",\"@id\":\"https:\/\/alt.thehookah.de\/fr\/#website\",\"url\":\"https:\/\/alt.thehookah.de\/fr\/\",\"name\":\"The Hookah\",\"description\":\"\",\"publisher\":{\"@id\":\"https:\/\/alt.thehookah.de\/fr\/#organization\"},\"potentialAction\":[{\"@type\":\"SearchAction\",\"target\":{\"@type\":\"EntryPoint\",\"urlTemplate\":\"https:\/\/alt.thehookah.de\/fr\/?s={search_term_string}\"},\"query-input\":\"required name=search_term_string\"}],\"inLanguage\":\"fr-FR\"},{\"@type\":\"Organization\",\"@id\":\"https:\/\/alt.thehookah.de\/fr\/#organization\",\"name\":\"The Hookah\",\"url\":\"https:\/\/alt.thehookah.de\/fr\/\",\"logo\":{\"@type\":\"ImageObject\",\"inLanguage\":\"fr-FR\",\"@id\":\"https:\/\/alt.thehookah.de\/fr\/#\/schema\/logo\/image\/\",\"url\":\"https:\/\/alt.thehookah.de\/wp-content\/uploads\/2021\/02\/cropped-logo2.png\",\"contentUrl\":\"https:\/\/alt.thehookah.de\/wp-content\/uploads\/2021\/02\/cropped-logo2.png\",\"width\":300,\"height\":86,\"caption\":\"The Hookah\"},\"image\":{\"@id\":\"https:\/\/alt.thehookah.de\/fr\/#\/schema\/logo\/image\/\"}}]}<\/script>\n<meta property=\"product:price:amount\" content=\"16.98\" \/>\n<meta property=\"product:price:currency\" content=\"EUR\" \/>\n<meta property=\"og:availability\" content=\"instock\" \/>\n<meta property=\"product:availability\" content=\"instock\" \/>\n<meta property=\"product:retailer_item_id\" content=\"SA-1\" \/>\n<meta property=\"product:condition\" content=\"new\" \/>\n<!-- \/ Yoast SEO plugin. -->","yoast_head_json":{"title":"Set de raccord de tuyau pour pipe \u00e0 eau | Set de shisha acheter","description":"Kit de raccords de tuyaux pour votre narguil\u00e9 achet\u00e9 en ligne dans la boutique en ligne THE HOOKAH, grand choix d'accessoires pour shisha ici !","robots":{"index":"index","follow":"follow","max-snippet":"max-snippet:-1","max-image-preview":"max-image-preview:large","max-video-preview":"max-video-preview:-1"},"canonical":"https:\/\/alt.thehookah.de\/fr\/produkt\/kit-de-raccords-de-tuyaux\/","og_locale":"fr_FR","og_type":"article","og_title":"Set de raccord de tuyau pour pipe \u00e0 eau | Set de shisha acheter","og_description":"Kit de raccords de tuyaux pour votre narguil\u00e9 achet\u00e9 en ligne dans la boutique en ligne THE HOOKAH, grand choix d'accessoires pour shisha ici !","og_url":"https:\/\/alt.thehookah.de\/fr\/produkt\/kit-de-raccords-de-tuyaux\/","og_site_name":"The Hookah","og_image":[{"width":2000,"height":2000,"url":"https:\/\/alt.thehookah.de\/wp-content\/uploads\/2018\/04\/11.jpg","type":"image\/jpeg"}],"twitter_card":"summary_large_image","twitter_misc":{"Prix":"16,98&nbsp;&euro;","Disponibilit\u00e9":"En stock"},"schema":{"@context":"https:\/\/schema.org","@graph":[{"@type":"WebPage","@id":"https:\/\/alt.thehookah.de\/fr\/produkt\/kit-de-raccords-de-tuyaux\/","url":"https:\/\/alt.thehookah.de\/fr\/produkt\/kit-de-raccords-de-tuyaux\/","name":"Set de raccord de tuyau pour pipe \u00e0 eau | Set de shisha acheter","isPartOf":{"@id":"https:\/\/alt.thehookah.de\/fr\/#website"},"primaryImageOfPage":{"@id":"https:\/\/alt.thehookah.de\/fr\/produkt\/kit-de-raccords-de-tuyaux\/#primaryimage"},"image":{"@id":"https:\/\/alt.thehookah.de\/fr\/produkt\/kit-de-raccords-de-tuyaux\/#primaryimage"},"thumbnailUrl":"https:\/\/alt.thehookah.de\/wp-content\/uploads\/2018\/04\/11.jpg","datePublished":"2018-04-24T13:39:04+00:00","dateModified":"2018-04-24T13:39:04+00:00","description":"Kit de raccords de tuyaux pour votre narguil\u00e9 achet\u00e9 en ligne dans la boutique en ligne THE HOOKAH, grand choix d'accessoires pour shisha ici !","breadcrumb":{"@id":"https:\/\/alt.thehookah.de\/fr\/produkt\/kit-de-raccords-de-tuyaux\/#breadcrumb"},"inLanguage":"fr-FR","potentialAction":[{"@type":"ReadAction","target":["https:\/\/alt.thehookah.de\/fr\/produkt\/kit-de-raccords-de-tuyaux\/"]}]},{"@type":"ImageObject","inLanguage":"fr-FR","@id":"https:\/\/alt.thehookah.de\/fr\/produkt\/kit-de-raccords-de-tuyaux\/#primaryimage","url":"https:\/\/alt.thehookah.de\/wp-content\/uploads\/2018\/04\/11.jpg","contentUrl":"https:\/\/alt.thehookah.de\/wp-content\/uploads\/2018\/04\/11.jpg","width":2000,"height":2000,"caption":"Kit de raccords de tuyaux - THE HOOKAH"},{"@type":"BreadcrumbList","@id":"https:\/\/alt.thehookah.de\/fr\/produkt\/kit-de-raccords-de-tuyaux\/#breadcrumb","itemListElement":[{"@type":"ListItem","position":1,"name":"Startseite","item":"https:\/\/alt.thehookah.de\/fr\/"},{"@type":"ListItem","position":2,"name":"Ta boutique en ligne HOOKAH","item":"https:\/\/alt.thehookah.de\/fr\/ta-boutique-en-ligne-hookah\/"},{"@type":"ListItem","position":3,"name":"Kit de raccords de tuyaux"}]},{"@type":"WebSite","@id":"https:\/\/alt.thehookah.de\/fr\/#website","url":"https:\/\/alt.thehookah.de\/fr\/","name":"The Hookah","description":"","publisher":{"@id":"https:\/\/alt.thehookah.de\/fr\/#organization"},"potentialAction":[{"@type":"SearchAction","target":{"@type":"EntryPoint","urlTemplate":"https:\/\/alt.thehookah.de\/fr\/?s={search_term_string}"},"query-input":"required name=search_term_string"}],"inLanguage":"fr-FR"},{"@type":"Organization","@id":"https:\/\/alt.thehookah.de\/fr\/#organization","name":"The Hookah","url":"https:\/\/alt.thehookah.de\/fr\/","logo":{"@type":"ImageObject","inLanguage":"fr-FR","@id":"https:\/\/alt.thehookah.de\/fr\/#\/schema\/logo\/image\/","url":"https:\/\/alt.thehookah.de\/wp-content\/uploads\/2021\/02\/cropped-logo2.png","contentUrl":"https:\/\/alt.thehookah.de\/wp-content\/uploads\/2021\/02\/cropped-logo2.png","width":300,"height":86,"caption":"The Hookah"},"image":{"@id":"https:\/\/alt.thehookah.de\/fr\/#\/schema\/logo\/image\/"}}]},"product_price_amount":"16.98","product_price_currency":"EUR","og_availability":"instock","product_availability":"instock","product_retailer_item_id":"SA-1","product_condition":"new"},"_links":{"self":[{"href":"https:\/\/alt.thehookah.de\/fr\/wp-json\/wp\/v2\/product\/620531"}],"collection":[{"href":"https:\/\/alt.thehookah.de\/fr\/wp-json\/wp\/v2\/product"}],"about":[{"href":"https:\/\/alt.thehookah.de\/fr\/wp-json\/wp\/v2\/types\/product"}],"replies":[{"embeddable":true,"href":"https:\/\/alt.thehookah.de\/fr\/wp-json\/wp\/v2\/comments?post=620531"}],"wp:featuredmedia":[{"embeddable":true,"href":"https:\/\/alt.thehookah.de\/fr\/wp-json\/wp\/v2\/media\/532707"}],"wp:attachment":[{"href":"https:\/\/alt.thehookah.de\/fr\/wp-json\/wp\/v2\/media?parent=620531"}],"wp:term":[{"taxonomy":"product_cat","embeddable":true,"href":"https:\/\/alt.thehookah.de\/fr\/wp-json\/wp\/v2\/product_cat?post=620531"},{"taxonomy":"product_tag","embeddable":true,"href":"https:\/\/alt.thehookah.de\/fr\/wp-json\/wp\/v2\/product_tag?post=620531"}],"curies":[{"name":"wp","href":"https:\/\/api.w.org\/{rel}","templated":true}]}}