{"id":620719,"date":"2018-06-01T23:31:45","date_gmt":"2018-06-01T21:31:45","guid":{"rendered":"https:\/\/www.thehookah.de\/produkt\/tuyau-en-silicone-aspect-carbone\/"},"modified":"2018-06-01T23:31:45","modified_gmt":"2018-06-01T21:31:45","slug":"tuyau-en-silicone-aspect-carbone","status":"publish","type":"product","link":"https:\/\/alt.thehookah.de\/fr\/produkt\/tuyau-en-silicone-aspect-carbone\/","title":{"rendered":"Tuyau en silicone aspect carbone"},"content":{"rendered":"<h2>Tuyau en silicone &#8220;Carbon&#8221; Noir Mat<\/h2>\n<ul>\n<li>Tuyau en silicone &#8220;aspect carbone&#8221; noir mat<\/li>\n<li>longueur : 1,5 m<\/li>\n<li>Couleur : &#8220;carbone&#8221; noir mat<\/li>\n<li>Sans poussi\u00e8re ! Tr\u00e8s facile \u00e0 nettoyer.<\/li>\n<\/ul>\n","protected":false},"excerpt":{"rendered":"<p>Tuyau en silicone en &#8220;carbone&#8221; noir mat<\/p>\n","protected":false},"featured_media":533757,"comment_status":"open","ping_status":"closed","template":"","meta":[],"product_cat":[310,335],"product_tag":[373,532,533,372,386],"yoast_head":"<!-- This site is optimized with the Yoast SEO plugin v22.5 - https:\/\/yoast.com\/wordpress\/plugins\/seo\/ -->\n<title>Shisha Silkonschlauch Carbon Noir Mat | acheter en ligne \u00e0 bas prix<\/title>\n<meta name=\"description\" content=\"Tuyau de shisha en silicone carbone noir mat pour tous les shishas\/pipe \u00e0 eau courants acheter dans la boutique THE HOOKAH, plus de tuyaux de shisha disponibles ici !\" \/>\n<meta name=\"robots\" content=\"index, follow, max-snippet:-1, max-image-preview:large, max-video-preview:-1\" \/>\n<link rel=\"canonical\" href=\"https:\/\/alt.thehookah.de\/fr\/produkt\/tuyau-en-silicone-aspect-carbone\/\" \/>\n<meta property=\"og:locale\" content=\"fr_FR\" \/>\n<meta property=\"og:type\" content=\"article\" \/>\n<meta property=\"og:title\" content=\"Shisha Silkonschlauch Carbon Noir Mat | acheter en ligne \u00e0 bas prix\" \/>\n<meta property=\"og:description\" content=\"Tuyau de shisha en silicone carbone noir mat pour tous les shishas\/pipe \u00e0 eau courants acheter dans la boutique THE HOOKAH, plus de tuyaux de shisha disponibles ici !\" \/>\n<meta property=\"og:url\" content=\"https:\/\/alt.thehookah.de\/fr\/produkt\/tuyau-en-silicone-aspect-carbone\/\" \/>\n<meta property=\"og:site_name\" content=\"The Hookah\" \/>\n<meta property=\"og:image\" content=\"https:\/\/alt.thehookah.de\/wp-content\/uploads\/2018\/06\/carbonschlauch3.jpg\" \/>\n\t<meta property=\"og:image:width\" content=\"2000\" \/>\n\t<meta property=\"og:image:height\" content=\"2000\" \/>\n\t<meta property=\"og:image:type\" content=\"image\/jpeg\" \/>\n<meta name=\"twitter:card\" content=\"summary_large_image\" \/>\n<meta name=\"twitter:label1\" content=\"Prix\" \/>\n\t<meta name=\"twitter:data1\" content=\"9,99&nbsp;&euro;\" \/>\n\t<meta name=\"twitter:label2\" content=\"Disponibilit\u00e9\" \/>\n\t<meta name=\"twitter:data2\" content=\"En stock\" \/>\n<script type=\"application\/ld+json\" class=\"yoast-schema-graph\">{\"@context\":\"https:\/\/schema.org\",\"@graph\":[{\"@type\":\"WebPage\",\"@id\":\"https:\/\/alt.thehookah.de\/fr\/produkt\/tuyau-en-silicone-aspect-carbone\/\",\"url\":\"https:\/\/alt.thehookah.de\/fr\/produkt\/tuyau-en-silicone-aspect-carbone\/\",\"name\":\"Shisha Silkonschlauch Carbon Noir Mat | acheter en ligne \u00e0 bas prix\",\"isPartOf\":{\"@id\":\"https:\/\/alt.thehookah.de\/fr\/#website\"},\"primaryImageOfPage\":{\"@id\":\"https:\/\/alt.thehookah.de\/fr\/produkt\/tuyau-en-silicone-aspect-carbone\/#primaryimage\"},\"image\":{\"@id\":\"https:\/\/alt.thehookah.de\/fr\/produkt\/tuyau-en-silicone-aspect-carbone\/#primaryimage\"},\"thumbnailUrl\":\"https:\/\/alt.thehookah.de\/wp-content\/uploads\/2018\/06\/carbonschlauch3.jpg\",\"datePublished\":\"2018-06-01T21:31:45+00:00\",\"dateModified\":\"2018-06-01T21:31:45+00:00\",\"description\":\"Tuyau de shisha en silicone carbone noir mat pour tous les shishas\/pipe \u00e0 eau courants acheter dans la boutique THE HOOKAH, plus de tuyaux de shisha disponibles ici !\",\"breadcrumb\":{\"@id\":\"https:\/\/alt.thehookah.de\/fr\/produkt\/tuyau-en-silicone-aspect-carbone\/#breadcrumb\"},\"inLanguage\":\"fr-FR\",\"potentialAction\":[{\"@type\":\"ReadAction\",\"target\":[\"https:\/\/alt.thehookah.de\/fr\/produkt\/tuyau-en-silicone-aspect-carbone\/\"]}]},{\"@type\":\"ImageObject\",\"inLanguage\":\"fr-FR\",\"@id\":\"https:\/\/alt.thehookah.de\/fr\/produkt\/tuyau-en-silicone-aspect-carbone\/#primaryimage\",\"url\":\"https:\/\/alt.thehookah.de\/wp-content\/uploads\/2018\/06\/carbonschlauch3.jpg\",\"contentUrl\":\"https:\/\/alt.thehookah.de\/wp-content\/uploads\/2018\/06\/carbonschlauch3.jpg\",\"width\":2000,\"height\":2000,\"caption\":\"Tuyau en silicone carbone noir mat - THE HOOKAH\"},{\"@type\":\"BreadcrumbList\",\"@id\":\"https:\/\/alt.thehookah.de\/fr\/produkt\/tuyau-en-silicone-aspect-carbone\/#breadcrumb\",\"itemListElement\":[{\"@type\":\"ListItem\",\"position\":1,\"name\":\"Startseite\",\"item\":\"https:\/\/alt.thehookah.de\/fr\/\"},{\"@type\":\"ListItem\",\"position\":2,\"name\":\"Ta boutique en ligne HOOKAH\",\"item\":\"https:\/\/alt.thehookah.de\/fr\/ta-boutique-en-ligne-hookah\/\"},{\"@type\":\"ListItem\",\"position\":3,\"name\":\"Tuyau en silicone aspect carbone\"}]},{\"@type\":\"WebSite\",\"@id\":\"https:\/\/alt.thehookah.de\/fr\/#website\",\"url\":\"https:\/\/alt.thehookah.de\/fr\/\",\"name\":\"The Hookah\",\"description\":\"\",\"publisher\":{\"@id\":\"https:\/\/alt.thehookah.de\/fr\/#organization\"},\"potentialAction\":[{\"@type\":\"SearchAction\",\"target\":{\"@type\":\"EntryPoint\",\"urlTemplate\":\"https:\/\/alt.thehookah.de\/fr\/?s={search_term_string}\"},\"query-input\":\"required name=search_term_string\"}],\"inLanguage\":\"fr-FR\"},{\"@type\":\"Organization\",\"@id\":\"https:\/\/alt.thehookah.de\/fr\/#organization\",\"name\":\"The Hookah\",\"url\":\"https:\/\/alt.thehookah.de\/fr\/\",\"logo\":{\"@type\":\"ImageObject\",\"inLanguage\":\"fr-FR\",\"@id\":\"https:\/\/alt.thehookah.de\/fr\/#\/schema\/logo\/image\/\",\"url\":\"https:\/\/alt.thehookah.de\/wp-content\/uploads\/2021\/02\/cropped-logo2.png\",\"contentUrl\":\"https:\/\/alt.thehookah.de\/wp-content\/uploads\/2021\/02\/cropped-logo2.png\",\"width\":300,\"height\":86,\"caption\":\"The Hookah\"},\"image\":{\"@id\":\"https:\/\/alt.thehookah.de\/fr\/#\/schema\/logo\/image\/\"}}]}<\/script>\n<meta property=\"product:price:amount\" content=\"9.99\" \/>\n<meta property=\"product:price:currency\" content=\"EUR\" \/>\n<meta property=\"og:availability\" content=\"instock\" \/>\n<meta property=\"product:availability\" content=\"instock\" \/>\n<meta property=\"product:retailer_item_id\" content=\"SILIKON-CS1\" \/>\n<meta property=\"product:condition\" content=\"new\" \/>\n<!-- \/ Yoast SEO plugin. -->","yoast_head_json":{"title":"Shisha Silkonschlauch Carbon Noir Mat | acheter en ligne \u00e0 bas prix","description":"Tuyau de shisha en silicone carbone noir mat pour tous les shishas\/pipe \u00e0 eau courants acheter dans la boutique THE HOOKAH, plus de tuyaux de shisha disponibles ici !","robots":{"index":"index","follow":"follow","max-snippet":"max-snippet:-1","max-image-preview":"max-image-preview:large","max-video-preview":"max-video-preview:-1"},"canonical":"https:\/\/alt.thehookah.de\/fr\/produkt\/tuyau-en-silicone-aspect-carbone\/","og_locale":"fr_FR","og_type":"article","og_title":"Shisha Silkonschlauch Carbon Noir Mat | acheter en ligne \u00e0 bas prix","og_description":"Tuyau de shisha en silicone carbone noir mat pour tous les shishas\/pipe \u00e0 eau courants acheter dans la boutique THE HOOKAH, plus de tuyaux de shisha disponibles ici !","og_url":"https:\/\/alt.thehookah.de\/fr\/produkt\/tuyau-en-silicone-aspect-carbone\/","og_site_name":"The Hookah","og_image":[{"width":2000,"height":2000,"url":"https:\/\/alt.thehookah.de\/wp-content\/uploads\/2018\/06\/carbonschlauch3.jpg","type":"image\/jpeg"}],"twitter_card":"summary_large_image","twitter_misc":{"Prix":"9,99&nbsp;&euro;","Disponibilit\u00e9":"En stock"},"schema":{"@context":"https:\/\/schema.org","@graph":[{"@type":"WebPage","@id":"https:\/\/alt.thehookah.de\/fr\/produkt\/tuyau-en-silicone-aspect-carbone\/","url":"https:\/\/alt.thehookah.de\/fr\/produkt\/tuyau-en-silicone-aspect-carbone\/","name":"Shisha Silkonschlauch Carbon Noir Mat | acheter en ligne \u00e0 bas prix","isPartOf":{"@id":"https:\/\/alt.thehookah.de\/fr\/#website"},"primaryImageOfPage":{"@id":"https:\/\/alt.thehookah.de\/fr\/produkt\/tuyau-en-silicone-aspect-carbone\/#primaryimage"},"image":{"@id":"https:\/\/alt.thehookah.de\/fr\/produkt\/tuyau-en-silicone-aspect-carbone\/#primaryimage"},"thumbnailUrl":"https:\/\/alt.thehookah.de\/wp-content\/uploads\/2018\/06\/carbonschlauch3.jpg","datePublished":"2018-06-01T21:31:45+00:00","dateModified":"2018-06-01T21:31:45+00:00","description":"Tuyau de shisha en silicone carbone noir mat pour tous les shishas\/pipe \u00e0 eau courants acheter dans la boutique THE HOOKAH, plus de tuyaux de shisha disponibles ici !","breadcrumb":{"@id":"https:\/\/alt.thehookah.de\/fr\/produkt\/tuyau-en-silicone-aspect-carbone\/#breadcrumb"},"inLanguage":"fr-FR","potentialAction":[{"@type":"ReadAction","target":["https:\/\/alt.thehookah.de\/fr\/produkt\/tuyau-en-silicone-aspect-carbone\/"]}]},{"@type":"ImageObject","inLanguage":"fr-FR","@id":"https:\/\/alt.thehookah.de\/fr\/produkt\/tuyau-en-silicone-aspect-carbone\/#primaryimage","url":"https:\/\/alt.thehookah.de\/wp-content\/uploads\/2018\/06\/carbonschlauch3.jpg","contentUrl":"https:\/\/alt.thehookah.de\/wp-content\/uploads\/2018\/06\/carbonschlauch3.jpg","width":2000,"height":2000,"caption":"Tuyau en silicone carbone noir mat - THE HOOKAH"},{"@type":"BreadcrumbList","@id":"https:\/\/alt.thehookah.de\/fr\/produkt\/tuyau-en-silicone-aspect-carbone\/#breadcrumb","itemListElement":[{"@type":"ListItem","position":1,"name":"Startseite","item":"https:\/\/alt.thehookah.de\/fr\/"},{"@type":"ListItem","position":2,"name":"Ta boutique en ligne HOOKAH","item":"https:\/\/alt.thehookah.de\/fr\/ta-boutique-en-ligne-hookah\/"},{"@type":"ListItem","position":3,"name":"Tuyau en silicone aspect carbone"}]},{"@type":"WebSite","@id":"https:\/\/alt.thehookah.de\/fr\/#website","url":"https:\/\/alt.thehookah.de\/fr\/","name":"The Hookah","description":"","publisher":{"@id":"https:\/\/alt.thehookah.de\/fr\/#organization"},"potentialAction":[{"@type":"SearchAction","target":{"@type":"EntryPoint","urlTemplate":"https:\/\/alt.thehookah.de\/fr\/?s={search_term_string}"},"query-input":"required name=search_term_string"}],"inLanguage":"fr-FR"},{"@type":"Organization","@id":"https:\/\/alt.thehookah.de\/fr\/#organization","name":"The Hookah","url":"https:\/\/alt.thehookah.de\/fr\/","logo":{"@type":"ImageObject","inLanguage":"fr-FR","@id":"https:\/\/alt.thehookah.de\/fr\/#\/schema\/logo\/image\/","url":"https:\/\/alt.thehookah.de\/wp-content\/uploads\/2021\/02\/cropped-logo2.png","contentUrl":"https:\/\/alt.thehookah.de\/wp-content\/uploads\/2021\/02\/cropped-logo2.png","width":300,"height":86,"caption":"The Hookah"},"image":{"@id":"https:\/\/alt.thehookah.de\/fr\/#\/schema\/logo\/image\/"}}]},"product_price_amount":"9.99","product_price_currency":"EUR","og_availability":"instock","product_availability":"instock","product_retailer_item_id":"SILIKON-CS1","product_condition":"new"},"_links":{"self":[{"href":"https:\/\/alt.thehookah.de\/fr\/wp-json\/wp\/v2\/product\/620719"}],"collection":[{"href":"https:\/\/alt.thehookah.de\/fr\/wp-json\/wp\/v2\/product"}],"about":[{"href":"https:\/\/alt.thehookah.de\/fr\/wp-json\/wp\/v2\/types\/product"}],"replies":[{"embeddable":true,"href":"https:\/\/alt.thehookah.de\/fr\/wp-json\/wp\/v2\/comments?post=620719"}],"wp:featuredmedia":[{"embeddable":true,"href":"https:\/\/alt.thehookah.de\/fr\/wp-json\/wp\/v2\/media\/533757"}],"wp:attachment":[{"href":"https:\/\/alt.thehookah.de\/fr\/wp-json\/wp\/v2\/media?parent=620719"}],"wp:term":[{"taxonomy":"product_cat","embeddable":true,"href":"https:\/\/alt.thehookah.de\/fr\/wp-json\/wp\/v2\/product_cat?post=620719"},{"taxonomy":"product_tag","embeddable":true,"href":"https:\/\/alt.thehookah.de\/fr\/wp-json\/wp\/v2\/product_tag?post=620719"}],"curies":[{"name":"wp","href":"https:\/\/api.w.org\/{rel}","templated":true}]}}