{"id":620740,"date":"2018-05-10T15:00:59","date_gmt":"2018-05-10T13:00:59","guid":{"rendered":"https:\/\/www.thehookah.de\/produkt\/monster-joe-2-0\/"},"modified":"2024-04-16T17:23:37","modified_gmt":"2024-04-16T15:23:37","slug":"monster-joe-2-0","status":"publish","type":"product","link":"https:\/\/alt.thehookah.de\/fr\/produkt\/monster-joe-2-0\/","title":{"rendered":"Monster JOE 2.0"},"content":{"rendered":"<h2>Monster JOE 2.0<\/h2>\n<blockquote><p>&#8220;Oui, les jours de l&#8217;oubli sont termin\u00e9s, voici ceux du souvenir !&#8221; &#8211; Pulp Fiction<\/p><\/blockquote>\n<p><strong>La shisha \/ hookah \/ pipe \u00e0 eau pour la maison !<\/strong><\/p>\n<div><strong>Gr\u00e2ce \u00e0 notre nouveau &amp; tube plongeur en plusieurs parties en V2A, avec diffuseur d\u00e9vissable,<\/strong><\/div>\n<div><strong>vous pouvez maintenant d\u00e9terminer vous-m\u00eame la r\u00e9ponse de votre THE HOOKAH.<\/strong><\/div>\n<div>Dans la version courte, un comportement plus direct et dans la version longue, un comportement un peu plus indirect.<\/div>\n<div>Dans tous les cas, le diam\u00e8tre est dimensionn\u00e9 de mani\u00e8re \u00e0 ce que rien n&#8217;emp\u00eache une traction brutale.<\/div>\n<h2>D\u00e9tails du produit<\/h2>\n<p>Hauteur totale (jusqu&#8217;au plateau de charbon de verre) env. 60 cm sans pi\u00e8ge \u00e0 molasse Hauteur totale (jusqu&#8217;au plateau de charbon de verre) env. 71 cm avec pi\u00e8ge \u00e0 molasse<\/p>\n<ul>\n<li>Base en acier inoxydable V2A<\/li>\n<li>Syst\u00e8me de clic \u00e0 chambre ferm\u00e9e<\/li>\n<li>Assiette sp\u00e9ciale en verre (diam\u00e8tre env. 26 cm, mat\u00e9riau : verre borosilicat\u00e9)<\/li>\n<li>Robuste &amp; r\u00e9sistant<\/li>\n<li>R\u00e9sistant \u00e0 la chaleur<\/li>\n<li>Monster JOE Bowl 2.0 (verre en cristal)<\/li>\n<\/ul>\n<h2>Contenu de la livraison<\/h2>\n<ul>\n<li>1 x chapeau de chemin\u00e9e<\/li>\n<li>1 x t\u00eate de lecture cinq trous<\/li>\n<li>1 x plaque de charbon de verre (extr\u00eame)<\/li>\n<li>1 x adaptateur de rodage de t\u00eate 18\/8<\/li>\n<li>1 x capteur de molasse en verre borosilicat\u00e9 18\/8<\/li>\n<li>1 x colonne de fum\u00e9e Monster JOE 2.0 en acier inoxydable V2A<\/li>\n<li>1 x Monster JOE 2.0 Base en acier inoxydable V2A<\/li>\n<li>4 x manchons avec six pans creux<\/li>\n<li>4 x adaptateurs de tuyaux 18\/8<\/li>\n<li>4 x embouts 18\/8<\/li>\n<li>4 x boule en verre<\/li>\n<li>1 x tube plongeur en plusieurs parties V2A pouvant \u00eatre raccourci &amp; rallong\u00e9<\/li>\n<li>1 x diffuseur d\u00e9vissable<\/li>\n<li>1 x ressort de protection contre le pliage<\/li>\n<li>1 x tuyau en silicone noir mat<\/li>\n<li>1 x embout buccal &#8211; THE HOOKAH<\/li>\n<li>1 x pince<\/li>\n<li>1 x Monster JOE 2.0 Bowl<\/li>\n<li>4 x porte-tuyaux en acier inoxydable<\/li>\n<\/ul>\n","protected":false},"excerpt":{"rendered":"<p>&#8220;Oui, les jours de l&#8217;oubli sont termin\u00e9s, voici ceux du souvenir !&#8221; &#8211; Pulp Fiction<\/p>\n","protected":false},"featured_media":533075,"comment_status":"open","ping_status":"closed","template":"","meta":[],"product_cat":[314,321,329],"product_tag":[439,527,392,391,390,393],"yoast_head":"<!-- This site is optimized with the Yoast SEO plugin v22.5 - https:\/\/yoast.com\/wordpress\/plugins\/seo\/ -->\n<title>Monster JOE 2.0 Shisha\/pipe \u00e0 eau | Syst\u00e8me clic \u00e0 chambre ferm\u00e9e<\/title>\n<meta name=\"description\" content=\"Monster JOE 2.0 - La pipe \u00e0 eau parfaite pour toi &amp; chez toi. Enti\u00e8rement en acier inoxydable V2A, d&#039;une qualit\u00e9 sup\u00e9rieure et livr\u00e9 dans un paquet ALL INCL !\" \/>\n<meta name=\"robots\" content=\"index, follow, max-snippet:-1, max-image-preview:large, max-video-preview:-1\" \/>\n<link rel=\"canonical\" href=\"https:\/\/alt.thehookah.de\/fr\/produkt\/monster-joe-2-0\/\" \/>\n<meta property=\"og:locale\" content=\"fr_FR\" \/>\n<meta property=\"og:type\" content=\"article\" \/>\n<meta property=\"og:title\" content=\"Monster JOE 2.0 Shisha\/pipe \u00e0 eau | Syst\u00e8me clic \u00e0 chambre ferm\u00e9e\" \/>\n<meta property=\"og:description\" content=\"Monster JOE 2.0 - La pipe \u00e0 eau parfaite pour toi &amp; chez toi. Enti\u00e8rement en acier inoxydable V2A, d&#039;une qualit\u00e9 sup\u00e9rieure et livr\u00e9 dans un paquet ALL INCL !\" \/>\n<meta property=\"og:url\" content=\"https:\/\/alt.thehookah.de\/fr\/produkt\/monster-joe-2-0\/\" \/>\n<meta property=\"og:site_name\" content=\"The Hookah\" \/>\n<meta property=\"article:modified_time\" content=\"2024-04-16T15:23:37+00:00\" \/>\n<meta property=\"og:image\" content=\"https:\/\/alt.thehookah.de\/wp-content\/uploads\/2018\/05\/6-2.jpg\" \/>\n\t<meta property=\"og:image:width\" content=\"2000\" \/>\n\t<meta property=\"og:image:height\" content=\"2000\" \/>\n\t<meta property=\"og:image:type\" content=\"image\/jpeg\" \/>\n<meta name=\"twitter:card\" content=\"summary_large_image\" \/>\n<meta name=\"twitter:label1\" content=\"Disponibilit\u00e9\" \/>\n\t<meta name=\"twitter:data1\" content=\"Rupture de stock\" \/>\n<script type=\"application\/ld+json\" class=\"yoast-schema-graph\">{\"@context\":\"https:\/\/schema.org\",\"@graph\":[{\"@type\":\"WebPage\",\"@id\":\"https:\/\/alt.thehookah.de\/fr\/produkt\/monster-joe-2-0\/\",\"url\":\"https:\/\/alt.thehookah.de\/fr\/produkt\/monster-joe-2-0\/\",\"name\":\"Monster JOE 2.0 Shisha\/pipe \u00e0 eau | Syst\u00e8me clic \u00e0 chambre ferm\u00e9e\",\"isPartOf\":{\"@id\":\"https:\/\/alt.thehookah.de\/fr\/#website\"},\"primaryImageOfPage\":{\"@id\":\"https:\/\/alt.thehookah.de\/fr\/produkt\/monster-joe-2-0\/#primaryimage\"},\"image\":{\"@id\":\"https:\/\/alt.thehookah.de\/fr\/produkt\/monster-joe-2-0\/#primaryimage\"},\"thumbnailUrl\":\"https:\/\/alt.thehookah.de\/wp-content\/uploads\/2018\/05\/6-2.jpg\",\"datePublished\":\"2018-05-10T13:00:59+00:00\",\"dateModified\":\"2024-04-16T15:23:37+00:00\",\"description\":\"Monster JOE 2.0 - La pipe \u00e0 eau parfaite pour toi & chez toi. Enti\u00e8rement en acier inoxydable V2A, d'une qualit\u00e9 sup\u00e9rieure et livr\u00e9 dans un paquet ALL INCL !\",\"breadcrumb\":{\"@id\":\"https:\/\/alt.thehookah.de\/fr\/produkt\/monster-joe-2-0\/#breadcrumb\"},\"inLanguage\":\"fr-FR\",\"potentialAction\":[{\"@type\":\"ReadAction\",\"target\":[\"https:\/\/alt.thehookah.de\/fr\/produkt\/monster-joe-2-0\/\"]}]},{\"@type\":\"ImageObject\",\"inLanguage\":\"fr-FR\",\"@id\":\"https:\/\/alt.thehookah.de\/fr\/produkt\/monster-joe-2-0\/#primaryimage\",\"url\":\"https:\/\/alt.thehookah.de\/wp-content\/uploads\/2018\/05\/6-2.jpg\",\"contentUrl\":\"https:\/\/alt.thehookah.de\/wp-content\/uploads\/2018\/05\/6-2.jpg\",\"width\":2000,\"height\":2000,\"caption\":\"Monster JOE 2.0 - THE HOOKAH\"},{\"@type\":\"BreadcrumbList\",\"@id\":\"https:\/\/alt.thehookah.de\/fr\/produkt\/monster-joe-2-0\/#breadcrumb\",\"itemListElement\":[{\"@type\":\"ListItem\",\"position\":1,\"name\":\"Startseite\",\"item\":\"https:\/\/alt.thehookah.de\/fr\/\"},{\"@type\":\"ListItem\",\"position\":2,\"name\":\"Ta boutique en ligne HOOKAH\",\"item\":\"https:\/\/alt.thehookah.de\/fr\/ta-boutique-en-ligne-hookah\/\"},{\"@type\":\"ListItem\",\"position\":3,\"name\":\"Monster JOE 2.0\"}]},{\"@type\":\"WebSite\",\"@id\":\"https:\/\/alt.thehookah.de\/fr\/#website\",\"url\":\"https:\/\/alt.thehookah.de\/fr\/\",\"name\":\"The Hookah\",\"description\":\"\",\"publisher\":{\"@id\":\"https:\/\/alt.thehookah.de\/fr\/#organization\"},\"potentialAction\":[{\"@type\":\"SearchAction\",\"target\":{\"@type\":\"EntryPoint\",\"urlTemplate\":\"https:\/\/alt.thehookah.de\/fr\/?s={search_term_string}\"},\"query-input\":\"required name=search_term_string\"}],\"inLanguage\":\"fr-FR\"},{\"@type\":\"Organization\",\"@id\":\"https:\/\/alt.thehookah.de\/fr\/#organization\",\"name\":\"The Hookah\",\"url\":\"https:\/\/alt.thehookah.de\/fr\/\",\"logo\":{\"@type\":\"ImageObject\",\"inLanguage\":\"fr-FR\",\"@id\":\"https:\/\/alt.thehookah.de\/fr\/#\/schema\/logo\/image\/\",\"url\":\"https:\/\/alt.thehookah.de\/wp-content\/uploads\/2021\/02\/cropped-logo2.png\",\"contentUrl\":\"https:\/\/alt.thehookah.de\/wp-content\/uploads\/2021\/02\/cropped-logo2.png\",\"width\":300,\"height\":86,\"caption\":\"The Hookah\"},\"image\":{\"@id\":\"https:\/\/alt.thehookah.de\/fr\/#\/schema\/logo\/image\/\"}}]}<\/script>\n<meta property=\"og:availability\" content=\"out of stock\" \/>\n<meta property=\"product:availability\" content=\"out of stock\" \/>\n<meta property=\"product:retailer_item_id\" content=\"HOOKAH-JOE2\" \/>\n<meta property=\"product:condition\" content=\"new\" \/>\n<!-- \/ Yoast SEO plugin. -->","yoast_head_json":{"title":"Monster JOE 2.0 Shisha\/pipe \u00e0 eau | Syst\u00e8me clic \u00e0 chambre ferm\u00e9e","description":"Monster JOE 2.0 - La pipe \u00e0 eau parfaite pour toi & chez toi. Enti\u00e8rement en acier inoxydable V2A, d'une qualit\u00e9 sup\u00e9rieure et livr\u00e9 dans un paquet ALL INCL !","robots":{"index":"index","follow":"follow","max-snippet":"max-snippet:-1","max-image-preview":"max-image-preview:large","max-video-preview":"max-video-preview:-1"},"canonical":"https:\/\/alt.thehookah.de\/fr\/produkt\/monster-joe-2-0\/","og_locale":"fr_FR","og_type":"article","og_title":"Monster JOE 2.0 Shisha\/pipe \u00e0 eau | Syst\u00e8me clic \u00e0 chambre ferm\u00e9e","og_description":"Monster JOE 2.0 - La pipe \u00e0 eau parfaite pour toi & chez toi. Enti\u00e8rement en acier inoxydable V2A, d'une qualit\u00e9 sup\u00e9rieure et livr\u00e9 dans un paquet ALL INCL !","og_url":"https:\/\/alt.thehookah.de\/fr\/produkt\/monster-joe-2-0\/","og_site_name":"The Hookah","article_modified_time":"2024-04-16T15:23:37+00:00","og_image":[{"width":2000,"height":2000,"url":"https:\/\/alt.thehookah.de\/wp-content\/uploads\/2018\/05\/6-2.jpg","type":"image\/jpeg"}],"twitter_card":"summary_large_image","twitter_misc":{"Disponibilit\u00e9":"Rupture de stock"},"schema":{"@context":"https:\/\/schema.org","@graph":[{"@type":"WebPage","@id":"https:\/\/alt.thehookah.de\/fr\/produkt\/monster-joe-2-0\/","url":"https:\/\/alt.thehookah.de\/fr\/produkt\/monster-joe-2-0\/","name":"Monster JOE 2.0 Shisha\/pipe \u00e0 eau | Syst\u00e8me clic \u00e0 chambre ferm\u00e9e","isPartOf":{"@id":"https:\/\/alt.thehookah.de\/fr\/#website"},"primaryImageOfPage":{"@id":"https:\/\/alt.thehookah.de\/fr\/produkt\/monster-joe-2-0\/#primaryimage"},"image":{"@id":"https:\/\/alt.thehookah.de\/fr\/produkt\/monster-joe-2-0\/#primaryimage"},"thumbnailUrl":"https:\/\/alt.thehookah.de\/wp-content\/uploads\/2018\/05\/6-2.jpg","datePublished":"2018-05-10T13:00:59+00:00","dateModified":"2024-04-16T15:23:37+00:00","description":"Monster JOE 2.0 - La pipe \u00e0 eau parfaite pour toi & chez toi. Enti\u00e8rement en acier inoxydable V2A, d'une qualit\u00e9 sup\u00e9rieure et livr\u00e9 dans un paquet ALL INCL !","breadcrumb":{"@id":"https:\/\/alt.thehookah.de\/fr\/produkt\/monster-joe-2-0\/#breadcrumb"},"inLanguage":"fr-FR","potentialAction":[{"@type":"ReadAction","target":["https:\/\/alt.thehookah.de\/fr\/produkt\/monster-joe-2-0\/"]}]},{"@type":"ImageObject","inLanguage":"fr-FR","@id":"https:\/\/alt.thehookah.de\/fr\/produkt\/monster-joe-2-0\/#primaryimage","url":"https:\/\/alt.thehookah.de\/wp-content\/uploads\/2018\/05\/6-2.jpg","contentUrl":"https:\/\/alt.thehookah.de\/wp-content\/uploads\/2018\/05\/6-2.jpg","width":2000,"height":2000,"caption":"Monster JOE 2.0 - THE HOOKAH"},{"@type":"BreadcrumbList","@id":"https:\/\/alt.thehookah.de\/fr\/produkt\/monster-joe-2-0\/#breadcrumb","itemListElement":[{"@type":"ListItem","position":1,"name":"Startseite","item":"https:\/\/alt.thehookah.de\/fr\/"},{"@type":"ListItem","position":2,"name":"Ta boutique en ligne HOOKAH","item":"https:\/\/alt.thehookah.de\/fr\/ta-boutique-en-ligne-hookah\/"},{"@type":"ListItem","position":3,"name":"Monster JOE 2.0"}]},{"@type":"WebSite","@id":"https:\/\/alt.thehookah.de\/fr\/#website","url":"https:\/\/alt.thehookah.de\/fr\/","name":"The Hookah","description":"","publisher":{"@id":"https:\/\/alt.thehookah.de\/fr\/#organization"},"potentialAction":[{"@type":"SearchAction","target":{"@type":"EntryPoint","urlTemplate":"https:\/\/alt.thehookah.de\/fr\/?s={search_term_string}"},"query-input":"required name=search_term_string"}],"inLanguage":"fr-FR"},{"@type":"Organization","@id":"https:\/\/alt.thehookah.de\/fr\/#organization","name":"The Hookah","url":"https:\/\/alt.thehookah.de\/fr\/","logo":{"@type":"ImageObject","inLanguage":"fr-FR","@id":"https:\/\/alt.thehookah.de\/fr\/#\/schema\/logo\/image\/","url":"https:\/\/alt.thehookah.de\/wp-content\/uploads\/2021\/02\/cropped-logo2.png","contentUrl":"https:\/\/alt.thehookah.de\/wp-content\/uploads\/2021\/02\/cropped-logo2.png","width":300,"height":86,"caption":"The Hookah"},"image":{"@id":"https:\/\/alt.thehookah.de\/fr\/#\/schema\/logo\/image\/"}}]},"og_availability":"out of stock","product_availability":"out of stock","product_retailer_item_id":"HOOKAH-JOE2","product_condition":"new"},"_links":{"self":[{"href":"https:\/\/alt.thehookah.de\/fr\/wp-json\/wp\/v2\/product\/620740"}],"collection":[{"href":"https:\/\/alt.thehookah.de\/fr\/wp-json\/wp\/v2\/product"}],"about":[{"href":"https:\/\/alt.thehookah.de\/fr\/wp-json\/wp\/v2\/types\/product"}],"replies":[{"embeddable":true,"href":"https:\/\/alt.thehookah.de\/fr\/wp-json\/wp\/v2\/comments?post=620740"}],"wp:featuredmedia":[{"embeddable":true,"href":"https:\/\/alt.thehookah.de\/fr\/wp-json\/wp\/v2\/media\/533075"}],"wp:attachment":[{"href":"https:\/\/alt.thehookah.de\/fr\/wp-json\/wp\/v2\/media?parent=620740"}],"wp:term":[{"taxonomy":"product_cat","embeddable":true,"href":"https:\/\/alt.thehookah.de\/fr\/wp-json\/wp\/v2\/product_cat?post=620740"},{"taxonomy":"product_tag","embeddable":true,"href":"https:\/\/alt.thehookah.de\/fr\/wp-json\/wp\/v2\/product_tag?post=620740"}],"curies":[{"name":"wp","href":"https:\/\/api.w.org\/{rel}","templated":true}]}}