{"id":620755,"date":"2018-05-10T15:00:18","date_gmt":"2018-05-10T13:00:18","guid":{"rendered":"https:\/\/www.thehookah.de\/produkt\/santanico\/"},"modified":"2023-11-26T20:10:50","modified_gmt":"2023-11-26T19:10:50","slug":"santanico","status":"publish","type":"product","link":"https:\/\/alt.thehookah.de\/fr\/produkt\/santanico\/","title":{"rendered":"SANTANICO"},"content":{"rendered":"<h2>SANTANICO<\/h2>\n<blockquote><p>&#8220;Je t&#8217;ai dit de te planter. Les plantes ne parlent pas. Si tu veux te faire bien voir de moi, assieds-toi tranquillement l\u00e0 et vois si tu peux prendre racine&#8221;. &#8211; From Dusk Till Dawn<\/p><\/blockquote>\n<p><strong>La shisha \/ hookah \/ pipe \u00e0 eau pour la maison !<\/strong><br \/>\nNotre magnifique et en m\u00eame temps s\u00e9duisante <strong>SANTANICO<\/strong> &#8211; Elle r\u00e9veille les d\u00e9mons en toi.<\/p>\n<h2>D\u00e9tails du produit<\/h2>\n<p>Hauteur totale (jusqu&#8217;au plateau de charbon de verre) env. 63 cm sans collecteur de molasse<br \/>\nHauteur totale (jusqu&#8217;au plateau de charbon de verre) env. 74 cm avec le pi\u00e8ge \u00e0 molasse<\/p>\n<ul>\n<li>Base en acier inoxydable V2A<\/li>\n<li>Syst\u00e8me de clic \u00e0 chambre ferm\u00e9e<\/li>\n<li>Assiette sp\u00e9ciale en verre (diam\u00e8tre env. 26 cm, mat\u00e9riau : verre borosilicat\u00e9)<\/li>\n<li>Robuste &amp; r\u00e9sistant<\/li>\n<li>R\u00e9sistant \u00e0 la chaleur<\/li>\n<li>SANTANICO Bowl (verre en cristal)<\/li>\n<\/ul>\n<p>&nbsp;<\/p>\n<div><span style=\"font-size: 12pt; color: #000000; background-color: #ffffff;\"><strong>Gr\u00e2ce \u00e0 notre nouveau &amp; tube plongeur en plusieurs parties en V2A, avec diffuseur d\u00e9vissable,<\/strong><\/span><\/div>\n<div><span style=\"font-size: 12pt;\"><strong><span style=\"color: #000000; background-color: #ffffff;\">vous pouvez maintenant d\u00e9terminer vous-m\u00eame la r\u00e9ponse de votre THE HOOKAH.<\/span><\/strong><\/span><\/div>\n<div><span style=\"font-size: 12pt; color: #000000; background-color: #ffffff;\">Dans la version courte, un comportement plus direct et dans la version longue, un comportement un peu plus indirect.<\/span><\/div>\n<div><span style=\"font-size: 12pt; color: #000000; background-color: #ffffff;\">Dans tous les cas, le diam\u00e8tre est dimensionn\u00e9 de mani\u00e8re \u00e0 ce que rien<\/span> <span style=\"font-size: 12pt; color: #000000; background-color: #ffffff;\">n&#8217;emp\u00eache une traction brutale.<\/span><\/div>\n<p>&nbsp;<\/p>\n<div style=\"position: relative; padding-top: 56.25%;\"><iframe style=\"position: absolute; top: 0; left: 0; width: 100%; height: 100%;\" src=\"https:\/\/www.youtube-nocookie.com\/embed\/nWsbIjlZWkk\" frameborder=\"0\" allowfullscreen=\"allowfullscreen\"><\/iframe><\/div>\n<p>&nbsp;<\/p>\n<h2>Contenu de la livraison<\/h2>\n<ul>\n<li>1 x chapeau de chemin\u00e9e<\/li>\n<li>1 x t\u00eate de lecture cinq trous<\/li>\n<li>1 x plaque de charbon de verre (extr\u00eame)<\/li>\n<li>1 x adaptateur de rodage de t\u00eate 18\/8<\/li>\n<li>1 x capteur de molasse en verre borosilicat\u00e9 18\/8<\/li>\n<li>1 x colonne de fum\u00e9e SANTANICO en acier inoxydable V2A<\/li>\n<li>1 x SANTANICO Base V2A acier inoxydable<\/li>\n<li>4 x manchons avec six pans creux<\/li>\n<li>4 x adaptateurs de tuyaux 18\/8<\/li>\n<li>4 x embouts 18\/8<\/li>\n<li>4 x boule en verre<\/li>\n<li>1 x tube plongeur en plusieurs parties V2A pouvant \u00eatre raccourci &amp; rallong\u00e9<\/li>\n<li>1 x diffuseur d\u00e9vissable<\/li>\n<li>1 x ressort de protection contre le pliage<\/li>\n<li>1 x tuyau en silicone noir mat<\/li>\n<li>1 x embout buccal &#8211; THE HOOKAH<\/li>\n<li>1 x pince<\/li>\n<li>1 x SANTANICO Bowl<\/li>\n<li>4 x porte-tuyaux en acier inoxydable<\/li>\n<\/ul>\n","protected":false},"excerpt":{"rendered":"<p>Notre <b>SANTANICO<\/b><span class=\"hiddenSpellError\"> &#8211;<\/span> Elle r\u00e9veille le d\u00e9mon qui est en toi.<br \/>\nEnti\u00e8rement en acier inoxydable V2A, d&#8217;une qualit\u00e9 sup\u00e9rieure et livr\u00e9 dans un paquet ALL INCL.<\/p>\n","protected":false},"featured_media":533055,"comment_status":"open","ping_status":"closed","template":"","meta":[],"product_cat":[314,321,329],"product_tag":[392,524,391,390,393],"yoast_head":"<!-- This site is optimized with the Yoast SEO plugin v22.5 - https:\/\/yoast.com\/wordpress\/plugins\/seo\/ -->\n<title>SANTANICO Shisha\/pipe \u00e0 eau | elle r\u00e9veille les d\u00e9mons en toi<\/title>\n<meta name=\"description\" content=\"Notre magnifique et en m\u00eame temps s\u00e9duisante shisha\/pipe \u00e0 eau SANTANICO - Elle r\u00e9veille les d\u00e9mons en toi. Enti\u00e8rement en acier inoxydable V2A, de qualit\u00e9 sup\u00e9rieure !\" \/>\n<meta name=\"robots\" content=\"index, follow, max-snippet:-1, max-image-preview:large, max-video-preview:-1\" \/>\n<link rel=\"canonical\" href=\"https:\/\/alt.thehookah.de\/fr\/produkt\/santanico\/\" \/>\n<meta property=\"og:locale\" content=\"fr_FR\" \/>\n<meta property=\"og:type\" content=\"article\" \/>\n<meta property=\"og:title\" content=\"SANTANICO Shisha\/pipe \u00e0 eau | elle r\u00e9veille les d\u00e9mons en toi\" \/>\n<meta property=\"og:description\" content=\"Notre magnifique et en m\u00eame temps s\u00e9duisante shisha\/pipe \u00e0 eau SANTANICO - Elle r\u00e9veille les d\u00e9mons en toi. Enti\u00e8rement en acier inoxydable V2A, de qualit\u00e9 sup\u00e9rieure !\" \/>\n<meta property=\"og:url\" content=\"https:\/\/alt.thehookah.de\/fr\/produkt\/santanico\/\" \/>\n<meta property=\"og:site_name\" content=\"The Hookah\" \/>\n<meta property=\"article:modified_time\" content=\"2023-11-26T19:10:50+00:00\" \/>\n<meta property=\"og:image\" content=\"https:\/\/alt.thehookah.de\/wp-content\/uploads\/2018\/05\/6.jpg\" \/>\n\t<meta property=\"og:image:width\" content=\"2000\" \/>\n\t<meta property=\"og:image:height\" content=\"2000\" \/>\n\t<meta property=\"og:image:type\" content=\"image\/jpeg\" \/>\n<meta name=\"twitter:card\" content=\"summary_large_image\" \/>\n<meta name=\"twitter:label1\" content=\"Disponibilit\u00e9\" \/>\n\t<meta name=\"twitter:data1\" content=\"En stock\" \/>\n<script type=\"application\/ld+json\" class=\"yoast-schema-graph\">{\"@context\":\"https:\/\/schema.org\",\"@graph\":[{\"@type\":\"WebPage\",\"@id\":\"https:\/\/alt.thehookah.de\/fr\/produkt\/santanico\/\",\"url\":\"https:\/\/alt.thehookah.de\/fr\/produkt\/santanico\/\",\"name\":\"SANTANICO Shisha\/pipe \u00e0 eau | elle r\u00e9veille les d\u00e9mons en toi\",\"isPartOf\":{\"@id\":\"https:\/\/alt.thehookah.de\/fr\/#website\"},\"primaryImageOfPage\":{\"@id\":\"https:\/\/alt.thehookah.de\/fr\/produkt\/santanico\/#primaryimage\"},\"image\":{\"@id\":\"https:\/\/alt.thehookah.de\/fr\/produkt\/santanico\/#primaryimage\"},\"thumbnailUrl\":\"https:\/\/alt.thehookah.de\/wp-content\/uploads\/2018\/05\/6.jpg\",\"datePublished\":\"2018-05-10T13:00:18+00:00\",\"dateModified\":\"2023-11-26T19:10:50+00:00\",\"description\":\"Notre magnifique et en m\u00eame temps s\u00e9duisante shisha\/pipe \u00e0 eau SANTANICO - Elle r\u00e9veille les d\u00e9mons en toi. Enti\u00e8rement en acier inoxydable V2A, de qualit\u00e9 sup\u00e9rieure !\",\"breadcrumb\":{\"@id\":\"https:\/\/alt.thehookah.de\/fr\/produkt\/santanico\/#breadcrumb\"},\"inLanguage\":\"fr-FR\",\"potentialAction\":[{\"@type\":\"ReadAction\",\"target\":[\"https:\/\/alt.thehookah.de\/fr\/produkt\/santanico\/\"]}]},{\"@type\":\"ImageObject\",\"inLanguage\":\"fr-FR\",\"@id\":\"https:\/\/alt.thehookah.de\/fr\/produkt\/santanico\/#primaryimage\",\"url\":\"https:\/\/alt.thehookah.de\/wp-content\/uploads\/2018\/05\/6.jpg\",\"contentUrl\":\"https:\/\/alt.thehookah.de\/wp-content\/uploads\/2018\/05\/6.jpg\",\"width\":2000,\"height\":2000,\"caption\":\"SANTANICO - THE HOOKAH\"},{\"@type\":\"BreadcrumbList\",\"@id\":\"https:\/\/alt.thehookah.de\/fr\/produkt\/santanico\/#breadcrumb\",\"itemListElement\":[{\"@type\":\"ListItem\",\"position\":1,\"name\":\"Startseite\",\"item\":\"https:\/\/alt.thehookah.de\/fr\/\"},{\"@type\":\"ListItem\",\"position\":2,\"name\":\"Ta boutique en ligne HOOKAH\",\"item\":\"https:\/\/alt.thehookah.de\/fr\/ta-boutique-en-ligne-hookah\/\"},{\"@type\":\"ListItem\",\"position\":3,\"name\":\"SANTANICO\"}]},{\"@type\":\"WebSite\",\"@id\":\"https:\/\/alt.thehookah.de\/fr\/#website\",\"url\":\"https:\/\/alt.thehookah.de\/fr\/\",\"name\":\"The Hookah\",\"description\":\"\",\"publisher\":{\"@id\":\"https:\/\/alt.thehookah.de\/fr\/#organization\"},\"potentialAction\":[{\"@type\":\"SearchAction\",\"target\":{\"@type\":\"EntryPoint\",\"urlTemplate\":\"https:\/\/alt.thehookah.de\/fr\/?s={search_term_string}\"},\"query-input\":\"required name=search_term_string\"}],\"inLanguage\":\"fr-FR\"},{\"@type\":\"Organization\",\"@id\":\"https:\/\/alt.thehookah.de\/fr\/#organization\",\"name\":\"The Hookah\",\"url\":\"https:\/\/alt.thehookah.de\/fr\/\",\"logo\":{\"@type\":\"ImageObject\",\"inLanguage\":\"fr-FR\",\"@id\":\"https:\/\/alt.thehookah.de\/fr\/#\/schema\/logo\/image\/\",\"url\":\"https:\/\/alt.thehookah.de\/wp-content\/uploads\/2021\/02\/cropped-logo2.png\",\"contentUrl\":\"https:\/\/alt.thehookah.de\/wp-content\/uploads\/2021\/02\/cropped-logo2.png\",\"width\":300,\"height\":86,\"caption\":\"The Hookah\"},\"image\":{\"@id\":\"https:\/\/alt.thehookah.de\/fr\/#\/schema\/logo\/image\/\"}}]}<\/script>\n<meta property=\"og:availability\" content=\"instock\" \/>\n<meta property=\"product:availability\" content=\"instock\" \/>\n<meta property=\"product:retailer_item_id\" content=\"HOOKAH-SI1\" \/>\n<meta property=\"product:condition\" content=\"new\" \/>\n<!-- \/ Yoast SEO plugin. -->","yoast_head_json":{"title":"SANTANICO Shisha\/pipe \u00e0 eau | elle r\u00e9veille les d\u00e9mons en toi","description":"Notre magnifique et en m\u00eame temps s\u00e9duisante shisha\/pipe \u00e0 eau SANTANICO - Elle r\u00e9veille les d\u00e9mons en toi. Enti\u00e8rement en acier inoxydable V2A, de qualit\u00e9 sup\u00e9rieure !","robots":{"index":"index","follow":"follow","max-snippet":"max-snippet:-1","max-image-preview":"max-image-preview:large","max-video-preview":"max-video-preview:-1"},"canonical":"https:\/\/alt.thehookah.de\/fr\/produkt\/santanico\/","og_locale":"fr_FR","og_type":"article","og_title":"SANTANICO Shisha\/pipe \u00e0 eau | elle r\u00e9veille les d\u00e9mons en toi","og_description":"Notre magnifique et en m\u00eame temps s\u00e9duisante shisha\/pipe \u00e0 eau SANTANICO - Elle r\u00e9veille les d\u00e9mons en toi. Enti\u00e8rement en acier inoxydable V2A, de qualit\u00e9 sup\u00e9rieure !","og_url":"https:\/\/alt.thehookah.de\/fr\/produkt\/santanico\/","og_site_name":"The Hookah","article_modified_time":"2023-11-26T19:10:50+00:00","og_image":[{"width":2000,"height":2000,"url":"https:\/\/alt.thehookah.de\/wp-content\/uploads\/2018\/05\/6.jpg","type":"image\/jpeg"}],"twitter_card":"summary_large_image","twitter_misc":{"Disponibilit\u00e9":"En stock"},"schema":{"@context":"https:\/\/schema.org","@graph":[{"@type":"WebPage","@id":"https:\/\/alt.thehookah.de\/fr\/produkt\/santanico\/","url":"https:\/\/alt.thehookah.de\/fr\/produkt\/santanico\/","name":"SANTANICO Shisha\/pipe \u00e0 eau | elle r\u00e9veille les d\u00e9mons en toi","isPartOf":{"@id":"https:\/\/alt.thehookah.de\/fr\/#website"},"primaryImageOfPage":{"@id":"https:\/\/alt.thehookah.de\/fr\/produkt\/santanico\/#primaryimage"},"image":{"@id":"https:\/\/alt.thehookah.de\/fr\/produkt\/santanico\/#primaryimage"},"thumbnailUrl":"https:\/\/alt.thehookah.de\/wp-content\/uploads\/2018\/05\/6.jpg","datePublished":"2018-05-10T13:00:18+00:00","dateModified":"2023-11-26T19:10:50+00:00","description":"Notre magnifique et en m\u00eame temps s\u00e9duisante shisha\/pipe \u00e0 eau SANTANICO - Elle r\u00e9veille les d\u00e9mons en toi. Enti\u00e8rement en acier inoxydable V2A, de qualit\u00e9 sup\u00e9rieure !","breadcrumb":{"@id":"https:\/\/alt.thehookah.de\/fr\/produkt\/santanico\/#breadcrumb"},"inLanguage":"fr-FR","potentialAction":[{"@type":"ReadAction","target":["https:\/\/alt.thehookah.de\/fr\/produkt\/santanico\/"]}]},{"@type":"ImageObject","inLanguage":"fr-FR","@id":"https:\/\/alt.thehookah.de\/fr\/produkt\/santanico\/#primaryimage","url":"https:\/\/alt.thehookah.de\/wp-content\/uploads\/2018\/05\/6.jpg","contentUrl":"https:\/\/alt.thehookah.de\/wp-content\/uploads\/2018\/05\/6.jpg","width":2000,"height":2000,"caption":"SANTANICO - THE HOOKAH"},{"@type":"BreadcrumbList","@id":"https:\/\/alt.thehookah.de\/fr\/produkt\/santanico\/#breadcrumb","itemListElement":[{"@type":"ListItem","position":1,"name":"Startseite","item":"https:\/\/alt.thehookah.de\/fr\/"},{"@type":"ListItem","position":2,"name":"Ta boutique en ligne HOOKAH","item":"https:\/\/alt.thehookah.de\/fr\/ta-boutique-en-ligne-hookah\/"},{"@type":"ListItem","position":3,"name":"SANTANICO"}]},{"@type":"WebSite","@id":"https:\/\/alt.thehookah.de\/fr\/#website","url":"https:\/\/alt.thehookah.de\/fr\/","name":"The Hookah","description":"","publisher":{"@id":"https:\/\/alt.thehookah.de\/fr\/#organization"},"potentialAction":[{"@type":"SearchAction","target":{"@type":"EntryPoint","urlTemplate":"https:\/\/alt.thehookah.de\/fr\/?s={search_term_string}"},"query-input":"required name=search_term_string"}],"inLanguage":"fr-FR"},{"@type":"Organization","@id":"https:\/\/alt.thehookah.de\/fr\/#organization","name":"The Hookah","url":"https:\/\/alt.thehookah.de\/fr\/","logo":{"@type":"ImageObject","inLanguage":"fr-FR","@id":"https:\/\/alt.thehookah.de\/fr\/#\/schema\/logo\/image\/","url":"https:\/\/alt.thehookah.de\/wp-content\/uploads\/2021\/02\/cropped-logo2.png","contentUrl":"https:\/\/alt.thehookah.de\/wp-content\/uploads\/2021\/02\/cropped-logo2.png","width":300,"height":86,"caption":"The Hookah"},"image":{"@id":"https:\/\/alt.thehookah.de\/fr\/#\/schema\/logo\/image\/"}}]},"og_availability":"instock","product_availability":"instock","product_retailer_item_id":"HOOKAH-SI1","product_condition":"new"},"_links":{"self":[{"href":"https:\/\/alt.thehookah.de\/fr\/wp-json\/wp\/v2\/product\/620755"}],"collection":[{"href":"https:\/\/alt.thehookah.de\/fr\/wp-json\/wp\/v2\/product"}],"about":[{"href":"https:\/\/alt.thehookah.de\/fr\/wp-json\/wp\/v2\/types\/product"}],"replies":[{"embeddable":true,"href":"https:\/\/alt.thehookah.de\/fr\/wp-json\/wp\/v2\/comments?post=620755"}],"wp:featuredmedia":[{"embeddable":true,"href":"https:\/\/alt.thehookah.de\/fr\/wp-json\/wp\/v2\/media\/533055"}],"wp:attachment":[{"href":"https:\/\/alt.thehookah.de\/fr\/wp-json\/wp\/v2\/media?parent=620755"}],"wp:term":[{"taxonomy":"product_cat","embeddable":true,"href":"https:\/\/alt.thehookah.de\/fr\/wp-json\/wp\/v2\/product_cat?post=620755"},{"taxonomy":"product_tag","embeddable":true,"href":"https:\/\/alt.thehookah.de\/fr\/wp-json\/wp\/v2\/product_tag?post=620755"}],"curies":[{"name":"wp","href":"https:\/\/api.w.org\/{rel}","templated":true}]}}