{"id":620871,"date":"2018-10-03T10:56:55","date_gmt":"2018-10-03T08:56:55","guid":{"rendered":"https:\/\/www.thehookah.de\/produkt\/tete-en-terre-cuite-avec-cheminee-acier-inoxydable-the-hookah\/"},"modified":"2018-10-03T10:56:55","modified_gmt":"2018-10-03T08:56:55","slug":"tete-en-terre-cuite-avec-cheminee-acier-inoxydable-the-hookah","status":"publish","type":"product","link":"https:\/\/alt.thehookah.de\/fr\/produkt\/tete-en-terre-cuite-avec-cheminee-acier-inoxydable-the-hookah\/","title":{"rendered":"T\u00eate en terre cuite avec chemin\u00e9e Acier inoxydable &#8211; THE HOOKAH"},"content":{"rendered":"<h2>T\u00eate d&#8217;argile avec <span class=\"a-size-large\">chemin\u00e9e <\/span> <\/h2>\n<h3 id=\"title\" class=\"a-size-large a-spacing-none\"><span id=\"productTitle\" class=\"a-size-large\">en acier inoxydable  <\/span><\/h3>\n<ul>\n<li>Avec poign\u00e9e en caoutchouc<\/li>\n<li>Mat\u00e9riau t\u00eate : argile naturelle, fait main<\/li>\n<li>Mat\u00e9riau de la chemin\u00e9e : acier inoxydable V2A<\/li>\n<\/ul>\n<h1 id=\"title\" class=\"a-size-large a-spacing-none\"><span id=\"productTitle\" class=\"a-size-large\"> <\/span><\/h1>\n","protected":false},"excerpt":{"rendered":"<p>T\u00eate de lecture avec chemin\u00e9e<\/p>\n","protected":false},"featured_media":539169,"comment_status":"open","ping_status":"closed","template":"","meta":[],"product_cat":[310,339],"product_tag":[373,574,575,572,573,372],"yoast_head":"<!-- This site is optimized with the Yoast SEO plugin v22.5 - https:\/\/yoast.com\/wordpress\/plugins\/seo\/ -->\n<title>T\u00eate en terre cuite avec embout de chemin\u00e9e Acier inoxydable | Shisha - Pipe \u00e0 eau - Hookah<\/title>\n<meta name=\"description\" content=\"T\u00eate en terre cuite avec chapeau de chemin\u00e9e en acier inoxydable -&gt; THE HOOKAH Set de t\u00eate de chemin\u00e9e, chapeau de chemin\u00e9e Premium V2A, t\u00eate en terre cuite faite \u00e0 la main en argile naturelle, \u00e0 acheter ici !\" \/>\n<meta name=\"robots\" content=\"index, follow, max-snippet:-1, max-image-preview:large, max-video-preview:-1\" \/>\n<link rel=\"canonical\" href=\"https:\/\/alt.thehookah.de\/fr\/produkt\/tete-en-terre-cuite-avec-cheminee-acier-inoxydable-the-hookah\/\" \/>\n<meta property=\"og:locale\" content=\"fr_FR\" \/>\n<meta property=\"og:type\" content=\"article\" \/>\n<meta property=\"og:title\" content=\"T\u00eate en terre cuite avec embout de chemin\u00e9e Acier inoxydable | Shisha - Pipe \u00e0 eau - Hookah\" \/>\n<meta property=\"og:description\" content=\"T\u00eate en terre cuite avec chapeau de chemin\u00e9e en acier inoxydable -&gt; THE HOOKAH Set de t\u00eate de chemin\u00e9e, chapeau de chemin\u00e9e Premium V2A, t\u00eate en terre cuite faite \u00e0 la main en argile naturelle, \u00e0 acheter ici !\" \/>\n<meta property=\"og:url\" content=\"https:\/\/alt.thehookah.de\/fr\/produkt\/tete-en-terre-cuite-avec-cheminee-acier-inoxydable-the-hookah\/\" \/>\n<meta property=\"og:site_name\" content=\"The Hookah\" \/>\n<meta property=\"og:image\" content=\"https:\/\/alt.thehookah.de\/wp-content\/uploads\/2018\/10\/tonkopf-3.jpg\" \/>\n\t<meta property=\"og:image:width\" content=\"2000\" \/>\n\t<meta property=\"og:image:height\" content=\"2000\" \/>\n\t<meta property=\"og:image:type\" content=\"image\/jpeg\" \/>\n<meta name=\"twitter:card\" content=\"summary_large_image\" \/>\n<meta name=\"twitter:label1\" content=\"Prix\" \/>\n\t<meta name=\"twitter:data1\" content=\"12,00&nbsp;&euro;\" \/>\n\t<meta name=\"twitter:label2\" content=\"Disponibilit\u00e9\" \/>\n\t<meta name=\"twitter:data2\" content=\"Rupture de stock\" \/>\n<script type=\"application\/ld+json\" class=\"yoast-schema-graph\">{\"@context\":\"https:\/\/schema.org\",\"@graph\":[{\"@type\":\"WebPage\",\"@id\":\"https:\/\/alt.thehookah.de\/fr\/produkt\/tete-en-terre-cuite-avec-cheminee-acier-inoxydable-the-hookah\/\",\"url\":\"https:\/\/alt.thehookah.de\/fr\/produkt\/tete-en-terre-cuite-avec-cheminee-acier-inoxydable-the-hookah\/\",\"name\":\"T\u00eate en terre cuite avec embout de chemin\u00e9e Acier inoxydable | Shisha - Pipe \u00e0 eau - Hookah\",\"isPartOf\":{\"@id\":\"https:\/\/alt.thehookah.de\/fr\/#website\"},\"primaryImageOfPage\":{\"@id\":\"https:\/\/alt.thehookah.de\/fr\/produkt\/tete-en-terre-cuite-avec-cheminee-acier-inoxydable-the-hookah\/#primaryimage\"},\"image\":{\"@id\":\"https:\/\/alt.thehookah.de\/fr\/produkt\/tete-en-terre-cuite-avec-cheminee-acier-inoxydable-the-hookah\/#primaryimage\"},\"thumbnailUrl\":\"https:\/\/alt.thehookah.de\/wp-content\/uploads\/2018\/10\/tonkopf-3.jpg\",\"datePublished\":\"2018-10-03T08:56:55+00:00\",\"dateModified\":\"2018-10-03T08:56:55+00:00\",\"description\":\"T\u00eate en terre cuite avec chapeau de chemin\u00e9e en acier inoxydable -> THE HOOKAH Set de t\u00eate de chemin\u00e9e, chapeau de chemin\u00e9e Premium V2A, t\u00eate en terre cuite faite \u00e0 la main en argile naturelle, \u00e0 acheter ici !\",\"breadcrumb\":{\"@id\":\"https:\/\/alt.thehookah.de\/fr\/produkt\/tete-en-terre-cuite-avec-cheminee-acier-inoxydable-the-hookah\/#breadcrumb\"},\"inLanguage\":\"fr-FR\",\"potentialAction\":[{\"@type\":\"ReadAction\",\"target\":[\"https:\/\/alt.thehookah.de\/fr\/produkt\/tete-en-terre-cuite-avec-cheminee-acier-inoxydable-the-hookah\/\"]}]},{\"@type\":\"ImageObject\",\"inLanguage\":\"fr-FR\",\"@id\":\"https:\/\/alt.thehookah.de\/fr\/produkt\/tete-en-terre-cuite-avec-cheminee-acier-inoxydable-the-hookah\/#primaryimage\",\"url\":\"https:\/\/alt.thehookah.de\/wp-content\/uploads\/2018\/10\/tonkopf-3.jpg\",\"contentUrl\":\"https:\/\/alt.thehookah.de\/wp-content\/uploads\/2018\/10\/tonkopf-3.jpg\",\"width\":2000,\"height\":2000,\"caption\":\"T\u00eate d'argile avec chemin\u00e9e - THE HOOKAH\"},{\"@type\":\"BreadcrumbList\",\"@id\":\"https:\/\/alt.thehookah.de\/fr\/produkt\/tete-en-terre-cuite-avec-cheminee-acier-inoxydable-the-hookah\/#breadcrumb\",\"itemListElement\":[{\"@type\":\"ListItem\",\"position\":1,\"name\":\"Startseite\",\"item\":\"https:\/\/alt.thehookah.de\/fr\/\"},{\"@type\":\"ListItem\",\"position\":2,\"name\":\"Ta boutique en ligne HOOKAH\",\"item\":\"https:\/\/alt.thehookah.de\/fr\/ta-boutique-en-ligne-hookah\/\"},{\"@type\":\"ListItem\",\"position\":3,\"name\":\"T\u00eate en terre cuite avec chemin\u00e9e Acier inoxydable &#8211; THE HOOKAH\"}]},{\"@type\":\"WebSite\",\"@id\":\"https:\/\/alt.thehookah.de\/fr\/#website\",\"url\":\"https:\/\/alt.thehookah.de\/fr\/\",\"name\":\"The Hookah\",\"description\":\"\",\"publisher\":{\"@id\":\"https:\/\/alt.thehookah.de\/fr\/#organization\"},\"potentialAction\":[{\"@type\":\"SearchAction\",\"target\":{\"@type\":\"EntryPoint\",\"urlTemplate\":\"https:\/\/alt.thehookah.de\/fr\/?s={search_term_string}\"},\"query-input\":\"required name=search_term_string\"}],\"inLanguage\":\"fr-FR\"},{\"@type\":\"Organization\",\"@id\":\"https:\/\/alt.thehookah.de\/fr\/#organization\",\"name\":\"The Hookah\",\"url\":\"https:\/\/alt.thehookah.de\/fr\/\",\"logo\":{\"@type\":\"ImageObject\",\"inLanguage\":\"fr-FR\",\"@id\":\"https:\/\/alt.thehookah.de\/fr\/#\/schema\/logo\/image\/\",\"url\":\"https:\/\/alt.thehookah.de\/wp-content\/uploads\/2021\/02\/cropped-logo2.png\",\"contentUrl\":\"https:\/\/alt.thehookah.de\/wp-content\/uploads\/2021\/02\/cropped-logo2.png\",\"width\":300,\"height\":86,\"caption\":\"The Hookah\"},\"image\":{\"@id\":\"https:\/\/alt.thehookah.de\/fr\/#\/schema\/logo\/image\/\"}}]}<\/script>\n<meta property=\"product:price:amount\" content=\"12.00\" \/>\n<meta property=\"product:price:currency\" content=\"EUR\" \/>\n<meta property=\"og:availability\" content=\"out of stock\" \/>\n<meta property=\"product:availability\" content=\"out of stock\" \/>\n<meta property=\"product:retailer_item_id\" content=\"TKS-1\" \/>\n<meta property=\"product:condition\" content=\"new\" \/>\n<!-- \/ Yoast SEO plugin. -->","yoast_head_json":{"title":"T\u00eate en terre cuite avec embout de chemin\u00e9e Acier inoxydable | Shisha - Pipe \u00e0 eau - Hookah","description":"T\u00eate en terre cuite avec chapeau de chemin\u00e9e en acier inoxydable -> THE HOOKAH Set de t\u00eate de chemin\u00e9e, chapeau de chemin\u00e9e Premium V2A, t\u00eate en terre cuite faite \u00e0 la main en argile naturelle, \u00e0 acheter ici !","robots":{"index":"index","follow":"follow","max-snippet":"max-snippet:-1","max-image-preview":"max-image-preview:large","max-video-preview":"max-video-preview:-1"},"canonical":"https:\/\/alt.thehookah.de\/fr\/produkt\/tete-en-terre-cuite-avec-cheminee-acier-inoxydable-the-hookah\/","og_locale":"fr_FR","og_type":"article","og_title":"T\u00eate en terre cuite avec embout de chemin\u00e9e Acier inoxydable | Shisha - Pipe \u00e0 eau - Hookah","og_description":"T\u00eate en terre cuite avec chapeau de chemin\u00e9e en acier inoxydable -> THE HOOKAH Set de t\u00eate de chemin\u00e9e, chapeau de chemin\u00e9e Premium V2A, t\u00eate en terre cuite faite \u00e0 la main en argile naturelle, \u00e0 acheter ici !","og_url":"https:\/\/alt.thehookah.de\/fr\/produkt\/tete-en-terre-cuite-avec-cheminee-acier-inoxydable-the-hookah\/","og_site_name":"The Hookah","og_image":[{"width":2000,"height":2000,"url":"https:\/\/alt.thehookah.de\/wp-content\/uploads\/2018\/10\/tonkopf-3.jpg","type":"image\/jpeg"}],"twitter_card":"summary_large_image","twitter_misc":{"Prix":"12,00&nbsp;&euro;","Disponibilit\u00e9":"Rupture de stock"},"schema":{"@context":"https:\/\/schema.org","@graph":[{"@type":"WebPage","@id":"https:\/\/alt.thehookah.de\/fr\/produkt\/tete-en-terre-cuite-avec-cheminee-acier-inoxydable-the-hookah\/","url":"https:\/\/alt.thehookah.de\/fr\/produkt\/tete-en-terre-cuite-avec-cheminee-acier-inoxydable-the-hookah\/","name":"T\u00eate en terre cuite avec embout de chemin\u00e9e Acier inoxydable | Shisha - Pipe \u00e0 eau - Hookah","isPartOf":{"@id":"https:\/\/alt.thehookah.de\/fr\/#website"},"primaryImageOfPage":{"@id":"https:\/\/alt.thehookah.de\/fr\/produkt\/tete-en-terre-cuite-avec-cheminee-acier-inoxydable-the-hookah\/#primaryimage"},"image":{"@id":"https:\/\/alt.thehookah.de\/fr\/produkt\/tete-en-terre-cuite-avec-cheminee-acier-inoxydable-the-hookah\/#primaryimage"},"thumbnailUrl":"https:\/\/alt.thehookah.de\/wp-content\/uploads\/2018\/10\/tonkopf-3.jpg","datePublished":"2018-10-03T08:56:55+00:00","dateModified":"2018-10-03T08:56:55+00:00","description":"T\u00eate en terre cuite avec chapeau de chemin\u00e9e en acier inoxydable -> THE HOOKAH Set de t\u00eate de chemin\u00e9e, chapeau de chemin\u00e9e Premium V2A, t\u00eate en terre cuite faite \u00e0 la main en argile naturelle, \u00e0 acheter ici !","breadcrumb":{"@id":"https:\/\/alt.thehookah.de\/fr\/produkt\/tete-en-terre-cuite-avec-cheminee-acier-inoxydable-the-hookah\/#breadcrumb"},"inLanguage":"fr-FR","potentialAction":[{"@type":"ReadAction","target":["https:\/\/alt.thehookah.de\/fr\/produkt\/tete-en-terre-cuite-avec-cheminee-acier-inoxydable-the-hookah\/"]}]},{"@type":"ImageObject","inLanguage":"fr-FR","@id":"https:\/\/alt.thehookah.de\/fr\/produkt\/tete-en-terre-cuite-avec-cheminee-acier-inoxydable-the-hookah\/#primaryimage","url":"https:\/\/alt.thehookah.de\/wp-content\/uploads\/2018\/10\/tonkopf-3.jpg","contentUrl":"https:\/\/alt.thehookah.de\/wp-content\/uploads\/2018\/10\/tonkopf-3.jpg","width":2000,"height":2000,"caption":"T\u00eate d'argile avec chemin\u00e9e - THE HOOKAH"},{"@type":"BreadcrumbList","@id":"https:\/\/alt.thehookah.de\/fr\/produkt\/tete-en-terre-cuite-avec-cheminee-acier-inoxydable-the-hookah\/#breadcrumb","itemListElement":[{"@type":"ListItem","position":1,"name":"Startseite","item":"https:\/\/alt.thehookah.de\/fr\/"},{"@type":"ListItem","position":2,"name":"Ta boutique en ligne HOOKAH","item":"https:\/\/alt.thehookah.de\/fr\/ta-boutique-en-ligne-hookah\/"},{"@type":"ListItem","position":3,"name":"T\u00eate en terre cuite avec chemin\u00e9e Acier inoxydable &#8211; THE HOOKAH"}]},{"@type":"WebSite","@id":"https:\/\/alt.thehookah.de\/fr\/#website","url":"https:\/\/alt.thehookah.de\/fr\/","name":"The Hookah","description":"","publisher":{"@id":"https:\/\/alt.thehookah.de\/fr\/#organization"},"potentialAction":[{"@type":"SearchAction","target":{"@type":"EntryPoint","urlTemplate":"https:\/\/alt.thehookah.de\/fr\/?s={search_term_string}"},"query-input":"required name=search_term_string"}],"inLanguage":"fr-FR"},{"@type":"Organization","@id":"https:\/\/alt.thehookah.de\/fr\/#organization","name":"The Hookah","url":"https:\/\/alt.thehookah.de\/fr\/","logo":{"@type":"ImageObject","inLanguage":"fr-FR","@id":"https:\/\/alt.thehookah.de\/fr\/#\/schema\/logo\/image\/","url":"https:\/\/alt.thehookah.de\/wp-content\/uploads\/2021\/02\/cropped-logo2.png","contentUrl":"https:\/\/alt.thehookah.de\/wp-content\/uploads\/2021\/02\/cropped-logo2.png","width":300,"height":86,"caption":"The Hookah"},"image":{"@id":"https:\/\/alt.thehookah.de\/fr\/#\/schema\/logo\/image\/"}}]},"product_price_amount":"12.00","product_price_currency":"EUR","og_availability":"out of stock","product_availability":"out of stock","product_retailer_item_id":"TKS-1","product_condition":"new"},"_links":{"self":[{"href":"https:\/\/alt.thehookah.de\/fr\/wp-json\/wp\/v2\/product\/620871"}],"collection":[{"href":"https:\/\/alt.thehookah.de\/fr\/wp-json\/wp\/v2\/product"}],"about":[{"href":"https:\/\/alt.thehookah.de\/fr\/wp-json\/wp\/v2\/types\/product"}],"replies":[{"embeddable":true,"href":"https:\/\/alt.thehookah.de\/fr\/wp-json\/wp\/v2\/comments?post=620871"}],"wp:featuredmedia":[{"embeddable":true,"href":"https:\/\/alt.thehookah.de\/fr\/wp-json\/wp\/v2\/media\/539169"}],"wp:attachment":[{"href":"https:\/\/alt.thehookah.de\/fr\/wp-json\/wp\/v2\/media?parent=620871"}],"wp:term":[{"taxonomy":"product_cat","embeddable":true,"href":"https:\/\/alt.thehookah.de\/fr\/wp-json\/wp\/v2\/product_cat?post=620871"},{"taxonomy":"product_tag","embeddable":true,"href":"https:\/\/alt.thehookah.de\/fr\/wp-json\/wp\/v2\/product_tag?post=620871"}],"curies":[{"name":"wp","href":"https:\/\/api.w.org\/{rel}","templated":true}]}}