{"id":620922,"date":"2018-10-09T13:24:34","date_gmt":"2018-10-09T11:24:34","guid":{"rendered":"https:\/\/www.thehookah.de\/produkt\/energie-the-hookah\/"},"modified":"2018-10-09T13:24:34","modified_gmt":"2018-10-09T11:24:34","slug":"energie-the-hookah","status":"publish","type":"product","link":"https:\/\/alt.thehookah.de\/fr\/produkt\/energie-the-hookah\/","title":{"rendered":"\u00c9nergie &#8211; THE HOOKAH"},"content":{"rendered":"<p>Disponible d\u00e8s maintenant ! Ton coup de fra\u00eecheur pour les longues soir\u00e9es de shisha.<\/p>\n<h2>THE HOOKAH &#8211; \u00c9nergie<\/h2>\n<p>Boisson rafra\u00eechissante contenant de la caf\u00e9ine et 51% de produit laitier. Teneur accrue en caf\u00e9ine (30 mg\/100 ml).<br \/>\nD\u00e9conseill\u00e9 aux enfants et aux femmes enceintes ou allaitantes. 4 vitamines ajout\u00e9es.<\/p>\n<h2>D\u00e9tails<\/h2>\n<ul>\n<li>NON CONSIGN\u00c9 &#8211; PASTEURIS\u00c9 &#8211; SANS ALCOOL<\/li>\n<li>1 bo\u00eete : 250 ml de Slim Can<\/li>\n<li>Pays de mise en bouteille : Allemagne<\/li>\n<\/ul>\n<p>&nbsp;<\/p>\n<pre>Hinweis: Die abgebildete Base bzw. das abgebildete Zubeh\u00f6r geh\u00f6rt nicht zum Lieferumfang.<\/pre>\n<p>&nbsp;<\/p>\n<h2>Ingr\u00e9dients<\/h2>\n<p>TRAITEMENT DE MOLKEN (51%), eau, sucre, dextrose, acidifiant acide citrique, acide carbonique, correcteur d&#8217;acidit\u00e9 citrates de sodium, caf\u00e9ine, taurine (0,03%), colorants E150c et E101, ar\u00f4me, niacine, acide pantoth\u00e9nique, vitamine B6, vitamine B12. Gaz\u00e9ifi\u00e9.<\/p>\n<h2>Tableau des valeurs nutritives<\/h2>\n<table>\n<tbody>\n<tr>\n<td colspan=\"2\"><b>Valeurs nutritives moyennes pour 100 ml<\/b><\/td>\n<\/tr>\n<tr>\n<td>Valeur \u00e9nerg\u00e9tique<\/td>\n<td>202 kJ (47,4 kcal)<\/td>\n<\/tr>\n<tr>\n<td>Graisse<\/td>\n<td>0 g<\/td>\n<\/tr>\n<tr>\n<td><em>&#8211; dont acides gras satur\u00e9s<\/em><\/td>\n<td>0 g<\/td>\n<\/tr>\n<tr>\n<td>Glucides<\/td>\n<td>11,0 g<\/td>\n<\/tr>\n<tr>\n<td><em>&#8211; dont sucre<\/em><\/td>\n<td>11,0 g<\/td>\n<\/tr>\n<tr>\n<td>Prot\u00e9ines<\/td>\n<td>0,39 g<\/td>\n<\/tr>\n<tr>\n<td>Sel<\/td>\n<td>0,273 g<\/td>\n<\/tr>\n<tr>\n<td colspan=\"2\"><b>Vitamines par 100 ml<\/b><\/td>\n<\/tr>\n<tr>\n<td>Niacine<\/td>\n<td>7,92 mg \/ *49,5<\/td>\n<\/tr>\n<tr>\n<td>Acide pantoth\u00e9nique<\/td>\n<td>1,98 mg \/ *33,0%<\/td>\n<\/tr>\n<tr>\n<td>Vitamine B6<\/td>\n<td>2,0 mg \/ *142,0%<\/td>\n<\/tr>\n<tr>\n<td>Vitamine B12<\/td>\n<td>2 \u00b5g \/ *80,0%<\/td>\n<\/tr>\n<tr>\n<td colspan=\"2\"><em>*NRV : Apports nutritionnels journaliers recommand\u00e9s<\/em><\/td>\n<\/tr>\n<\/tbody>\n<\/table>\n","protected":false},"excerpt":{"rendered":"<p>The Hookah Energy &#8211; Ton coup de fouet pour les longues soir\u00e9es de shisha !<\/p>\n","protected":false},"featured_media":539447,"comment_status":"open","ping_status":"closed","template":"","meta":[],"product_cat":[316],"product_tag":[584,451,372,585],"yoast_head":"<!-- This site is optimized with the Yoast SEO plugin v22.5 - https:\/\/yoast.com\/wordpress\/plugins\/seo\/ -->\n<title>THE HOOKAH - Energy | Ton coup de fra\u00eecheur pour les longues soir\u00e9es de chicha<\/title>\n<meta name=\"description\" content=\"THE HOOKAH - Energy : boisson rafra\u00eechissante contenant de la caf\u00e9ine et 51% de produit laitier. Teneur accrue en caf\u00e9ine (30 mg\/100 ml), cliquez ici pour le produit !\" \/>\n<meta name=\"robots\" content=\"index, follow, max-snippet:-1, max-image-preview:large, max-video-preview:-1\" \/>\n<link rel=\"canonical\" href=\"https:\/\/alt.thehookah.de\/fr\/produkt\/energie-the-hookah\/\" \/>\n<meta property=\"og:locale\" content=\"fr_FR\" \/>\n<meta property=\"og:type\" content=\"article\" \/>\n<meta property=\"og:title\" content=\"THE HOOKAH - Energy | Ton coup de fra\u00eecheur pour les longues soir\u00e9es de chicha\" \/>\n<meta property=\"og:description\" content=\"THE HOOKAH - Energy : boisson rafra\u00eechissante contenant de la caf\u00e9ine et 51% de produit laitier. Teneur accrue en caf\u00e9ine (30 mg\/100 ml), cliquez ici pour le produit !\" \/>\n<meta property=\"og:url\" content=\"https:\/\/alt.thehookah.de\/fr\/produkt\/energie-the-hookah\/\" \/>\n<meta property=\"og:site_name\" content=\"The Hookah\" \/>\n<meta property=\"og:image\" content=\"https:\/\/alt.thehookah.de\/wp-content\/uploads\/2018\/10\/thehookah-energy-1.jpg\" \/>\n\t<meta property=\"og:image:width\" content=\"2000\" \/>\n\t<meta property=\"og:image:height\" content=\"2000\" \/>\n\t<meta property=\"og:image:type\" content=\"image\/jpeg\" \/>\n<meta name=\"twitter:card\" content=\"summary_large_image\" \/>\n<meta name=\"twitter:label1\" content=\"Prix\" \/>\n\t<meta name=\"twitter:data1\" content=\"2,22&nbsp;&euro;\" \/>\n\t<meta name=\"twitter:label2\" content=\"Disponibilit\u00e9\" \/>\n\t<meta name=\"twitter:data2\" content=\"Rupture de stock\" \/>\n<script type=\"application\/ld+json\" class=\"yoast-schema-graph\">{\"@context\":\"https:\/\/schema.org\",\"@graph\":[{\"@type\":\"WebPage\",\"@id\":\"https:\/\/alt.thehookah.de\/fr\/produkt\/energie-the-hookah\/\",\"url\":\"https:\/\/alt.thehookah.de\/fr\/produkt\/energie-the-hookah\/\",\"name\":\"THE HOOKAH - Energy | Ton coup de fra\u00eecheur pour les longues soir\u00e9es de chicha\",\"isPartOf\":{\"@id\":\"https:\/\/alt.thehookah.de\/fr\/#website\"},\"primaryImageOfPage\":{\"@id\":\"https:\/\/alt.thehookah.de\/fr\/produkt\/energie-the-hookah\/#primaryimage\"},\"image\":{\"@id\":\"https:\/\/alt.thehookah.de\/fr\/produkt\/energie-the-hookah\/#primaryimage\"},\"thumbnailUrl\":\"https:\/\/alt.thehookah.de\/wp-content\/uploads\/2018\/10\/thehookah-energy-1.jpg\",\"datePublished\":\"2018-10-09T11:24:34+00:00\",\"dateModified\":\"2018-10-09T11:24:34+00:00\",\"description\":\"THE HOOKAH - Energy : boisson rafra\u00eechissante contenant de la caf\u00e9ine et 51% de produit laitier. Teneur accrue en caf\u00e9ine (30 mg\/100 ml), cliquez ici pour le produit !\",\"breadcrumb\":{\"@id\":\"https:\/\/alt.thehookah.de\/fr\/produkt\/energie-the-hookah\/#breadcrumb\"},\"inLanguage\":\"fr-FR\",\"potentialAction\":[{\"@type\":\"ReadAction\",\"target\":[\"https:\/\/alt.thehookah.de\/fr\/produkt\/energie-the-hookah\/\"]}]},{\"@type\":\"ImageObject\",\"inLanguage\":\"fr-FR\",\"@id\":\"https:\/\/alt.thehookah.de\/fr\/produkt\/energie-the-hookah\/#primaryimage\",\"url\":\"https:\/\/alt.thehookah.de\/wp-content\/uploads\/2018\/10\/thehookah-energy-1.jpg\",\"contentUrl\":\"https:\/\/alt.thehookah.de\/wp-content\/uploads\/2018\/10\/thehookah-energy-1.jpg\",\"width\":2000,\"height\":2000,\"caption\":\"\u00c9nergie - THE HOOKAH\"},{\"@type\":\"BreadcrumbList\",\"@id\":\"https:\/\/alt.thehookah.de\/fr\/produkt\/energie-the-hookah\/#breadcrumb\",\"itemListElement\":[{\"@type\":\"ListItem\",\"position\":1,\"name\":\"Startseite\",\"item\":\"https:\/\/alt.thehookah.de\/fr\/\"},{\"@type\":\"ListItem\",\"position\":2,\"name\":\"Ta boutique en ligne HOOKAH\",\"item\":\"https:\/\/alt.thehookah.de\/fr\/ta-boutique-en-ligne-hookah\/\"},{\"@type\":\"ListItem\",\"position\":3,\"name\":\"\u00c9nergie &#8211; THE HOOKAH\"}]},{\"@type\":\"WebSite\",\"@id\":\"https:\/\/alt.thehookah.de\/fr\/#website\",\"url\":\"https:\/\/alt.thehookah.de\/fr\/\",\"name\":\"The Hookah\",\"description\":\"\",\"publisher\":{\"@id\":\"https:\/\/alt.thehookah.de\/fr\/#organization\"},\"potentialAction\":[{\"@type\":\"SearchAction\",\"target\":{\"@type\":\"EntryPoint\",\"urlTemplate\":\"https:\/\/alt.thehookah.de\/fr\/?s={search_term_string}\"},\"query-input\":\"required name=search_term_string\"}],\"inLanguage\":\"fr-FR\"},{\"@type\":\"Organization\",\"@id\":\"https:\/\/alt.thehookah.de\/fr\/#organization\",\"name\":\"The Hookah\",\"url\":\"https:\/\/alt.thehookah.de\/fr\/\",\"logo\":{\"@type\":\"ImageObject\",\"inLanguage\":\"fr-FR\",\"@id\":\"https:\/\/alt.thehookah.de\/fr\/#\/schema\/logo\/image\/\",\"url\":\"https:\/\/alt.thehookah.de\/wp-content\/uploads\/2021\/02\/cropped-logo2.png\",\"contentUrl\":\"https:\/\/alt.thehookah.de\/wp-content\/uploads\/2021\/02\/cropped-logo2.png\",\"width\":300,\"height\":86,\"caption\":\"The Hookah\"},\"image\":{\"@id\":\"https:\/\/alt.thehookah.de\/fr\/#\/schema\/logo\/image\/\"}}]}<\/script>\n<meta property=\"product:price:amount\" content=\"2.22\" \/>\n<meta property=\"product:price:currency\" content=\"EUR\" \/>\n<meta property=\"og:availability\" content=\"out of stock\" \/>\n<meta property=\"product:availability\" content=\"out of stock\" \/>\n<meta property=\"product:retailer_item_id\" content=\"TH-Energy\" \/>\n<meta property=\"product:condition\" content=\"new\" \/>\n<!-- \/ Yoast SEO plugin. -->","yoast_head_json":{"title":"THE HOOKAH - Energy | Ton coup de fra\u00eecheur pour les longues soir\u00e9es de chicha","description":"THE HOOKAH - Energy : boisson rafra\u00eechissante contenant de la caf\u00e9ine et 51% de produit laitier. Teneur accrue en caf\u00e9ine (30 mg\/100 ml), cliquez ici pour le produit !","robots":{"index":"index","follow":"follow","max-snippet":"max-snippet:-1","max-image-preview":"max-image-preview:large","max-video-preview":"max-video-preview:-1"},"canonical":"https:\/\/alt.thehookah.de\/fr\/produkt\/energie-the-hookah\/","og_locale":"fr_FR","og_type":"article","og_title":"THE HOOKAH - Energy | Ton coup de fra\u00eecheur pour les longues soir\u00e9es de chicha","og_description":"THE HOOKAH - Energy : boisson rafra\u00eechissante contenant de la caf\u00e9ine et 51% de produit laitier. Teneur accrue en caf\u00e9ine (30 mg\/100 ml), cliquez ici pour le produit !","og_url":"https:\/\/alt.thehookah.de\/fr\/produkt\/energie-the-hookah\/","og_site_name":"The Hookah","og_image":[{"width":2000,"height":2000,"url":"https:\/\/alt.thehookah.de\/wp-content\/uploads\/2018\/10\/thehookah-energy-1.jpg","type":"image\/jpeg"}],"twitter_card":"summary_large_image","twitter_misc":{"Prix":"2,22&nbsp;&euro;","Disponibilit\u00e9":"Rupture de stock"},"schema":{"@context":"https:\/\/schema.org","@graph":[{"@type":"WebPage","@id":"https:\/\/alt.thehookah.de\/fr\/produkt\/energie-the-hookah\/","url":"https:\/\/alt.thehookah.de\/fr\/produkt\/energie-the-hookah\/","name":"THE HOOKAH - Energy | Ton coup de fra\u00eecheur pour les longues soir\u00e9es de chicha","isPartOf":{"@id":"https:\/\/alt.thehookah.de\/fr\/#website"},"primaryImageOfPage":{"@id":"https:\/\/alt.thehookah.de\/fr\/produkt\/energie-the-hookah\/#primaryimage"},"image":{"@id":"https:\/\/alt.thehookah.de\/fr\/produkt\/energie-the-hookah\/#primaryimage"},"thumbnailUrl":"https:\/\/alt.thehookah.de\/wp-content\/uploads\/2018\/10\/thehookah-energy-1.jpg","datePublished":"2018-10-09T11:24:34+00:00","dateModified":"2018-10-09T11:24:34+00:00","description":"THE HOOKAH - Energy : boisson rafra\u00eechissante contenant de la caf\u00e9ine et 51% de produit laitier. Teneur accrue en caf\u00e9ine (30 mg\/100 ml), cliquez ici pour le produit !","breadcrumb":{"@id":"https:\/\/alt.thehookah.de\/fr\/produkt\/energie-the-hookah\/#breadcrumb"},"inLanguage":"fr-FR","potentialAction":[{"@type":"ReadAction","target":["https:\/\/alt.thehookah.de\/fr\/produkt\/energie-the-hookah\/"]}]},{"@type":"ImageObject","inLanguage":"fr-FR","@id":"https:\/\/alt.thehookah.de\/fr\/produkt\/energie-the-hookah\/#primaryimage","url":"https:\/\/alt.thehookah.de\/wp-content\/uploads\/2018\/10\/thehookah-energy-1.jpg","contentUrl":"https:\/\/alt.thehookah.de\/wp-content\/uploads\/2018\/10\/thehookah-energy-1.jpg","width":2000,"height":2000,"caption":"\u00c9nergie - THE HOOKAH"},{"@type":"BreadcrumbList","@id":"https:\/\/alt.thehookah.de\/fr\/produkt\/energie-the-hookah\/#breadcrumb","itemListElement":[{"@type":"ListItem","position":1,"name":"Startseite","item":"https:\/\/alt.thehookah.de\/fr\/"},{"@type":"ListItem","position":2,"name":"Ta boutique en ligne HOOKAH","item":"https:\/\/alt.thehookah.de\/fr\/ta-boutique-en-ligne-hookah\/"},{"@type":"ListItem","position":3,"name":"\u00c9nergie &#8211; THE HOOKAH"}]},{"@type":"WebSite","@id":"https:\/\/alt.thehookah.de\/fr\/#website","url":"https:\/\/alt.thehookah.de\/fr\/","name":"The Hookah","description":"","publisher":{"@id":"https:\/\/alt.thehookah.de\/fr\/#organization"},"potentialAction":[{"@type":"SearchAction","target":{"@type":"EntryPoint","urlTemplate":"https:\/\/alt.thehookah.de\/fr\/?s={search_term_string}"},"query-input":"required name=search_term_string"}],"inLanguage":"fr-FR"},{"@type":"Organization","@id":"https:\/\/alt.thehookah.de\/fr\/#organization","name":"The Hookah","url":"https:\/\/alt.thehookah.de\/fr\/","logo":{"@type":"ImageObject","inLanguage":"fr-FR","@id":"https:\/\/alt.thehookah.de\/fr\/#\/schema\/logo\/image\/","url":"https:\/\/alt.thehookah.de\/wp-content\/uploads\/2021\/02\/cropped-logo2.png","contentUrl":"https:\/\/alt.thehookah.de\/wp-content\/uploads\/2021\/02\/cropped-logo2.png","width":300,"height":86,"caption":"The Hookah"},"image":{"@id":"https:\/\/alt.thehookah.de\/fr\/#\/schema\/logo\/image\/"}}]},"product_price_amount":"2.22","product_price_currency":"EUR","og_availability":"out of stock","product_availability":"out of stock","product_retailer_item_id":"TH-Energy","product_condition":"new"},"_links":{"self":[{"href":"https:\/\/alt.thehookah.de\/fr\/wp-json\/wp\/v2\/product\/620922"}],"collection":[{"href":"https:\/\/alt.thehookah.de\/fr\/wp-json\/wp\/v2\/product"}],"about":[{"href":"https:\/\/alt.thehookah.de\/fr\/wp-json\/wp\/v2\/types\/product"}],"replies":[{"embeddable":true,"href":"https:\/\/alt.thehookah.de\/fr\/wp-json\/wp\/v2\/comments?post=620922"}],"wp:featuredmedia":[{"embeddable":true,"href":"https:\/\/alt.thehookah.de\/fr\/wp-json\/wp\/v2\/media\/539447"}],"wp:attachment":[{"href":"https:\/\/alt.thehookah.de\/fr\/wp-json\/wp\/v2\/media?parent=620922"}],"wp:term":[{"taxonomy":"product_cat","embeddable":true,"href":"https:\/\/alt.thehookah.de\/fr\/wp-json\/wp\/v2\/product_cat?post=620922"},{"taxonomy":"product_tag","embeddable":true,"href":"https:\/\/alt.thehookah.de\/fr\/wp-json\/wp\/v2\/product_tag?post=620922"}],"curies":[{"name":"wp","href":"https:\/\/api.w.org\/{rel}","templated":true}]}}